{"id":1889,"date":"2023-01-12T16:38:51","date_gmt":"2023-01-12T16:38:51","guid":{"rendered":"http:\/\/old.saaremaazoo.ee\/?post_type=product&#038;p=1889"},"modified":"2024-06-25T12:01:00","modified_gmt":"2024-06-25T12:01:00","slug":"ninakarud-ruudi-ja-suusi-puur","status":"publish","type":"product","link":"https:\/\/old.saaremaazoo.ee\/en\/toode\/ninakarud-ruudi-ja-suusi-puur\/","title":{"rendered":"Ninakarude Ruudi ja Suusi puur."},"content":{"rendered":"","protected":false},"excerpt":{"rendered":"<p>Ruudi ja Suusi on l\u00f5busad ninakarud, kes jagavd 25m2 suurust puuri.  Ruudile ja Suusile meeldib terve pika p\u00e4eva oma puuris m\u00f6\u00f6da puid ringi turnida. Kui nad aga ronimisest t\u00fcdinevad, magavad nad kaisutades s\u00fcgavat und, et siis j\u00e4lle kiirelt m\u00e4ngima asuda. Kui nad just ei puhka, on nad k\u00fclastajaid n\u00e4hes v\u00e4ga \u00f5nnelikud ja soovivad k\u00f5igile k\u00f5ppa anda. Oma pika ninaga tunnevad nad v\u00e4ga h\u00e4sti erinevaid l\u00f5hnasid ja saavad juba kaugelt aru, millises praos v\u00f5i taskus m\u00f5ni hea pala peidus on. <\/p>\n","protected":false},"featured_media":1904,"comment_status":"open","ping_status":"closed","template":"","meta":{"_monsterinsights_skip_tracking":false,"_monsterinsights_sitenote_active":false,"_monsterinsights_sitenote_note":"","_monsterinsights_sitenote_category":0,"site-sidebar-layout":"default","site-content-layout":"default","ast-site-content-layout":"","site-content-style":"default","site-sidebar-style":"default","ast-global-header-display":"","ast-banner-title-visibility":"","ast-main-header-display":"","ast-hfb-above-header-display":"","ast-hfb-below-header-display":"","ast-hfb-mobile-header-display":"","site-post-title":"","ast-breadcrumbs-content":"","ast-featured-img":"","footer-sml-layout":"","theme-transparent-header-meta":"default","adv-header-id-meta":"","stick-header-meta":"","header-above-stick-meta":"","header-main-stick-meta":"","header-below-stick-meta":"","astra-migrate-meta-layouts":"default","ast-page-background-enabled":"default","ast-page-background-meta":{"desktop":{"background-color":"var(--ast-global-color-4)","background-image":"","background-repeat":"repeat","background-position":"center center","background-size":"auto","background-attachment":"scroll","background-type":"","background-media":"","overlay-type":"","overlay-color":"","overlay-opacity":"","overlay-gradient":""},"tablet":{"background-color":"","background-image":"","background-repeat":"repeat","background-position":"center center","background-size":"auto","background-attachment":"scroll","background-type":"","background-media":"","overlay-type":"","overlay-color":"","overlay-opacity":"","overlay-gradient":""},"mobile":{"background-color":"","background-image":"","background-repeat":"repeat","background-position":"center center","background-size":"auto","background-attachment":"scroll","background-type":"","background-media":"","overlay-type":"","overlay-color":"","overlay-opacity":"","overlay-gradient":""}},"ast-content-background-meta":{"desktop":{"background-color":"var(--ast-global-color-5)","background-image":"","background-repeat":"repeat","background-position":"center center","background-size":"auto","background-attachment":"scroll","background-type":"","background-media":"","overlay-type":"","overlay-color":"","overlay-opacity":"","overlay-gradient":""},"tablet":{"background-color":"var(--ast-global-color-5)","background-image":"","background-repeat":"repeat","background-position":"center center","background-size":"auto","background-attachment":"scroll","background-type":"","background-media":"","overlay-type":"","overlay-color":"","overlay-opacity":"","overlay-gradient":""},"mobile":{"background-color":"var(--ast-global-color-5)","background-image":"","background-repeat":"repeat","background-position":"center center","background-size":"auto","background-attachment":"scroll","background-type":"","background-media":"","overlay-type":"","overlay-color":"","overlay-opacity":"","overlay-gradient":""}}},"product_cat":[29],"product_tag":[],"class_list":{"0":"post-1889","1":"product","2":"type-product","3":"status-publish","4":"has-post-thumbnail","6":"product_cat-tukike-loomaaeda","7":"desktop-align-center","8":"tablet-align-left","9":"mobile-align-left","11":"first","12":"instock","13":"virtual","14":"taxable","15":"purchasable","16":"product-type-simple"},"yoast_head":"<!-- This site is optimized with the Yoast SEO plugin v23.8 - https:\/\/yoast.com\/wordpress\/plugins\/seo\/ -->\n<title>Ninakarude Ruudi ja Suusi puur. - Saaremaa Zoo<\/title>\n<meta name=\"robots\" content=\"noindex, follow, max-snippet:-1, max-image-preview:large, max-video-preview:-1\" \/>\n<meta property=\"og:locale\" content=\"en_US\" \/>\n<meta property=\"og:type\" content=\"article\" \/>\n<meta property=\"og:title\" content=\"Ninakarude Ruudi ja Suusi puur. - Saaremaa Zoo\" \/>\n<meta property=\"og:description\" content=\"Ruudi ja Suusi on l\u00f5busad ninakarud, kes jagavd 25m2 suurust puuri. Ruudile ja Suusile meeldib terve pika p\u00e4eva oma puuris m\u00f6\u00f6da puid ringi turnida. Kui nad aga ronimisest t\u00fcdinevad, magavad nad kaisutades s\u00fcgavat und, et siis j\u00e4lle kiirelt m\u00e4ngima asuda. Kui nad just ei puhka, on nad k\u00fclastajaid n\u00e4hes v\u00e4ga \u00f5nnelikud ja soovivad k\u00f5igile k\u00f5ppa anda. Oma pika ninaga tunnevad nad v\u00e4ga h\u00e4sti erinevaid l\u00f5hnasid ja saavad juba kaugelt aru, millises praos v\u00f5i taskus m\u00f5ni hea pala peidus on.\" \/>\n<meta property=\"og:url\" content=\"https:\/\/old.saaremaazoo.ee\/en\/toode\/ninakarud-ruudi-ja-suusi-puur\/\" \/>\n<meta property=\"og:site_name\" content=\"Saaremaa Zoo\" \/>\n<meta property=\"article:publisher\" content=\"https:\/\/www.facebook.com\/saaremaazoo\" \/>\n<meta property=\"article:modified_time\" content=\"2024-06-25T12:01:00+00:00\" \/>\n<meta property=\"og:image\" content=\"https:\/\/old.saaremaazoo.ee\/wp-content\/uploads\/2023\/01\/20221224_110348-scaled-e1673547429338.jpg\" \/>\n\t<meta property=\"og:image:width\" content=\"1919\" \/>\n\t<meta property=\"og:image:height\" content=\"1932\" \/>\n\t<meta property=\"og:image:type\" content=\"image\/jpeg\" \/>\n<meta name=\"twitter:card\" content=\"summary_large_image\" \/>\n<script type=\"application\/ld+json\" class=\"yoast-schema-graph\">{\"@context\":\"https:\/\/schema.org\",\"@graph\":[{\"@type\":\"WebPage\",\"@id\":\"https:\/\/old.saaremaazoo.ee\/en\/toode\/ninakarud-ruudi-ja-suusi-puur\/\",\"url\":\"https:\/\/old.saaremaazoo.ee\/en\/toode\/ninakarud-ruudi-ja-suusi-puur\/\",\"name\":\"Ninakarude Ruudi ja Suusi puur. - Saaremaa Zoo\",\"isPartOf\":{\"@id\":\"https:\/\/old.saaremaazoo.ee\/en\/#website\"},\"primaryImageOfPage\":{\"@id\":\"https:\/\/old.saaremaazoo.ee\/en\/toode\/ninakarud-ruudi-ja-suusi-puur\/#primaryimage\"},\"image\":{\"@id\":\"https:\/\/old.saaremaazoo.ee\/en\/toode\/ninakarud-ruudi-ja-suusi-puur\/#primaryimage\"},\"thumbnailUrl\":\"https:\/\/old.saaremaazoo.ee\/wp-content\/uploads\/2023\/01\/20221224_110348-scaled-e1673547429338.jpg\",\"datePublished\":\"2023-01-12T16:38:51+00:00\",\"dateModified\":\"2024-06-25T12:01:00+00:00\",\"breadcrumb\":{\"@id\":\"https:\/\/old.saaremaazoo.ee\/en\/toode\/ninakarud-ruudi-ja-suusi-puur\/#breadcrumb\"},\"inLanguage\":\"en-US\",\"potentialAction\":[{\"@type\":\"ReadAction\",\"target\":[\"https:\/\/old.saaremaazoo.ee\/en\/toode\/ninakarud-ruudi-ja-suusi-puur\/\"]}]},{\"@type\":\"ImageObject\",\"inLanguage\":\"en-US\",\"@id\":\"https:\/\/old.saaremaazoo.ee\/en\/toode\/ninakarud-ruudi-ja-suusi-puur\/#primaryimage\",\"url\":\"https:\/\/old.saaremaazoo.ee\/wp-content\/uploads\/2023\/01\/20221224_110348-scaled-e1673547429338.jpg\",\"contentUrl\":\"https:\/\/old.saaremaazoo.ee\/wp-content\/uploads\/2023\/01\/20221224_110348-scaled-e1673547429338.jpg\",\"width\":1919,\"height\":1932},{\"@type\":\"BreadcrumbList\",\"@id\":\"https:\/\/old.saaremaazoo.ee\/en\/toode\/ninakarud-ruudi-ja-suusi-puur\/#breadcrumb\",\"itemListElement\":[{\"@type\":\"ListItem\",\"position\":1,\"name\":\"Saaremaa loomaaed\",\"item\":\"https:\/\/old.saaremaazoo.ee\/en\/\"},{\"@type\":\"ListItem\",\"position\":2,\"name\":\"Shop\",\"item\":\"https:\/\/old.saaremaazoo.ee\/en\/shop-2\/\"},{\"@type\":\"ListItem\",\"position\":3,\"name\":\"Ninakarude Ruudi ja Suusi puur.\"}]},{\"@type\":\"WebSite\",\"@id\":\"https:\/\/old.saaremaazoo.ee\/en\/#website\",\"url\":\"https:\/\/old.saaremaazoo.ee\/en\/\",\"name\":\"Saaremaa Zoo\",\"description\":\"Esimene Saaremaa Loomaaed\",\"publisher\":{\"@id\":\"https:\/\/old.saaremaazoo.ee\/en\/#organization\"},\"potentialAction\":[{\"@type\":\"SearchAction\",\"target\":{\"@type\":\"EntryPoint\",\"urlTemplate\":\"https:\/\/old.saaremaazoo.ee\/en\/?s={search_term_string}\"},\"query-input\":{\"@type\":\"PropertyValueSpecification\",\"valueRequired\":true,\"valueName\":\"search_term_string\"}}],\"inLanguage\":\"en-US\"},{\"@type\":\"Organization\",\"@id\":\"https:\/\/old.saaremaazoo.ee\/en\/#organization\",\"name\":\"Saaremaa Loomaaed\",\"alternateName\":\"Saaremaa Zoo\",\"url\":\"https:\/\/old.saaremaazoo.ee\/en\/\",\"logo\":{\"@type\":\"ImageObject\",\"inLanguage\":\"en-US\",\"@id\":\"https:\/\/old.saaremaazoo.ee\/en\/#\/schema\/logo\/image\/\",\"url\":\"https:\/\/old.saaremaazoo.ee\/wp-content\/uploads\/2024\/11\/cropped-saaremaazoo_magnet_leemur__1__page-0001-removebg-preview.png\",\"contentUrl\":\"https:\/\/old.saaremaazoo.ee\/wp-content\/uploads\/2024\/11\/cropped-saaremaazoo_magnet_leemur__1__page-0001-removebg-preview.png\",\"width\":467,\"height\":325,\"caption\":\"Saaremaa Loomaaed\"},\"image\":{\"@id\":\"https:\/\/old.saaremaazoo.ee\/en\/#\/schema\/logo\/image\/\"},\"sameAs\":[\"https:\/\/www.facebook.com\/saaremaazoo\",\"https:\/\/www.instagram.com\/saaremaazoo\/\"]}]}<\/script>\n<!-- \/ Yoast SEO plugin. -->","yoast_head_json":{"title":"Ninakarude Ruudi ja Suusi puur. - Saaremaa Zoo","robots":{"index":"noindex","follow":"follow","max-snippet":"max-snippet:-1","max-image-preview":"max-image-preview:large","max-video-preview":"max-video-preview:-1"},"og_locale":"en_US","og_type":"article","og_title":"Ninakarude Ruudi ja Suusi puur. - Saaremaa Zoo","og_description":"Ruudi ja Suusi on l\u00f5busad ninakarud, kes jagavd 25m2 suurust puuri. Ruudile ja Suusile meeldib terve pika p\u00e4eva oma puuris m\u00f6\u00f6da puid ringi turnida. Kui nad aga ronimisest t\u00fcdinevad, magavad nad kaisutades s\u00fcgavat und, et siis j\u00e4lle kiirelt m\u00e4ngima asuda. Kui nad just ei puhka, on nad k\u00fclastajaid n\u00e4hes v\u00e4ga \u00f5nnelikud ja soovivad k\u00f5igile k\u00f5ppa anda. Oma pika ninaga tunnevad nad v\u00e4ga h\u00e4sti erinevaid l\u00f5hnasid ja saavad juba kaugelt aru, millises praos v\u00f5i taskus m\u00f5ni hea pala peidus on.","og_url":"https:\/\/old.saaremaazoo.ee\/en\/toode\/ninakarud-ruudi-ja-suusi-puur\/","og_site_name":"Saaremaa Zoo","article_publisher":"https:\/\/www.facebook.com\/saaremaazoo","article_modified_time":"2024-06-25T12:01:00+00:00","og_image":[{"width":1919,"height":1932,"url":"https:\/\/old.saaremaazoo.ee\/wp-content\/uploads\/2023\/01\/20221224_110348-scaled-e1673547429338.jpg","type":"image\/jpeg"}],"twitter_card":"summary_large_image","schema":{"@context":"https:\/\/schema.org","@graph":[{"@type":"WebPage","@id":"https:\/\/old.saaremaazoo.ee\/en\/toode\/ninakarud-ruudi-ja-suusi-puur\/","url":"https:\/\/old.saaremaazoo.ee\/en\/toode\/ninakarud-ruudi-ja-suusi-puur\/","name":"Ninakarude Ruudi ja Suusi puur. - Saaremaa Zoo","isPartOf":{"@id":"https:\/\/old.saaremaazoo.ee\/en\/#website"},"primaryImageOfPage":{"@id":"https:\/\/old.saaremaazoo.ee\/en\/toode\/ninakarud-ruudi-ja-suusi-puur\/#primaryimage"},"image":{"@id":"https:\/\/old.saaremaazoo.ee\/en\/toode\/ninakarud-ruudi-ja-suusi-puur\/#primaryimage"},"thumbnailUrl":"https:\/\/old.saaremaazoo.ee\/wp-content\/uploads\/2023\/01\/20221224_110348-scaled-e1673547429338.jpg","datePublished":"2023-01-12T16:38:51+00:00","dateModified":"2024-06-25T12:01:00+00:00","breadcrumb":{"@id":"https:\/\/old.saaremaazoo.ee\/en\/toode\/ninakarud-ruudi-ja-suusi-puur\/#breadcrumb"},"inLanguage":"en-US","potentialAction":[{"@type":"ReadAction","target":["https:\/\/old.saaremaazoo.ee\/en\/toode\/ninakarud-ruudi-ja-suusi-puur\/"]}]},{"@type":"ImageObject","inLanguage":"en-US","@id":"https:\/\/old.saaremaazoo.ee\/en\/toode\/ninakarud-ruudi-ja-suusi-puur\/#primaryimage","url":"https:\/\/old.saaremaazoo.ee\/wp-content\/uploads\/2023\/01\/20221224_110348-scaled-e1673547429338.jpg","contentUrl":"https:\/\/old.saaremaazoo.ee\/wp-content\/uploads\/2023\/01\/20221224_110348-scaled-e1673547429338.jpg","width":1919,"height":1932},{"@type":"BreadcrumbList","@id":"https:\/\/old.saaremaazoo.ee\/en\/toode\/ninakarud-ruudi-ja-suusi-puur\/#breadcrumb","itemListElement":[{"@type":"ListItem","position":1,"name":"Saaremaa loomaaed","item":"https:\/\/old.saaremaazoo.ee\/en\/"},{"@type":"ListItem","position":2,"name":"Shop","item":"https:\/\/old.saaremaazoo.ee\/en\/shop-2\/"},{"@type":"ListItem","position":3,"name":"Ninakarude Ruudi ja Suusi puur."}]},{"@type":"WebSite","@id":"https:\/\/old.saaremaazoo.ee\/en\/#website","url":"https:\/\/old.saaremaazoo.ee\/en\/","name":"Saaremaa Zoo","description":"Esimene Saaremaa Loomaaed","publisher":{"@id":"https:\/\/old.saaremaazoo.ee\/en\/#organization"},"potentialAction":[{"@type":"SearchAction","target":{"@type":"EntryPoint","urlTemplate":"https:\/\/old.saaremaazoo.ee\/en\/?s={search_term_string}"},"query-input":{"@type":"PropertyValueSpecification","valueRequired":true,"valueName":"search_term_string"}}],"inLanguage":"en-US"},{"@type":"Organization","@id":"https:\/\/old.saaremaazoo.ee\/en\/#organization","name":"Saaremaa Loomaaed","alternateName":"Saaremaa Zoo","url":"https:\/\/old.saaremaazoo.ee\/en\/","logo":{"@type":"ImageObject","inLanguage":"en-US","@id":"https:\/\/old.saaremaazoo.ee\/en\/#\/schema\/logo\/image\/","url":"https:\/\/old.saaremaazoo.ee\/wp-content\/uploads\/2024\/11\/cropped-saaremaazoo_magnet_leemur__1__page-0001-removebg-preview.png","contentUrl":"https:\/\/old.saaremaazoo.ee\/wp-content\/uploads\/2024\/11\/cropped-saaremaazoo_magnet_leemur__1__page-0001-removebg-preview.png","width":467,"height":325,"caption":"Saaremaa Loomaaed"},"image":{"@id":"https:\/\/old.saaremaazoo.ee\/en\/#\/schema\/logo\/image\/"},"sameAs":["https:\/\/www.facebook.com\/saaremaazoo","https:\/\/www.instagram.com\/saaremaazoo\/"]}]}},"_links":{"self":[{"href":"https:\/\/old.saaremaazoo.ee\/en\/wp-json\/wp\/v2\/product\/1889","targetHints":{"allow":["GET"]}}],"collection":[{"href":"https:\/\/old.saaremaazoo.ee\/en\/wp-json\/wp\/v2\/product"}],"about":[{"href":"https:\/\/old.saaremaazoo.ee\/en\/wp-json\/wp\/v2\/types\/product"}],"replies":[{"embeddable":true,"href":"https:\/\/old.saaremaazoo.ee\/en\/wp-json\/wp\/v2\/comments?post=1889"}],"version-history":[{"count":3,"href":"https:\/\/old.saaremaazoo.ee\/en\/wp-json\/wp\/v2\/product\/1889\/revisions"}],"predecessor-version":[{"id":1893,"href":"https:\/\/old.saaremaazoo.ee\/en\/wp-json\/wp\/v2\/product\/1889\/revisions\/1893"}],"wp:featuredmedia":[{"embeddable":true,"href":"https:\/\/old.saaremaazoo.ee\/en\/wp-json\/wp\/v2\/media\/1904"}],"wp:attachment":[{"href":"https:\/\/old.saaremaazoo.ee\/en\/wp-json\/wp\/v2\/media?parent=1889"}],"wp:term":[{"taxonomy":"product_cat","embeddable":true,"href":"https:\/\/old.saaremaazoo.ee\/en\/wp-json\/wp\/v2\/product_cat?post=1889"},{"taxonomy":"product_tag","embeddable":true,"href":"https:\/\/old.saaremaazoo.ee\/en\/wp-json\/wp\/v2\/product_tag?post=1889"}],"curies":[{"name":"wp","href":"https:\/\/api.w.org\/{rel}","templated":true}]}}