{"id":3632,"date":"2024-10-05T11:49:16","date_gmt":"2024-10-05T11:49:16","guid":{"rendered":"https:\/\/old.saaremaazoo.ee\/?post_type=product&#038;p=3632"},"modified":"2024-11-03T00:00:42","modified_gmt":"2024-11-03T00:00:42","slug":"saaremaa-loomaaia-sark-leemuri-logoga","status":"publish","type":"product","link":"https:\/\/old.saaremaazoo.ee\/en\/toode\/saaremaa-loomaaia-sark-leemuri-logoga\/","title":{"rendered":"S\u00e4rk Leemur Logo"},"content":{"rendered":"<p>Saaremaa Loomaaia s\u00e4rk on valmistatud 100% puuvillast ja on kaunistatud kvaliteetse tr\u00fckiga. S\u00e4rgil olev tr\u00fckk ei ole k\u00e4e all tundes kumjas, vaid on riidekiudude sisse tr\u00fckitud.<\/p>\n<p>S\u00e4rk on masinpestav. Soovituslik pesu 30 kraadi juures, et tr\u00fckk v\u00f5imalikult kaua ergas p\u00fcsiks.<\/p>\n<p>&nbsp;<\/p>\n<p>S\u00e4rgil olev logo kandes, n\u00e4itad toetust Saaremaa loomaaiale ja ostuga toetad loomaaia tegemisi.<\/p>\n<p>Ait\u00e4h, et toetad meie tegemist.<\/p>\n<p>S\u00e4rgi tegelik toon on roheline. P\u00e4ris pildil ei tule toon h\u00e4sti esile.<\/p>\n","protected":false},"excerpt":{"rendered":"<p>Saaremaa Loomaaia s\u00e4rk on valmistatud 100% puuvillast ja on kaunistatud kvaliteetse tr\u00fckiga. S\u00e4rgil olev tr\u00fckk ei ole k\u00e4e all tundes kumjas, vaid on riidekiudude sisse tr\u00fckitud. S\u00e4rk on masinpestav. Soovituslik pesu 30 kraadi juures, et tr\u00fckk v\u00f5imalikult kaua ergas p\u00fcsiks. &nbsp; S\u00e4rgil olev logo kandes, n\u00e4itad toetust Saaremaa loomaaiale ja ostuga toetad loomaaia tegemisi. Ait\u00e4h, [&hellip;]<\/p>\n","protected":false},"featured_media":3666,"comment_status":"open","ping_status":"closed","template":"","meta":{"_monsterinsights_skip_tracking":false,"_monsterinsights_sitenote_active":false,"_monsterinsights_sitenote_note":"","_monsterinsights_sitenote_category":0,"site-sidebar-layout":"default","site-content-layout":"default","ast-site-content-layout":"","site-content-style":"default","site-sidebar-style":"default","ast-global-header-display":"","ast-banner-title-visibility":"","ast-main-header-display":"","ast-hfb-above-header-display":"","ast-hfb-below-header-display":"","ast-hfb-mobile-header-display":"","site-post-title":"","ast-breadcrumbs-content":"","ast-featured-img":"","footer-sml-layout":"","theme-transparent-header-meta":"default","adv-header-id-meta":"","stick-header-meta":"","header-above-stick-meta":"","header-main-stick-meta":"","header-below-stick-meta":"","astra-migrate-meta-layouts":"default","ast-page-background-enabled":"default","ast-page-background-meta":{"desktop":{"background-color":"var(--ast-global-color-4)","background-image":"","background-repeat":"repeat","background-position":"center center","background-size":"auto","background-attachment":"scroll","background-type":"","background-media":"","overlay-type":"","overlay-color":"","overlay-opacity":"","overlay-gradient":""},"tablet":{"background-color":"","background-image":"","background-repeat":"repeat","background-position":"center center","background-size":"auto","background-attachment":"scroll","background-type":"","background-media":"","overlay-type":"","overlay-color":"","overlay-opacity":"","overlay-gradient":""},"mobile":{"background-color":"","background-image":"","background-repeat":"repeat","background-position":"center center","background-size":"auto","background-attachment":"scroll","background-type":"","background-media":"","overlay-type":"","overlay-color":"","overlay-opacity":"","overlay-gradient":""}},"ast-content-background-meta":{"desktop":{"background-color":"var(--ast-global-color-5)","background-image":"","background-repeat":"repeat","background-position":"center center","background-size":"auto","background-attachment":"scroll","background-type":"","background-media":"","overlay-type":"","overlay-color":"","overlay-opacity":"","overlay-gradient":""},"tablet":{"background-color":"var(--ast-global-color-5)","background-image":"","background-repeat":"repeat","background-position":"center center","background-size":"auto","background-attachment":"scroll","background-type":"","background-media":"","overlay-type":"","overlay-color":"","overlay-opacity":"","overlay-gradient":""},"mobile":{"background-color":"var(--ast-global-color-5)","background-image":"","background-repeat":"repeat","background-position":"center center","background-size":"auto","background-attachment":"scroll","background-type":"","background-media":"","overlay-type":"","overlay-color":"","overlay-opacity":"","overlay-gradient":""}}},"product_cat":[61],"product_tag":[],"class_list":{"0":"post-3632","1":"product","2":"type-product","3":"status-publish","4":"has-post-thumbnail","6":"product_cat-loomaaia-sargid","7":"product_shipping_class-pakiautomaat","8":"desktop-align-center","9":"tablet-align-left","10":"mobile-align-left","12":"first","13":"instock","14":"taxable","15":"shipping-taxable","16":"purchasable","17":"product-type-variable"},"yoast_head":"<!-- This site is optimized with the Yoast SEO plugin v23.8 - https:\/\/yoast.com\/wordpress\/plugins\/seo\/ -->\n<title>Saaremaa Loomaaia T-S\u00e4rk Leemur Logo 100% puuvill - Saaremaa Zoo menepood<\/title>\n<meta name=\"description\" content=\"Saaremaa Loomaaia leemuri logoga s\u00e4rk igap\u00e4evaseks kandmiseks, ideaalne kingituseks. S\u00e4rk on 100% puuvillane, universaalse l\u00f5ikega nii naistele kui meestele\" \/>\n<meta name=\"robots\" content=\"noindex, follow, max-snippet:-1, max-image-preview:large, max-video-preview:-1\" \/>\n<meta property=\"og:locale\" content=\"en_US\" \/>\n<meta property=\"og:type\" content=\"article\" \/>\n<meta property=\"og:title\" content=\"Saaremaa Loomaaia T-S\u00e4rk Leemur Logo 100% puuvill - Saaremaa Zoo menepood\" \/>\n<meta property=\"og:description\" content=\"Saaremaa Loomaaia leemuri logoga s\u00e4rk igap\u00e4evaseks kandmiseks, ideaalne kingituseks. S\u00e4rk on 100% puuvillane, universaalse l\u00f5ikega nii naistele kui meestele\" \/>\n<meta property=\"og:url\" content=\"https:\/\/old.saaremaazoo.ee\/en\/toode\/saaremaa-loomaaia-sark-leemuri-logoga\/\" \/>\n<meta property=\"og:site_name\" content=\"Saaremaa Zoo\" \/>\n<meta property=\"article:publisher\" content=\"https:\/\/www.facebook.com\/saaremaazoo\" \/>\n<meta property=\"article:modified_time\" content=\"2024-11-03T00:00:42+00:00\" \/>\n<meta property=\"og:image\" content=\"https:\/\/old.saaremaazoo.ee\/wp-content\/uploads\/2024\/10\/IMG-20240820-WA0003.jpg\" \/>\n\t<meta property=\"og:image:width\" content=\"1280\" \/>\n\t<meta property=\"og:image:height\" content=\"1280\" \/>\n\t<meta property=\"og:image:type\" content=\"image\/jpeg\" \/>\n<meta name=\"twitter:card\" content=\"summary_large_image\" \/>\n<meta name=\"twitter:label1\" content=\"Est. reading time\" \/>\n\t<meta name=\"twitter:data1\" content=\"1 minute\" \/>\n<script type=\"application\/ld+json\" class=\"yoast-schema-graph\">{\"@context\":\"https:\/\/schema.org\",\"@graph\":[{\"@type\":\"WebPage\",\"@id\":\"https:\/\/old.saaremaazoo.ee\/en\/toode\/saaremaa-loomaaia-sark-leemuri-logoga\/\",\"url\":\"https:\/\/old.saaremaazoo.ee\/en\/toode\/saaremaa-loomaaia-sark-leemuri-logoga\/\",\"name\":\"Saaremaa Loomaaia T-S\u00e4rk Leemur Logo 100% puuvill - Saaremaa Zoo menepood\",\"isPartOf\":{\"@id\":\"https:\/\/old.saaremaazoo.ee\/en\/#website\"},\"primaryImageOfPage\":{\"@id\":\"https:\/\/old.saaremaazoo.ee\/en\/toode\/saaremaa-loomaaia-sark-leemuri-logoga\/#primaryimage\"},\"image\":{\"@id\":\"https:\/\/old.saaremaazoo.ee\/en\/toode\/saaremaa-loomaaia-sark-leemuri-logoga\/#primaryimage\"},\"thumbnailUrl\":\"https:\/\/old.saaremaazoo.ee\/wp-content\/uploads\/2024\/10\/IMG-20240820-WA0003.jpg\",\"datePublished\":\"2024-10-05T11:49:16+00:00\",\"dateModified\":\"2024-11-03T00:00:42+00:00\",\"description\":\"Saaremaa Loomaaia leemuri logoga s\u00e4rk igap\u00e4evaseks kandmiseks, ideaalne kingituseks. S\u00e4rk on 100% puuvillane, universaalse l\u00f5ikega nii naistele kui meestele\",\"breadcrumb\":{\"@id\":\"https:\/\/old.saaremaazoo.ee\/en\/toode\/saaremaa-loomaaia-sark-leemuri-logoga\/#breadcrumb\"},\"inLanguage\":\"en-US\",\"potentialAction\":[{\"@type\":\"ReadAction\",\"target\":[\"https:\/\/old.saaremaazoo.ee\/en\/toode\/saaremaa-loomaaia-sark-leemuri-logoga\/\"]}]},{\"@type\":\"ImageObject\",\"inLanguage\":\"en-US\",\"@id\":\"https:\/\/old.saaremaazoo.ee\/en\/toode\/saaremaa-loomaaia-sark-leemuri-logoga\/#primaryimage\",\"url\":\"https:\/\/old.saaremaazoo.ee\/wp-content\/uploads\/2024\/10\/IMG-20240820-WA0003.jpg\",\"contentUrl\":\"https:\/\/old.saaremaazoo.ee\/wp-content\/uploads\/2024\/10\/IMG-20240820-WA0003.jpg\",\"width\":1280,\"height\":1280,\"caption\":\"Saaremaa Loomaaia s\u00e4rk, roheline, leemuri logoga\"},{\"@type\":\"BreadcrumbList\",\"@id\":\"https:\/\/old.saaremaazoo.ee\/en\/toode\/saaremaa-loomaaia-sark-leemuri-logoga\/#breadcrumb\",\"itemListElement\":[{\"@type\":\"ListItem\",\"position\":1,\"name\":\"Saaremaa loomaaed\",\"item\":\"https:\/\/old.saaremaazoo.ee\/en\/\"},{\"@type\":\"ListItem\",\"position\":2,\"name\":\"Shop\",\"item\":\"https:\/\/old.saaremaazoo.ee\/en\/shop-2\/\"},{\"@type\":\"ListItem\",\"position\":3,\"name\":\"S\u00e4rk Leemur Logo\"}]},{\"@type\":\"WebSite\",\"@id\":\"https:\/\/old.saaremaazoo.ee\/en\/#website\",\"url\":\"https:\/\/old.saaremaazoo.ee\/en\/\",\"name\":\"Saaremaa Zoo\",\"description\":\"Esimene Saaremaa Loomaaed\",\"publisher\":{\"@id\":\"https:\/\/old.saaremaazoo.ee\/en\/#organization\"},\"potentialAction\":[{\"@type\":\"SearchAction\",\"target\":{\"@type\":\"EntryPoint\",\"urlTemplate\":\"https:\/\/old.saaremaazoo.ee\/en\/?s={search_term_string}\"},\"query-input\":{\"@type\":\"PropertyValueSpecification\",\"valueRequired\":true,\"valueName\":\"search_term_string\"}}],\"inLanguage\":\"en-US\"},{\"@type\":\"Organization\",\"@id\":\"https:\/\/old.saaremaazoo.ee\/en\/#organization\",\"name\":\"Saaremaa Loomaaed\",\"alternateName\":\"Saaremaa Zoo\",\"url\":\"https:\/\/old.saaremaazoo.ee\/en\/\",\"logo\":{\"@type\":\"ImageObject\",\"inLanguage\":\"en-US\",\"@id\":\"https:\/\/old.saaremaazoo.ee\/en\/#\/schema\/logo\/image\/\",\"url\":\"https:\/\/old.saaremaazoo.ee\/wp-content\/uploads\/2024\/11\/cropped-saaremaazoo_magnet_leemur__1__page-0001-removebg-preview.png\",\"contentUrl\":\"https:\/\/old.saaremaazoo.ee\/wp-content\/uploads\/2024\/11\/cropped-saaremaazoo_magnet_leemur__1__page-0001-removebg-preview.png\",\"width\":467,\"height\":325,\"caption\":\"Saaremaa Loomaaed\"},\"image\":{\"@id\":\"https:\/\/old.saaremaazoo.ee\/en\/#\/schema\/logo\/image\/\"},\"sameAs\":[\"https:\/\/www.facebook.com\/saaremaazoo\",\"https:\/\/www.instagram.com\/saaremaazoo\/\"]}]}<\/script>\n<!-- \/ Yoast SEO plugin. -->","yoast_head_json":{"title":"Saaremaa Loomaaia T-S\u00e4rk Leemur Logo 100% puuvill - Saaremaa Zoo menepood","description":"Saaremaa Loomaaia leemuri logoga s\u00e4rk igap\u00e4evaseks kandmiseks, ideaalne kingituseks. S\u00e4rk on 100% puuvillane, universaalse l\u00f5ikega nii naistele kui meestele","robots":{"index":"noindex","follow":"follow","max-snippet":"max-snippet:-1","max-image-preview":"max-image-preview:large","max-video-preview":"max-video-preview:-1"},"og_locale":"en_US","og_type":"article","og_title":"Saaremaa Loomaaia T-S\u00e4rk Leemur Logo 100% puuvill - Saaremaa Zoo menepood","og_description":"Saaremaa Loomaaia leemuri logoga s\u00e4rk igap\u00e4evaseks kandmiseks, ideaalne kingituseks. S\u00e4rk on 100% puuvillane, universaalse l\u00f5ikega nii naistele kui meestele","og_url":"https:\/\/old.saaremaazoo.ee\/en\/toode\/saaremaa-loomaaia-sark-leemuri-logoga\/","og_site_name":"Saaremaa Zoo","article_publisher":"https:\/\/www.facebook.com\/saaremaazoo","article_modified_time":"2024-11-03T00:00:42+00:00","og_image":[{"width":1280,"height":1280,"url":"https:\/\/old.saaremaazoo.ee\/wp-content\/uploads\/2024\/10\/IMG-20240820-WA0003.jpg","type":"image\/jpeg"}],"twitter_card":"summary_large_image","twitter_misc":{"Est. reading time":"1 minute"},"schema":{"@context":"https:\/\/schema.org","@graph":[{"@type":"WebPage","@id":"https:\/\/old.saaremaazoo.ee\/en\/toode\/saaremaa-loomaaia-sark-leemuri-logoga\/","url":"https:\/\/old.saaremaazoo.ee\/en\/toode\/saaremaa-loomaaia-sark-leemuri-logoga\/","name":"Saaremaa Loomaaia T-S\u00e4rk Leemur Logo 100% puuvill - Saaremaa Zoo menepood","isPartOf":{"@id":"https:\/\/old.saaremaazoo.ee\/en\/#website"},"primaryImageOfPage":{"@id":"https:\/\/old.saaremaazoo.ee\/en\/toode\/saaremaa-loomaaia-sark-leemuri-logoga\/#primaryimage"},"image":{"@id":"https:\/\/old.saaremaazoo.ee\/en\/toode\/saaremaa-loomaaia-sark-leemuri-logoga\/#primaryimage"},"thumbnailUrl":"https:\/\/old.saaremaazoo.ee\/wp-content\/uploads\/2024\/10\/IMG-20240820-WA0003.jpg","datePublished":"2024-10-05T11:49:16+00:00","dateModified":"2024-11-03T00:00:42+00:00","description":"Saaremaa Loomaaia leemuri logoga s\u00e4rk igap\u00e4evaseks kandmiseks, ideaalne kingituseks. S\u00e4rk on 100% puuvillane, universaalse l\u00f5ikega nii naistele kui meestele","breadcrumb":{"@id":"https:\/\/old.saaremaazoo.ee\/en\/toode\/saaremaa-loomaaia-sark-leemuri-logoga\/#breadcrumb"},"inLanguage":"en-US","potentialAction":[{"@type":"ReadAction","target":["https:\/\/old.saaremaazoo.ee\/en\/toode\/saaremaa-loomaaia-sark-leemuri-logoga\/"]}]},{"@type":"ImageObject","inLanguage":"en-US","@id":"https:\/\/old.saaremaazoo.ee\/en\/toode\/saaremaa-loomaaia-sark-leemuri-logoga\/#primaryimage","url":"https:\/\/old.saaremaazoo.ee\/wp-content\/uploads\/2024\/10\/IMG-20240820-WA0003.jpg","contentUrl":"https:\/\/old.saaremaazoo.ee\/wp-content\/uploads\/2024\/10\/IMG-20240820-WA0003.jpg","width":1280,"height":1280,"caption":"Saaremaa Loomaaia s\u00e4rk, roheline, leemuri logoga"},{"@type":"BreadcrumbList","@id":"https:\/\/old.saaremaazoo.ee\/en\/toode\/saaremaa-loomaaia-sark-leemuri-logoga\/#breadcrumb","itemListElement":[{"@type":"ListItem","position":1,"name":"Saaremaa loomaaed","item":"https:\/\/old.saaremaazoo.ee\/en\/"},{"@type":"ListItem","position":2,"name":"Shop","item":"https:\/\/old.saaremaazoo.ee\/en\/shop-2\/"},{"@type":"ListItem","position":3,"name":"S\u00e4rk Leemur Logo"}]},{"@type":"WebSite","@id":"https:\/\/old.saaremaazoo.ee\/en\/#website","url":"https:\/\/old.saaremaazoo.ee\/en\/","name":"Saaremaa Zoo","description":"Esimene Saaremaa Loomaaed","publisher":{"@id":"https:\/\/old.saaremaazoo.ee\/en\/#organization"},"potentialAction":[{"@type":"SearchAction","target":{"@type":"EntryPoint","urlTemplate":"https:\/\/old.saaremaazoo.ee\/en\/?s={search_term_string}"},"query-input":{"@type":"PropertyValueSpecification","valueRequired":true,"valueName":"search_term_string"}}],"inLanguage":"en-US"},{"@type":"Organization","@id":"https:\/\/old.saaremaazoo.ee\/en\/#organization","name":"Saaremaa Loomaaed","alternateName":"Saaremaa Zoo","url":"https:\/\/old.saaremaazoo.ee\/en\/","logo":{"@type":"ImageObject","inLanguage":"en-US","@id":"https:\/\/old.saaremaazoo.ee\/en\/#\/schema\/logo\/image\/","url":"https:\/\/old.saaremaazoo.ee\/wp-content\/uploads\/2024\/11\/cropped-saaremaazoo_magnet_leemur__1__page-0001-removebg-preview.png","contentUrl":"https:\/\/old.saaremaazoo.ee\/wp-content\/uploads\/2024\/11\/cropped-saaremaazoo_magnet_leemur__1__page-0001-removebg-preview.png","width":467,"height":325,"caption":"Saaremaa Loomaaed"},"image":{"@id":"https:\/\/old.saaremaazoo.ee\/en\/#\/schema\/logo\/image\/"},"sameAs":["https:\/\/www.facebook.com\/saaremaazoo","https:\/\/www.instagram.com\/saaremaazoo\/"]}]}},"_links":{"self":[{"href":"https:\/\/old.saaremaazoo.ee\/en\/wp-json\/wp\/v2\/product\/3632","targetHints":{"allow":["GET"]}}],"collection":[{"href":"https:\/\/old.saaremaazoo.ee\/en\/wp-json\/wp\/v2\/product"}],"about":[{"href":"https:\/\/old.saaremaazoo.ee\/en\/wp-json\/wp\/v2\/types\/product"}],"replies":[{"embeddable":true,"href":"https:\/\/old.saaremaazoo.ee\/en\/wp-json\/wp\/v2\/comments?post=3632"}],"version-history":[{"count":4,"href":"https:\/\/old.saaremaazoo.ee\/en\/wp-json\/wp\/v2\/product\/3632\/revisions"}],"predecessor-version":[{"id":3672,"href":"https:\/\/old.saaremaazoo.ee\/en\/wp-json\/wp\/v2\/product\/3632\/revisions\/3672"}],"wp:featuredmedia":[{"embeddable":true,"href":"https:\/\/old.saaremaazoo.ee\/en\/wp-json\/wp\/v2\/media\/3666"}],"wp:attachment":[{"href":"https:\/\/old.saaremaazoo.ee\/en\/wp-json\/wp\/v2\/media?parent=3632"}],"wp:term":[{"taxonomy":"product_cat","embeddable":true,"href":"https:\/\/old.saaremaazoo.ee\/en\/wp-json\/wp\/v2\/product_cat?post=3632"},{"taxonomy":"product_tag","embeddable":true,"href":"https:\/\/old.saaremaazoo.ee\/en\/wp-json\/wp\/v2\/product_tag?post=3632"}],"curies":[{"name":"wp","href":"https:\/\/api.w.org\/{rel}","templated":true}]}}