{"id":3680,"date":"2024-10-05T14:45:04","date_gmt":"2024-10-05T14:45:04","guid":{"rendered":"https:\/\/old.saaremaazoo.ee\/?post_type=product&#038;p=3680"},"modified":"2024-12-11T12:55:34","modified_gmt":"2024-12-11T12:55:34","slug":"saaremaa-loomaaia-t-sark-surikaadid-nala-ja-nemo","status":"publish","type":"product","link":"https:\/\/old.saaremaazoo.ee\/en\/toode\/saaremaa-loomaaia-t-sark-surikaadid-nala-ja-nemo\/","title":{"rendered":"Saaremaa loomaaia t-s\u00e4rk Surikaadid Nala ja Nemo"},"content":{"rendered":"<p>S\u00e4rgil ilutseb kunstniku Helene P\u00f5dra maalitud pilt meie surikaadipaarist Nalast ja Nemost.<\/p>\n<p>See <strong>Saaremaa loomaaia T-s\u00e4rk<\/strong>\u00a0on valmistatud kvaliteetsest 100% puuvillast ja on inspireeritud Saaremaa loodusest. S\u00e4rgil olev tr\u00fckk on kvaliteetne ja ei ole k\u00e4e all tundes kummjas, vaid on riidekiudude sisse tr\u00fckitud. See stiilne ja mugav T-s\u00e4rk on ideaalne kingitus loomas\u00f5pradele ning suurep\u00e4rane m\u00e4lestus Saaremaa Loomaaia k\u00fclastusest<\/p>\n<p>S\u00e4rk on masinpestav. Soovituslik pesu 30 kraadi juures, et tr\u00fckk v\u00f5imalikult kaua ergas p\u00fcsiks.<\/p>\n<p>&nbsp;<\/p>\n<p>S\u00e4rgil olevat logo kandes, n\u00e4itad toetust Saaremaa loomaaiale ja ostuga toetad loomaaia tegemisi.<\/p>\n<p>Ait\u00e4h, et toetad meie tegemisi!<\/p>\n<p>&nbsp;<\/p>\n","protected":false},"excerpt":{"rendered":"<p>S\u00e4rgil ilutseb kunstniku Helene P\u00f5dra maalitud pilt meie surikaadipaarist Nalast ja Nemost. See Saaremaa loomaaia T-s\u00e4rk\u00a0on valmistatud kvaliteetsest 100% puuvillast ja on inspireeritud Saaremaa loodusest. S\u00e4rgil olev tr\u00fckk on kvaliteetne ja ei ole k\u00e4e all tundes kummjas, vaid on riidekiudude sisse tr\u00fckitud. See stiilne ja mugav T-s\u00e4rk on ideaalne kingitus loomas\u00f5pradele ning suurep\u00e4rane m\u00e4lestus Saaremaa [&hellip;]<\/p>\n","protected":false},"featured_media":3683,"comment_status":"open","ping_status":"closed","template":"","meta":{"_monsterinsights_skip_tracking":false,"_monsterinsights_sitenote_active":false,"_monsterinsights_sitenote_note":"","_monsterinsights_sitenote_category":0,"site-sidebar-layout":"default","site-content-layout":"default","ast-site-content-layout":"","site-content-style":"default","site-sidebar-style":"default","ast-global-header-display":"","ast-banner-title-visibility":"","ast-main-header-display":"","ast-hfb-above-header-display":"","ast-hfb-below-header-display":"","ast-hfb-mobile-header-display":"","site-post-title":"","ast-breadcrumbs-content":"","ast-featured-img":"","footer-sml-layout":"","theme-transparent-header-meta":"default","adv-header-id-meta":"","stick-header-meta":"","header-above-stick-meta":"","header-main-stick-meta":"","header-below-stick-meta":"","astra-migrate-meta-layouts":"default","ast-page-background-enabled":"default","ast-page-background-meta":{"desktop":{"background-color":"var(--ast-global-color-4)","background-image":"","background-repeat":"repeat","background-position":"center center","background-size":"auto","background-attachment":"scroll","background-type":"","background-media":"","overlay-type":"","overlay-color":"","overlay-opacity":"","overlay-gradient":""},"tablet":{"background-color":"","background-image":"","background-repeat":"repeat","background-position":"center center","background-size":"auto","background-attachment":"scroll","background-type":"","background-media":"","overlay-type":"","overlay-color":"","overlay-opacity":"","overlay-gradient":""},"mobile":{"background-color":"","background-image":"","background-repeat":"repeat","background-position":"center center","background-size":"auto","background-attachment":"scroll","background-type":"","background-media":"","overlay-type":"","overlay-color":"","overlay-opacity":"","overlay-gradient":""}},"ast-content-background-meta":{"desktop":{"background-color":"var(--ast-global-color-5)","background-image":"","background-repeat":"repeat","background-position":"center center","background-size":"auto","background-attachment":"scroll","background-type":"","background-media":"","overlay-type":"","overlay-color":"","overlay-opacity":"","overlay-gradient":""},"tablet":{"background-color":"var(--ast-global-color-5)","background-image":"","background-repeat":"repeat","background-position":"center center","background-size":"auto","background-attachment":"scroll","background-type":"","background-media":"","overlay-type":"","overlay-color":"","overlay-opacity":"","overlay-gradient":""},"mobile":{"background-color":"var(--ast-global-color-5)","background-image":"","background-repeat":"repeat","background-position":"center center","background-size":"auto","background-attachment":"scroll","background-type":"","background-media":"","overlay-type":"","overlay-color":"","overlay-opacity":"","overlay-gradient":""}}},"product_cat":[61],"product_tag":[69,71,68,70],"class_list":{"0":"post-3680","1":"product","2":"type-product","3":"status-publish","4":"has-post-thumbnail","6":"product_cat-loomaaia-sargid","7":"product_tag-fannikaup","8":"product_tag-kingitus","9":"product_tag-loomaaia-sark","10":"product_tag-suveniir","11":"product_shipping_class-pakiautomaat","12":"desktop-align-center","13":"tablet-align-left","14":"mobile-align-left","16":"first","17":"instock","18":"taxable","19":"shipping-taxable","20":"purchasable","21":"product-type-variable"},"yoast_head":"<!-- This site is optimized with the Yoast SEO plugin v23.8 - https:\/\/yoast.com\/wordpress\/plugins\/seo\/ -->\n<title>Saaremaa loomaaia t-s\u00e4rk Surikaadid Nala ja Nemo unikaalne kink- Saaremaa Zoo<\/title>\n<meta name=\"description\" content=\"Osta Saaremaa loomaaia ainulaadne t-s\u00e4rk \u2013 ideaalne kingitus loomas\u00f5pradele! Mugav ja stiilne suveniir otse Saaremaalt. Nii naistele, meestele kui lastele\" \/>\n<meta name=\"robots\" content=\"noindex, follow, max-snippet:-1, max-image-preview:large, max-video-preview:-1\" \/>\n<meta property=\"og:locale\" content=\"en_US\" \/>\n<meta property=\"og:type\" content=\"article\" \/>\n<meta property=\"og:title\" content=\"Saaremaa loomaaia t-s\u00e4rk Surikaadid Nala ja Nemo unikaalne kink- Saaremaa Zoo\" \/>\n<meta property=\"og:description\" content=\"Osta Saaremaa loomaaia ainulaadne t-s\u00e4rk \u2013 ideaalne kingitus loomas\u00f5pradele! Mugav ja stiilne suveniir otse Saaremaalt. Nii naistele, meestele kui lastele\" \/>\n<meta property=\"og:url\" content=\"https:\/\/old.saaremaazoo.ee\/en\/toode\/saaremaa-loomaaia-t-sark-surikaadid-nala-ja-nemo\/\" \/>\n<meta property=\"og:site_name\" content=\"Saaremaa Zoo\" \/>\n<meta property=\"article:publisher\" content=\"https:\/\/www.facebook.com\/saaremaazoo\" \/>\n<meta property=\"article:modified_time\" content=\"2024-12-11T12:55:34+00:00\" \/>\n<meta property=\"og:image\" content=\"https:\/\/old.saaremaazoo.ee\/wp-content\/uploads\/2024\/10\/1000004198.jpg\" \/>\n\t<meta property=\"og:image:width\" content=\"1600\" \/>\n\t<meta property=\"og:image:height\" content=\"1600\" \/>\n\t<meta property=\"og:image:type\" content=\"image\/jpeg\" \/>\n<meta name=\"twitter:card\" content=\"summary_large_image\" \/>\n<meta name=\"twitter:label1\" content=\"Est. reading time\" \/>\n\t<meta name=\"twitter:data1\" content=\"1 minute\" \/>\n<script type=\"application\/ld+json\" class=\"yoast-schema-graph\">{\"@context\":\"https:\/\/schema.org\",\"@graph\":[{\"@type\":\"WebPage\",\"@id\":\"https:\/\/old.saaremaazoo.ee\/en\/toode\/saaremaa-loomaaia-t-sark-surikaadid-nala-ja-nemo\/\",\"url\":\"https:\/\/old.saaremaazoo.ee\/en\/toode\/saaremaa-loomaaia-t-sark-surikaadid-nala-ja-nemo\/\",\"name\":\"Saaremaa loomaaia t-s\u00e4rk Surikaadid Nala ja Nemo unikaalne kink- Saaremaa Zoo\",\"isPartOf\":{\"@id\":\"https:\/\/old.saaremaazoo.ee\/en\/#website\"},\"primaryImageOfPage\":{\"@id\":\"https:\/\/old.saaremaazoo.ee\/en\/toode\/saaremaa-loomaaia-t-sark-surikaadid-nala-ja-nemo\/#primaryimage\"},\"image\":{\"@id\":\"https:\/\/old.saaremaazoo.ee\/en\/toode\/saaremaa-loomaaia-t-sark-surikaadid-nala-ja-nemo\/#primaryimage\"},\"thumbnailUrl\":\"https:\/\/old.saaremaazoo.ee\/wp-content\/uploads\/2024\/10\/1000004198.jpg\",\"datePublished\":\"2024-10-05T14:45:04+00:00\",\"dateModified\":\"2024-12-11T12:55:34+00:00\",\"description\":\"Osta Saaremaa loomaaia ainulaadne t-s\u00e4rk \u2013 ideaalne kingitus loomas\u00f5pradele! Mugav ja stiilne suveniir otse Saaremaalt. Nii naistele, meestele kui lastele\",\"breadcrumb\":{\"@id\":\"https:\/\/old.saaremaazoo.ee\/en\/toode\/saaremaa-loomaaia-t-sark-surikaadid-nala-ja-nemo\/#breadcrumb\"},\"inLanguage\":\"en-US\",\"potentialAction\":[{\"@type\":\"ReadAction\",\"target\":[\"https:\/\/old.saaremaazoo.ee\/en\/toode\/saaremaa-loomaaia-t-sark-surikaadid-nala-ja-nemo\/\"]}]},{\"@type\":\"ImageObject\",\"inLanguage\":\"en-US\",\"@id\":\"https:\/\/old.saaremaazoo.ee\/en\/toode\/saaremaa-loomaaia-t-sark-surikaadid-nala-ja-nemo\/#primaryimage\",\"url\":\"https:\/\/old.saaremaazoo.ee\/wp-content\/uploads\/2024\/10\/1000004198.jpg\",\"contentUrl\":\"https:\/\/old.saaremaazoo.ee\/wp-content\/uploads\/2024\/10\/1000004198.jpg\",\"width\":1600,\"height\":1600},{\"@type\":\"BreadcrumbList\",\"@id\":\"https:\/\/old.saaremaazoo.ee\/en\/toode\/saaremaa-loomaaia-t-sark-surikaadid-nala-ja-nemo\/#breadcrumb\",\"itemListElement\":[{\"@type\":\"ListItem\",\"position\":1,\"name\":\"Saaremaa loomaaed\",\"item\":\"https:\/\/old.saaremaazoo.ee\/en\/\"},{\"@type\":\"ListItem\",\"position\":2,\"name\":\"Shop\",\"item\":\"https:\/\/old.saaremaazoo.ee\/en\/shop-2\/\"},{\"@type\":\"ListItem\",\"position\":3,\"name\":\"Saaremaa loomaaia t-s\u00e4rk Surikaadid Nala ja Nemo\"}]},{\"@type\":\"WebSite\",\"@id\":\"https:\/\/old.saaremaazoo.ee\/en\/#website\",\"url\":\"https:\/\/old.saaremaazoo.ee\/en\/\",\"name\":\"Saaremaa Zoo\",\"description\":\"Esimene Saaremaa Loomaaed\",\"publisher\":{\"@id\":\"https:\/\/old.saaremaazoo.ee\/en\/#organization\"},\"potentialAction\":[{\"@type\":\"SearchAction\",\"target\":{\"@type\":\"EntryPoint\",\"urlTemplate\":\"https:\/\/old.saaremaazoo.ee\/en\/?s={search_term_string}\"},\"query-input\":{\"@type\":\"PropertyValueSpecification\",\"valueRequired\":true,\"valueName\":\"search_term_string\"}}],\"inLanguage\":\"en-US\"},{\"@type\":\"Organization\",\"@id\":\"https:\/\/old.saaremaazoo.ee\/en\/#organization\",\"name\":\"Saaremaa Loomaaed\",\"alternateName\":\"Saaremaa Zoo\",\"url\":\"https:\/\/old.saaremaazoo.ee\/en\/\",\"logo\":{\"@type\":\"ImageObject\",\"inLanguage\":\"en-US\",\"@id\":\"https:\/\/old.saaremaazoo.ee\/en\/#\/schema\/logo\/image\/\",\"url\":\"https:\/\/old.saaremaazoo.ee\/wp-content\/uploads\/2024\/11\/cropped-saaremaazoo_magnet_leemur__1__page-0001-removebg-preview.png\",\"contentUrl\":\"https:\/\/old.saaremaazoo.ee\/wp-content\/uploads\/2024\/11\/cropped-saaremaazoo_magnet_leemur__1__page-0001-removebg-preview.png\",\"width\":467,\"height\":325,\"caption\":\"Saaremaa Loomaaed\"},\"image\":{\"@id\":\"https:\/\/old.saaremaazoo.ee\/en\/#\/schema\/logo\/image\/\"},\"sameAs\":[\"https:\/\/www.facebook.com\/saaremaazoo\",\"https:\/\/www.instagram.com\/saaremaazoo\/\"]}]}<\/script>\n<!-- \/ Yoast SEO plugin. -->","yoast_head_json":{"title":"Saaremaa loomaaia t-s\u00e4rk Surikaadid Nala ja Nemo unikaalne kink- Saaremaa Zoo","description":"Osta Saaremaa loomaaia ainulaadne t-s\u00e4rk \u2013 ideaalne kingitus loomas\u00f5pradele! Mugav ja stiilne suveniir otse Saaremaalt. Nii naistele, meestele kui lastele","robots":{"index":"noindex","follow":"follow","max-snippet":"max-snippet:-1","max-image-preview":"max-image-preview:large","max-video-preview":"max-video-preview:-1"},"og_locale":"en_US","og_type":"article","og_title":"Saaremaa loomaaia t-s\u00e4rk Surikaadid Nala ja Nemo unikaalne kink- Saaremaa Zoo","og_description":"Osta Saaremaa loomaaia ainulaadne t-s\u00e4rk \u2013 ideaalne kingitus loomas\u00f5pradele! Mugav ja stiilne suveniir otse Saaremaalt. Nii naistele, meestele kui lastele","og_url":"https:\/\/old.saaremaazoo.ee\/en\/toode\/saaremaa-loomaaia-t-sark-surikaadid-nala-ja-nemo\/","og_site_name":"Saaremaa Zoo","article_publisher":"https:\/\/www.facebook.com\/saaremaazoo","article_modified_time":"2024-12-11T12:55:34+00:00","og_image":[{"width":1600,"height":1600,"url":"https:\/\/old.saaremaazoo.ee\/wp-content\/uploads\/2024\/10\/1000004198.jpg","type":"image\/jpeg"}],"twitter_card":"summary_large_image","twitter_misc":{"Est. reading time":"1 minute"},"schema":{"@context":"https:\/\/schema.org","@graph":[{"@type":"WebPage","@id":"https:\/\/old.saaremaazoo.ee\/en\/toode\/saaremaa-loomaaia-t-sark-surikaadid-nala-ja-nemo\/","url":"https:\/\/old.saaremaazoo.ee\/en\/toode\/saaremaa-loomaaia-t-sark-surikaadid-nala-ja-nemo\/","name":"Saaremaa loomaaia t-s\u00e4rk Surikaadid Nala ja Nemo unikaalne kink- Saaremaa Zoo","isPartOf":{"@id":"https:\/\/old.saaremaazoo.ee\/en\/#website"},"primaryImageOfPage":{"@id":"https:\/\/old.saaremaazoo.ee\/en\/toode\/saaremaa-loomaaia-t-sark-surikaadid-nala-ja-nemo\/#primaryimage"},"image":{"@id":"https:\/\/old.saaremaazoo.ee\/en\/toode\/saaremaa-loomaaia-t-sark-surikaadid-nala-ja-nemo\/#primaryimage"},"thumbnailUrl":"https:\/\/old.saaremaazoo.ee\/wp-content\/uploads\/2024\/10\/1000004198.jpg","datePublished":"2024-10-05T14:45:04+00:00","dateModified":"2024-12-11T12:55:34+00:00","description":"Osta Saaremaa loomaaia ainulaadne t-s\u00e4rk \u2013 ideaalne kingitus loomas\u00f5pradele! Mugav ja stiilne suveniir otse Saaremaalt. Nii naistele, meestele kui lastele","breadcrumb":{"@id":"https:\/\/old.saaremaazoo.ee\/en\/toode\/saaremaa-loomaaia-t-sark-surikaadid-nala-ja-nemo\/#breadcrumb"},"inLanguage":"en-US","potentialAction":[{"@type":"ReadAction","target":["https:\/\/old.saaremaazoo.ee\/en\/toode\/saaremaa-loomaaia-t-sark-surikaadid-nala-ja-nemo\/"]}]},{"@type":"ImageObject","inLanguage":"en-US","@id":"https:\/\/old.saaremaazoo.ee\/en\/toode\/saaremaa-loomaaia-t-sark-surikaadid-nala-ja-nemo\/#primaryimage","url":"https:\/\/old.saaremaazoo.ee\/wp-content\/uploads\/2024\/10\/1000004198.jpg","contentUrl":"https:\/\/old.saaremaazoo.ee\/wp-content\/uploads\/2024\/10\/1000004198.jpg","width":1600,"height":1600},{"@type":"BreadcrumbList","@id":"https:\/\/old.saaremaazoo.ee\/en\/toode\/saaremaa-loomaaia-t-sark-surikaadid-nala-ja-nemo\/#breadcrumb","itemListElement":[{"@type":"ListItem","position":1,"name":"Saaremaa loomaaed","item":"https:\/\/old.saaremaazoo.ee\/en\/"},{"@type":"ListItem","position":2,"name":"Shop","item":"https:\/\/old.saaremaazoo.ee\/en\/shop-2\/"},{"@type":"ListItem","position":3,"name":"Saaremaa loomaaia t-s\u00e4rk Surikaadid Nala ja Nemo"}]},{"@type":"WebSite","@id":"https:\/\/old.saaremaazoo.ee\/en\/#website","url":"https:\/\/old.saaremaazoo.ee\/en\/","name":"Saaremaa Zoo","description":"Esimene Saaremaa Loomaaed","publisher":{"@id":"https:\/\/old.saaremaazoo.ee\/en\/#organization"},"potentialAction":[{"@type":"SearchAction","target":{"@type":"EntryPoint","urlTemplate":"https:\/\/old.saaremaazoo.ee\/en\/?s={search_term_string}"},"query-input":{"@type":"PropertyValueSpecification","valueRequired":true,"valueName":"search_term_string"}}],"inLanguage":"en-US"},{"@type":"Organization","@id":"https:\/\/old.saaremaazoo.ee\/en\/#organization","name":"Saaremaa Loomaaed","alternateName":"Saaremaa Zoo","url":"https:\/\/old.saaremaazoo.ee\/en\/","logo":{"@type":"ImageObject","inLanguage":"en-US","@id":"https:\/\/old.saaremaazoo.ee\/en\/#\/schema\/logo\/image\/","url":"https:\/\/old.saaremaazoo.ee\/wp-content\/uploads\/2024\/11\/cropped-saaremaazoo_magnet_leemur__1__page-0001-removebg-preview.png","contentUrl":"https:\/\/old.saaremaazoo.ee\/wp-content\/uploads\/2024\/11\/cropped-saaremaazoo_magnet_leemur__1__page-0001-removebg-preview.png","width":467,"height":325,"caption":"Saaremaa Loomaaed"},"image":{"@id":"https:\/\/old.saaremaazoo.ee\/en\/#\/schema\/logo\/image\/"},"sameAs":["https:\/\/www.facebook.com\/saaremaazoo","https:\/\/www.instagram.com\/saaremaazoo\/"]}]}},"_links":{"self":[{"href":"https:\/\/old.saaremaazoo.ee\/en\/wp-json\/wp\/v2\/product\/3680","targetHints":{"allow":["GET"]}}],"collection":[{"href":"https:\/\/old.saaremaazoo.ee\/en\/wp-json\/wp\/v2\/product"}],"about":[{"href":"https:\/\/old.saaremaazoo.ee\/en\/wp-json\/wp\/v2\/types\/product"}],"replies":[{"embeddable":true,"href":"https:\/\/old.saaremaazoo.ee\/en\/wp-json\/wp\/v2\/comments?post=3680"}],"version-history":[{"count":1,"href":"https:\/\/old.saaremaazoo.ee\/en\/wp-json\/wp\/v2\/product\/3680\/revisions"}],"predecessor-version":[{"id":3692,"href":"https:\/\/old.saaremaazoo.ee\/en\/wp-json\/wp\/v2\/product\/3680\/revisions\/3692"}],"wp:featuredmedia":[{"embeddable":true,"href":"https:\/\/old.saaremaazoo.ee\/en\/wp-json\/wp\/v2\/media\/3683"}],"wp:attachment":[{"href":"https:\/\/old.saaremaazoo.ee\/en\/wp-json\/wp\/v2\/media?parent=3680"}],"wp:term":[{"taxonomy":"product_cat","embeddable":true,"href":"https:\/\/old.saaremaazoo.ee\/en\/wp-json\/wp\/v2\/product_cat?post=3680"},{"taxonomy":"product_tag","embeddable":true,"href":"https:\/\/old.saaremaazoo.ee\/en\/wp-json\/wp\/v2\/product_tag?post=3680"}],"curies":[{"name":"wp","href":"https:\/\/api.w.org\/{rel}","templated":true}]}}