{"id":3720,"date":"2024-10-07T06:33:28","date_gmt":"2024-10-07T06:33:28","guid":{"rendered":"https:\/\/old.saaremaazoo.ee\/?post_type=product&#038;p=3720"},"modified":"2024-11-03T00:00:42","modified_gmt":"2024-11-03T00:00:42","slug":"saaremaa-loomaaia-kruus-leemuri-logoga","status":"publish","type":"product","link":"https:\/\/old.saaremaazoo.ee\/en\/toode\/saaremaa-loomaaia-kruus-leemuri-logoga\/","title":{"rendered":"Saaremaa Loomaaia kruus- Leemuri logoga"},"content":{"rendered":"<p>Osta Saaremaa loomaaia unikaalne ja praktiline keraamiline kruus \u2013 t\u00e4iuslik suveniir Saaremaa loomaaia k\u00fclastusest ning suurep\u00e4rane kingitus loomas\u00f5pradele ja loodushuvilistele. See eksklusiivne kruus on valmistatud k\u00f5rgekvaliteedilisest keraamikast, pakkudes vastupidavust ja mugavust igap\u00e4evaseks kasutamiseks. Kruus on ideaalne kohvi, tee ja teiste kuumade jookide nautimiseks ning on masinpestav ja mikrolaineahjus kasutatav, tagades lihtsa hoolduse ja pika eluea.<\/p>\n<p>Selle kruusi disain on inspireeritud Saaremaa loomaaia mitmekesisest loomastikust, tuues esile erilisi ja armsaid loomi, kes on k\u00fclastajate lemmikud. Iga lonks sellest kruusist tuletab meelde meeldej\u00e4\u00e4vat p\u00e4eva Saaremaa loomaaias.\u00a0 Kruusi kunstiline kujundus muudab selle ideaalseks suveniiriks, mis kaunistab iga kodu v\u00f5i kontorit.<\/p>\n<p>Saaremaa loomaaia keraamiline kruus sobib suurep\u00e4raselt kingituseks s\u00fcnnip\u00e4evaks, j\u00f5uludeks v\u00f5i lihtsalt armsaks meelespidamiseks s\u00f5pradele ja pereliikmetele. Seda on lihtne kombineerida teiste loomaaia toodetega, n\u00e4iteks t-s\u00e4rkide v\u00f5i muu suveniiriga, luues tervikliku ja meeldej\u00e4\u00e4va kingipaki. Valides selle kruusi, toetad Saaremaa loomaaia tegevust ja kohaliku loodusp\u00e4randi hoidmist, aidates kaasa loomade heaolule ja looduskaitsele.<\/p>\n<p>&nbsp;<\/p>\n<p>Kombineeri kruus <a href=\"https:\/\/old.saaremaazoo.ee\/en\/toode\/saaremaa-loomaaia-sark-leemuri-logoga\/\" target=\"_blank\" rel=\"noopener\">N\u00e4iteks selle<\/a> leemuri s\u00e4rgiga ideaalseks kingituseks k\u00f5ige kallimatele.<\/p>\n","protected":false},"excerpt":{"rendered":"<p>Osta Saaremaa loomaaia unikaalne ja praktiline keraamiline kruus \u2013 t\u00e4iuslik suveniir Saaremaa loomaaia k\u00fclastusest ning suurep\u00e4rane kingitus loomas\u00f5pradele ja loodushuvilistele. See eksklusiivne kruus on valmistatud k\u00f5rgekvaliteedilisest keraamikast, pakkudes vastupidavust ja mugavust igap\u00e4evaseks kasutamiseks. Kruus on ideaalne kohvi, tee ja teiste kuumade jookide nautimiseks ning on masinpestav ja mikrolaineahjus kasutatav, tagades lihtsa hoolduse ja pika eluea. [&hellip;]<\/p>\n","protected":false},"featured_media":3662,"comment_status":"open","ping_status":"closed","template":"","meta":{"_monsterinsights_skip_tracking":false,"_monsterinsights_sitenote_active":false,"_monsterinsights_sitenote_note":"","_monsterinsights_sitenote_category":0,"site-sidebar-layout":"default","site-content-layout":"default","ast-site-content-layout":"","site-content-style":"default","site-sidebar-style":"default","ast-global-header-display":"","ast-banner-title-visibility":"","ast-main-header-display":"","ast-hfb-above-header-display":"","ast-hfb-below-header-display":"","ast-hfb-mobile-header-display":"","site-post-title":"","ast-breadcrumbs-content":"","ast-featured-img":"","footer-sml-layout":"","theme-transparent-header-meta":"default","adv-header-id-meta":"","stick-header-meta":"","header-above-stick-meta":"","header-main-stick-meta":"","header-below-stick-meta":"","astra-migrate-meta-layouts":"default","ast-page-background-enabled":"default","ast-page-background-meta":{"desktop":{"background-color":"var(--ast-global-color-4)","background-image":"","background-repeat":"repeat","background-position":"center center","background-size":"auto","background-attachment":"scroll","background-type":"","background-media":"","overlay-type":"","overlay-color":"","overlay-opacity":"","overlay-gradient":""},"tablet":{"background-color":"","background-image":"","background-repeat":"repeat","background-position":"center center","background-size":"auto","background-attachment":"scroll","background-type":"","background-media":"","overlay-type":"","overlay-color":"","overlay-opacity":"","overlay-gradient":""},"mobile":{"background-color":"","background-image":"","background-repeat":"repeat","background-position":"center center","background-size":"auto","background-attachment":"scroll","background-type":"","background-media":"","overlay-type":"","overlay-color":"","overlay-opacity":"","overlay-gradient":""}},"ast-content-background-meta":{"desktop":{"background-color":"var(--ast-global-color-5)","background-image":"","background-repeat":"repeat","background-position":"center center","background-size":"auto","background-attachment":"scroll","background-type":"","background-media":"","overlay-type":"","overlay-color":"","overlay-opacity":"","overlay-gradient":""},"tablet":{"background-color":"var(--ast-global-color-5)","background-image":"","background-repeat":"repeat","background-position":"center center","background-size":"auto","background-attachment":"scroll","background-type":"","background-media":"","overlay-type":"","overlay-color":"","overlay-opacity":"","overlay-gradient":""},"mobile":{"background-color":"var(--ast-global-color-5)","background-image":"","background-repeat":"repeat","background-position":"center center","background-size":"auto","background-attachment":"scroll","background-type":"","background-media":"","overlay-type":"","overlay-color":"","overlay-opacity":"","overlay-gradient":""}}},"product_cat":[30,77],"product_tag":[],"class_list":{"0":"post-3720","1":"product","2":"type-product","3":"status-publish","4":"has-post-thumbnail","6":"product_cat-kingitused","7":"product_cat-saaremaa-loomaaia-kruusid","8":"desktop-align-center","9":"tablet-align-left","10":"mobile-align-left","12":"first","13":"instock","14":"taxable","15":"shipping-taxable","16":"purchasable","17":"product-type-simple"},"yoast_head":"<!-- This site is optimized with the Yoast SEO plugin v23.8 - https:\/\/yoast.com\/wordpress\/plugins\/seo\/ -->\n<title>Unikaalne Saaremaa Loomaaia kruus- Leemuri logoga kingituseks - Saaremaa Zoo<\/title>\n<meta name=\"description\" content=\"Osta Saaremaa loomaaia eksklusiivne keraamiline kruus \u2013 ideaalne suveniir ja praktiline kingitus loomas\u00f5pradele. Valmistatud kvaliteetsest materjalist.\" \/>\n<meta name=\"robots\" content=\"noindex, follow, max-snippet:-1, max-image-preview:large, max-video-preview:-1\" \/>\n<meta property=\"og:locale\" content=\"en_US\" \/>\n<meta property=\"og:type\" content=\"article\" \/>\n<meta property=\"og:title\" content=\"Unikaalne Saaremaa Loomaaia kruus- Leemuri logoga kingituseks - Saaremaa Zoo\" \/>\n<meta property=\"og:description\" content=\"Osta Saaremaa loomaaia eksklusiivne keraamiline kruus \u2013 ideaalne suveniir ja praktiline kingitus loomas\u00f5pradele. Valmistatud kvaliteetsest materjalist.\" \/>\n<meta property=\"og:url\" content=\"https:\/\/old.saaremaazoo.ee\/en\/toode\/saaremaa-loomaaia-kruus-leemuri-logoga\/\" \/>\n<meta property=\"og:site_name\" content=\"Saaremaa Zoo\" \/>\n<meta property=\"article:publisher\" content=\"https:\/\/www.facebook.com\/saaremaazoo\" \/>\n<meta property=\"article:modified_time\" content=\"2024-11-03T00:00:42+00:00\" \/>\n<meta property=\"og:image\" content=\"https:\/\/old.saaremaazoo.ee\/wp-content\/uploads\/2024\/10\/IMG-20240820-WA0001.jpg\" \/>\n\t<meta property=\"og:image:width\" content=\"1280\" \/>\n\t<meta property=\"og:image:height\" content=\"764\" \/>\n\t<meta property=\"og:image:type\" content=\"image\/jpeg\" \/>\n<meta name=\"twitter:card\" content=\"summary_large_image\" \/>\n<meta name=\"twitter:label1\" content=\"Est. reading time\" \/>\n\t<meta name=\"twitter:data1\" content=\"1 minute\" \/>\n<script type=\"application\/ld+json\" class=\"yoast-schema-graph\">{\"@context\":\"https:\/\/schema.org\",\"@graph\":[{\"@type\":\"WebPage\",\"@id\":\"https:\/\/old.saaremaazoo.ee\/en\/toode\/saaremaa-loomaaia-kruus-leemuri-logoga\/\",\"url\":\"https:\/\/old.saaremaazoo.ee\/en\/toode\/saaremaa-loomaaia-kruus-leemuri-logoga\/\",\"name\":\"Unikaalne Saaremaa Loomaaia kruus- Leemuri logoga kingituseks - Saaremaa Zoo\",\"isPartOf\":{\"@id\":\"https:\/\/old.saaremaazoo.ee\/en\/#website\"},\"primaryImageOfPage\":{\"@id\":\"https:\/\/old.saaremaazoo.ee\/en\/toode\/saaremaa-loomaaia-kruus-leemuri-logoga\/#primaryimage\"},\"image\":{\"@id\":\"https:\/\/old.saaremaazoo.ee\/en\/toode\/saaremaa-loomaaia-kruus-leemuri-logoga\/#primaryimage\"},\"thumbnailUrl\":\"https:\/\/old.saaremaazoo.ee\/wp-content\/uploads\/2024\/10\/IMG-20240820-WA0001.jpg\",\"datePublished\":\"2024-10-07T06:33:28+00:00\",\"dateModified\":\"2024-11-03T00:00:42+00:00\",\"description\":\"Osta Saaremaa loomaaia eksklusiivne keraamiline kruus \u2013 ideaalne suveniir ja praktiline kingitus loomas\u00f5pradele. Valmistatud kvaliteetsest materjalist.\",\"breadcrumb\":{\"@id\":\"https:\/\/old.saaremaazoo.ee\/en\/toode\/saaremaa-loomaaia-kruus-leemuri-logoga\/#breadcrumb\"},\"inLanguage\":\"en-US\",\"potentialAction\":[{\"@type\":\"ReadAction\",\"target\":[\"https:\/\/old.saaremaazoo.ee\/en\/toode\/saaremaa-loomaaia-kruus-leemuri-logoga\/\"]}]},{\"@type\":\"ImageObject\",\"inLanguage\":\"en-US\",\"@id\":\"https:\/\/old.saaremaazoo.ee\/en\/toode\/saaremaa-loomaaia-kruus-leemuri-logoga\/#primaryimage\",\"url\":\"https:\/\/old.saaremaazoo.ee\/wp-content\/uploads\/2024\/10\/IMG-20240820-WA0001.jpg\",\"contentUrl\":\"https:\/\/old.saaremaazoo.ee\/wp-content\/uploads\/2024\/10\/IMG-20240820-WA0001.jpg\",\"width\":1280,\"height\":764,\"caption\":\"Saaremaa Loomaaia kruus, valge, leemuri logoga\"},{\"@type\":\"BreadcrumbList\",\"@id\":\"https:\/\/old.saaremaazoo.ee\/en\/toode\/saaremaa-loomaaia-kruus-leemuri-logoga\/#breadcrumb\",\"itemListElement\":[{\"@type\":\"ListItem\",\"position\":1,\"name\":\"Saaremaa loomaaed\",\"item\":\"https:\/\/old.saaremaazoo.ee\/en\/\"},{\"@type\":\"ListItem\",\"position\":2,\"name\":\"Shop\",\"item\":\"https:\/\/old.saaremaazoo.ee\/en\/shop-2\/\"},{\"@type\":\"ListItem\",\"position\":3,\"name\":\"Saaremaa Loomaaia kruus- Leemuri logoga\"}]},{\"@type\":\"WebSite\",\"@id\":\"https:\/\/old.saaremaazoo.ee\/en\/#website\",\"url\":\"https:\/\/old.saaremaazoo.ee\/en\/\",\"name\":\"Saaremaa Zoo\",\"description\":\"Esimene Saaremaa Loomaaed\",\"publisher\":{\"@id\":\"https:\/\/old.saaremaazoo.ee\/en\/#organization\"},\"potentialAction\":[{\"@type\":\"SearchAction\",\"target\":{\"@type\":\"EntryPoint\",\"urlTemplate\":\"https:\/\/old.saaremaazoo.ee\/en\/?s={search_term_string}\"},\"query-input\":{\"@type\":\"PropertyValueSpecification\",\"valueRequired\":true,\"valueName\":\"search_term_string\"}}],\"inLanguage\":\"en-US\"},{\"@type\":\"Organization\",\"@id\":\"https:\/\/old.saaremaazoo.ee\/en\/#organization\",\"name\":\"Saaremaa Loomaaed\",\"alternateName\":\"Saaremaa Zoo\",\"url\":\"https:\/\/old.saaremaazoo.ee\/en\/\",\"logo\":{\"@type\":\"ImageObject\",\"inLanguage\":\"en-US\",\"@id\":\"https:\/\/old.saaremaazoo.ee\/en\/#\/schema\/logo\/image\/\",\"url\":\"https:\/\/old.saaremaazoo.ee\/wp-content\/uploads\/2024\/11\/cropped-saaremaazoo_magnet_leemur__1__page-0001-removebg-preview.png\",\"contentUrl\":\"https:\/\/old.saaremaazoo.ee\/wp-content\/uploads\/2024\/11\/cropped-saaremaazoo_magnet_leemur__1__page-0001-removebg-preview.png\",\"width\":467,\"height\":325,\"caption\":\"Saaremaa Loomaaed\"},\"image\":{\"@id\":\"https:\/\/old.saaremaazoo.ee\/en\/#\/schema\/logo\/image\/\"},\"sameAs\":[\"https:\/\/www.facebook.com\/saaremaazoo\",\"https:\/\/www.instagram.com\/saaremaazoo\/\"]}]}<\/script>\n<!-- \/ Yoast SEO plugin. -->","yoast_head_json":{"title":"Unikaalne Saaremaa Loomaaia kruus- Leemuri logoga kingituseks - Saaremaa Zoo","description":"Osta Saaremaa loomaaia eksklusiivne keraamiline kruus \u2013 ideaalne suveniir ja praktiline kingitus loomas\u00f5pradele. Valmistatud kvaliteetsest materjalist.","robots":{"index":"noindex","follow":"follow","max-snippet":"max-snippet:-1","max-image-preview":"max-image-preview:large","max-video-preview":"max-video-preview:-1"},"og_locale":"en_US","og_type":"article","og_title":"Unikaalne Saaremaa Loomaaia kruus- Leemuri logoga kingituseks - Saaremaa Zoo","og_description":"Osta Saaremaa loomaaia eksklusiivne keraamiline kruus \u2013 ideaalne suveniir ja praktiline kingitus loomas\u00f5pradele. Valmistatud kvaliteetsest materjalist.","og_url":"https:\/\/old.saaremaazoo.ee\/en\/toode\/saaremaa-loomaaia-kruus-leemuri-logoga\/","og_site_name":"Saaremaa Zoo","article_publisher":"https:\/\/www.facebook.com\/saaremaazoo","article_modified_time":"2024-11-03T00:00:42+00:00","og_image":[{"width":1280,"height":764,"url":"https:\/\/old.saaremaazoo.ee\/wp-content\/uploads\/2024\/10\/IMG-20240820-WA0001.jpg","type":"image\/jpeg"}],"twitter_card":"summary_large_image","twitter_misc":{"Est. reading time":"1 minute"},"schema":{"@context":"https:\/\/schema.org","@graph":[{"@type":"WebPage","@id":"https:\/\/old.saaremaazoo.ee\/en\/toode\/saaremaa-loomaaia-kruus-leemuri-logoga\/","url":"https:\/\/old.saaremaazoo.ee\/en\/toode\/saaremaa-loomaaia-kruus-leemuri-logoga\/","name":"Unikaalne Saaremaa Loomaaia kruus- Leemuri logoga kingituseks - Saaremaa Zoo","isPartOf":{"@id":"https:\/\/old.saaremaazoo.ee\/en\/#website"},"primaryImageOfPage":{"@id":"https:\/\/old.saaremaazoo.ee\/en\/toode\/saaremaa-loomaaia-kruus-leemuri-logoga\/#primaryimage"},"image":{"@id":"https:\/\/old.saaremaazoo.ee\/en\/toode\/saaremaa-loomaaia-kruus-leemuri-logoga\/#primaryimage"},"thumbnailUrl":"https:\/\/old.saaremaazoo.ee\/wp-content\/uploads\/2024\/10\/IMG-20240820-WA0001.jpg","datePublished":"2024-10-07T06:33:28+00:00","dateModified":"2024-11-03T00:00:42+00:00","description":"Osta Saaremaa loomaaia eksklusiivne keraamiline kruus \u2013 ideaalne suveniir ja praktiline kingitus loomas\u00f5pradele. Valmistatud kvaliteetsest materjalist.","breadcrumb":{"@id":"https:\/\/old.saaremaazoo.ee\/en\/toode\/saaremaa-loomaaia-kruus-leemuri-logoga\/#breadcrumb"},"inLanguage":"en-US","potentialAction":[{"@type":"ReadAction","target":["https:\/\/old.saaremaazoo.ee\/en\/toode\/saaremaa-loomaaia-kruus-leemuri-logoga\/"]}]},{"@type":"ImageObject","inLanguage":"en-US","@id":"https:\/\/old.saaremaazoo.ee\/en\/toode\/saaremaa-loomaaia-kruus-leemuri-logoga\/#primaryimage","url":"https:\/\/old.saaremaazoo.ee\/wp-content\/uploads\/2024\/10\/IMG-20240820-WA0001.jpg","contentUrl":"https:\/\/old.saaremaazoo.ee\/wp-content\/uploads\/2024\/10\/IMG-20240820-WA0001.jpg","width":1280,"height":764,"caption":"Saaremaa Loomaaia kruus, valge, leemuri logoga"},{"@type":"BreadcrumbList","@id":"https:\/\/old.saaremaazoo.ee\/en\/toode\/saaremaa-loomaaia-kruus-leemuri-logoga\/#breadcrumb","itemListElement":[{"@type":"ListItem","position":1,"name":"Saaremaa loomaaed","item":"https:\/\/old.saaremaazoo.ee\/en\/"},{"@type":"ListItem","position":2,"name":"Shop","item":"https:\/\/old.saaremaazoo.ee\/en\/shop-2\/"},{"@type":"ListItem","position":3,"name":"Saaremaa Loomaaia kruus- Leemuri logoga"}]},{"@type":"WebSite","@id":"https:\/\/old.saaremaazoo.ee\/en\/#website","url":"https:\/\/old.saaremaazoo.ee\/en\/","name":"Saaremaa Zoo","description":"Esimene Saaremaa Loomaaed","publisher":{"@id":"https:\/\/old.saaremaazoo.ee\/en\/#organization"},"potentialAction":[{"@type":"SearchAction","target":{"@type":"EntryPoint","urlTemplate":"https:\/\/old.saaremaazoo.ee\/en\/?s={search_term_string}"},"query-input":{"@type":"PropertyValueSpecification","valueRequired":true,"valueName":"search_term_string"}}],"inLanguage":"en-US"},{"@type":"Organization","@id":"https:\/\/old.saaremaazoo.ee\/en\/#organization","name":"Saaremaa Loomaaed","alternateName":"Saaremaa Zoo","url":"https:\/\/old.saaremaazoo.ee\/en\/","logo":{"@type":"ImageObject","inLanguage":"en-US","@id":"https:\/\/old.saaremaazoo.ee\/en\/#\/schema\/logo\/image\/","url":"https:\/\/old.saaremaazoo.ee\/wp-content\/uploads\/2024\/11\/cropped-saaremaazoo_magnet_leemur__1__page-0001-removebg-preview.png","contentUrl":"https:\/\/old.saaremaazoo.ee\/wp-content\/uploads\/2024\/11\/cropped-saaremaazoo_magnet_leemur__1__page-0001-removebg-preview.png","width":467,"height":325,"caption":"Saaremaa Loomaaed"},"image":{"@id":"https:\/\/old.saaremaazoo.ee\/en\/#\/schema\/logo\/image\/"},"sameAs":["https:\/\/www.facebook.com\/saaremaazoo","https:\/\/www.instagram.com\/saaremaazoo\/"]}]}},"_links":{"self":[{"href":"https:\/\/old.saaremaazoo.ee\/en\/wp-json\/wp\/v2\/product\/3720","targetHints":{"allow":["GET"]}}],"collection":[{"href":"https:\/\/old.saaremaazoo.ee\/en\/wp-json\/wp\/v2\/product"}],"about":[{"href":"https:\/\/old.saaremaazoo.ee\/en\/wp-json\/wp\/v2\/types\/product"}],"replies":[{"embeddable":true,"href":"https:\/\/old.saaremaazoo.ee\/en\/wp-json\/wp\/v2\/comments?post=3720"}],"version-history":[{"count":1,"href":"https:\/\/old.saaremaazoo.ee\/en\/wp-json\/wp\/v2\/product\/3720\/revisions"}],"predecessor-version":[{"id":3721,"href":"https:\/\/old.saaremaazoo.ee\/en\/wp-json\/wp\/v2\/product\/3720\/revisions\/3721"}],"wp:featuredmedia":[{"embeddable":true,"href":"https:\/\/old.saaremaazoo.ee\/en\/wp-json\/wp\/v2\/media\/3662"}],"wp:attachment":[{"href":"https:\/\/old.saaremaazoo.ee\/en\/wp-json\/wp\/v2\/media?parent=3720"}],"wp:term":[{"taxonomy":"product_cat","embeddable":true,"href":"https:\/\/old.saaremaazoo.ee\/en\/wp-json\/wp\/v2\/product_cat?post=3720"},{"taxonomy":"product_tag","embeddable":true,"href":"https:\/\/old.saaremaazoo.ee\/en\/wp-json\/wp\/v2\/product_tag?post=3720"}],"curies":[{"name":"wp","href":"https:\/\/api.w.org\/{rel}","templated":true}]}}