{"id":3751,"date":"2024-10-21T14:14:56","date_gmt":"2024-10-21T14:14:56","guid":{"rendered":"https:\/\/old.saaremaazoo.ee\/?post_type=product&#038;p=3751"},"modified":"2024-10-21T14:14:57","modified_gmt":"2024-10-21T14:14:57","slug":"saaremaa-loomaaia-kuunal-rosina-maaliga","status":"publish","type":"product","link":"https:\/\/old.saaremaazoo.ee\/en\/toode\/saaremaa-loomaaia-kuunal-rosina-maaliga\/","title":{"rendered":"Saaremaa Loomaaia k\u00fc\u00fcnal Rosina maaliga"},"content":{"rendered":"<p>Lisa oma koju hubasust Saaremaa Loomaaia <strong>valge lauak\u00fc\u00fcnlaga<\/strong>!<\/p>\n<p>See kaunis l\u00f5hnatu vahak\u00fc\u00fcnal on valmistatud kvaliteetsest vahast ja kaunistatud Saaremaa Loomaaia asukate inspireeritud loomade maalingutega. Ideaalne valik nii lihtsaks dekoratsiooniks kui ka l\u00e4bim\u00f5eldud kingituseks looduse- ja loomaarmastajatele. Minimalistlik disain ja armsad illustratsioonid toovad looduse ilu sinu koju, luues sooja ja rahuliku atmosf\u00e4\u00e4ri.<\/p>\n<p>Valmistatud eritellimusel V\u00f5hma valgusevabriku poolt.<\/p>\n<p><strong>Omadused:<\/strong><\/p>\n<ul>\n<li>100% k\u00e4sit\u00f6\u00f6<\/li>\n<li>Valge l\u00f5hnatu vahak\u00fc\u00fcnal<\/li>\n<li>Kaunistatud Saaremaa Loomaaia loomade detailse maalinguga<\/li>\n<li>Sobib igap\u00e4evaseks kasutamiseks ja erilisteks puhkudeks<\/li>\n<li>Kvaliteetne ja kauakestev p\u00f5lemisaeg<\/li>\n<\/ul>\n<p><strong>Kasutusjuhend:<\/strong> Aseta k\u00fc\u00fcnal kuumakindlale pinnale ja trimmi taht enne igat p\u00f5letamist 0,5 cm pikkuseks, et saavutada \u00fchtlane p\u00f5lemine. V\u00e4ldi p\u00f5letamist \u00fcle 4 tunni korraga, et tagada maksimaalne turvalisus ja k\u00fc\u00fcnla pikaajaline kasutamine.<\/p>\n<p>&nbsp;<\/p>\n","protected":false},"excerpt":{"rendered":"<div class=\"flex max-w-full flex-col flex-grow\">\n<div class=\"min-h-8 text-message flex w-full flex-col items-end gap-2 whitespace-normal break-words [.text-message+&amp;]:mt-5\" dir=\"auto\" data-message-author-role=\"assistant\" data-message-id=\"008f4422-570d-4ca3-8c8c-642d9aba59b9\" data-message-model-slug=\"gpt-4o\">\n<div class=\"flex w-full flex-col gap-1 empty:hidden first:pt-[3px]\">\n<div class=\"markdown prose w-full break-words dark:prose-invert light\">\n<p><strong> Saaremaa Loomaaia Valge Lauak\u00fc\u00fcnal<\/strong><\/p>\n<p>Valge l\u00f5hnatu vahak\u00fc\u00fcnal, kaunistatud Saaremaa Loomaaia loomade maalingutega. Ideaalne kodu kaunistamiseks v\u00f5i kingituseks looduse- ja loomaarmastajatele. Kauakestev ja kvaliteetne k\u00fc\u00fcnal lisab hubasust igasse ruumi.<\/p>\n<\/div>\n<\/div>\n<\/div>\n<\/div>\n<div class=\"mb-2 flex gap-3 empty:hidden -ml-2\">\n<div class=\"items-center justify-start rounded-xl p-1 flex\">\n<div class=\"flex items-center\">\n<div class=\"flex items-center pb-0\"><\/div>\n<\/div>\n<\/div>\n<\/div>\n","protected":false},"featured_media":3754,"comment_status":"open","ping_status":"closed","template":"","meta":{"_monsterinsights_skip_tracking":false,"_monsterinsights_sitenote_active":false,"_monsterinsights_sitenote_note":"","_monsterinsights_sitenote_category":0,"site-sidebar-layout":"default","site-content-layout":"default","ast-site-content-layout":"","site-content-style":"default","site-sidebar-style":"default","ast-global-header-display":"","ast-banner-title-visibility":"","ast-main-header-display":"","ast-hfb-above-header-display":"","ast-hfb-below-header-display":"","ast-hfb-mobile-header-display":"","site-post-title":"","ast-breadcrumbs-content":"","ast-featured-img":"","footer-sml-layout":"","theme-transparent-header-meta":"default","adv-header-id-meta":"","stick-header-meta":"","header-above-stick-meta":"","header-main-stick-meta":"","header-below-stick-meta":"","astra-migrate-meta-layouts":"default","ast-page-background-enabled":"default","ast-page-background-meta":{"desktop":{"background-color":"var(--ast-global-color-4)","background-image":"","background-repeat":"repeat","background-position":"center center","background-size":"auto","background-attachment":"scroll","background-type":"","background-media":"","overlay-type":"","overlay-color":"","overlay-opacity":"","overlay-gradient":""},"tablet":{"background-color":"","background-image":"","background-repeat":"repeat","background-position":"center center","background-size":"auto","background-attachment":"scroll","background-type":"","background-media":"","overlay-type":"","overlay-color":"","overlay-opacity":"","overlay-gradient":""},"mobile":{"background-color":"","background-image":"","background-repeat":"repeat","background-position":"center center","background-size":"auto","background-attachment":"scroll","background-type":"","background-media":"","overlay-type":"","overlay-color":"","overlay-opacity":"","overlay-gradient":""}},"ast-content-background-meta":{"desktop":{"background-color":"var(--ast-global-color-5)","background-image":"","background-repeat":"repeat","background-position":"center center","background-size":"auto","background-attachment":"scroll","background-type":"","background-media":"","overlay-type":"","overlay-color":"","overlay-opacity":"","overlay-gradient":""},"tablet":{"background-color":"var(--ast-global-color-5)","background-image":"","background-repeat":"repeat","background-position":"center center","background-size":"auto","background-attachment":"scroll","background-type":"","background-media":"","overlay-type":"","overlay-color":"","overlay-opacity":"","overlay-gradient":""},"mobile":{"background-color":"var(--ast-global-color-5)","background-image":"","background-repeat":"repeat","background-position":"center center","background-size":"auto","background-attachment":"scroll","background-type":"","background-media":"","overlay-type":"","overlay-color":"","overlay-opacity":"","overlay-gradient":""}}},"product_cat":[30],"product_tag":[],"class_list":{"0":"post-3751","1":"product","2":"type-product","3":"status-publish","4":"has-post-thumbnail","6":"product_cat-kingitused","7":"desktop-align-center","8":"tablet-align-left","9":"mobile-align-left","11":"first","12":"instock","13":"taxable","14":"shipping-taxable","15":"purchasable","16":"product-type-simple"},"yoast_head":"<!-- This site is optimized with the Yoast SEO plugin v23.8 - https:\/\/yoast.com\/wordpress\/plugins\/seo\/ -->\n<title>Saaremaa Loomaaia k\u00fc\u00fcnal Rosina maaliga - Saaremaa Zoo<\/title>\n<meta name=\"description\" content=\"Too loodus oma koju Saaremaa Loomaaia valge lauak\u00fc\u00fcnlaga, millel on loomade maalingud. Valmistatud vahast, l\u00f5hnatu ja ideaalne kaunistuseks v\u00f5i kingituseks.\" \/>\n<meta name=\"robots\" content=\"noindex, follow, max-snippet:-1, max-image-preview:large, max-video-preview:-1\" \/>\n<meta property=\"og:locale\" content=\"en_US\" \/>\n<meta property=\"og:type\" content=\"article\" \/>\n<meta property=\"og:title\" content=\"Saaremaa Loomaaia k\u00fc\u00fcnal Rosina maaliga - Saaremaa Zoo\" \/>\n<meta property=\"og:description\" content=\"Too loodus oma koju Saaremaa Loomaaia valge lauak\u00fc\u00fcnlaga, millel on loomade maalingud. Valmistatud vahast, l\u00f5hnatu ja ideaalne kaunistuseks v\u00f5i kingituseks.\" \/>\n<meta property=\"og:url\" content=\"https:\/\/old.saaremaazoo.ee\/en\/toode\/saaremaa-loomaaia-kuunal-rosina-maaliga\/\" \/>\n<meta property=\"og:site_name\" content=\"Saaremaa Zoo\" \/>\n<meta property=\"article:publisher\" content=\"https:\/\/www.facebook.com\/saaremaazoo\" \/>\n<meta property=\"article:modified_time\" content=\"2024-10-21T14:14:57+00:00\" \/>\n<meta property=\"og:image\" content=\"https:\/\/old.saaremaazoo.ee\/wp-content\/uploads\/2024\/10\/20241019_125639-scaled.jpg\" \/>\n\t<meta property=\"og:image:width\" content=\"2116\" \/>\n\t<meta property=\"og:image:height\" content=\"2560\" \/>\n\t<meta property=\"og:image:type\" content=\"image\/jpeg\" \/>\n<meta name=\"twitter:card\" content=\"summary_large_image\" \/>\n<meta name=\"twitter:label1\" content=\"Est. reading time\" \/>\n\t<meta name=\"twitter:data1\" content=\"1 minute\" \/>\n<script type=\"application\/ld+json\" class=\"yoast-schema-graph\">{\"@context\":\"https:\/\/schema.org\",\"@graph\":[{\"@type\":\"WebPage\",\"@id\":\"https:\/\/old.saaremaazoo.ee\/en\/toode\/saaremaa-loomaaia-kuunal-rosina-maaliga\/\",\"url\":\"https:\/\/old.saaremaazoo.ee\/en\/toode\/saaremaa-loomaaia-kuunal-rosina-maaliga\/\",\"name\":\"Saaremaa Loomaaia k\u00fc\u00fcnal Rosina maaliga - Saaremaa Zoo\",\"isPartOf\":{\"@id\":\"https:\/\/old.saaremaazoo.ee\/en\/#website\"},\"primaryImageOfPage\":{\"@id\":\"https:\/\/old.saaremaazoo.ee\/en\/toode\/saaremaa-loomaaia-kuunal-rosina-maaliga\/#primaryimage\"},\"image\":{\"@id\":\"https:\/\/old.saaremaazoo.ee\/en\/toode\/saaremaa-loomaaia-kuunal-rosina-maaliga\/#primaryimage\"},\"thumbnailUrl\":\"https:\/\/old.saaremaazoo.ee\/wp-content\/uploads\/2024\/10\/20241019_125639-scaled.jpg\",\"datePublished\":\"2024-10-21T14:14:56+00:00\",\"dateModified\":\"2024-10-21T14:14:57+00:00\",\"description\":\"Too loodus oma koju Saaremaa Loomaaia valge lauak\u00fc\u00fcnlaga, millel on loomade maalingud. Valmistatud vahast, l\u00f5hnatu ja ideaalne kaunistuseks v\u00f5i kingituseks.\",\"breadcrumb\":{\"@id\":\"https:\/\/old.saaremaazoo.ee\/en\/toode\/saaremaa-loomaaia-kuunal-rosina-maaliga\/#breadcrumb\"},\"inLanguage\":\"en-US\",\"potentialAction\":[{\"@type\":\"ReadAction\",\"target\":[\"https:\/\/old.saaremaazoo.ee\/en\/toode\/saaremaa-loomaaia-kuunal-rosina-maaliga\/\"]}]},{\"@type\":\"ImageObject\",\"inLanguage\":\"en-US\",\"@id\":\"https:\/\/old.saaremaazoo.ee\/en\/toode\/saaremaa-loomaaia-kuunal-rosina-maaliga\/#primaryimage\",\"url\":\"https:\/\/old.saaremaazoo.ee\/wp-content\/uploads\/2024\/10\/20241019_125639-scaled.jpg\",\"contentUrl\":\"https:\/\/old.saaremaazoo.ee\/wp-content\/uploads\/2024\/10\/20241019_125639-scaled.jpg\",\"width\":2116,\"height\":2560,\"caption\":\"k\u00fc\u00fcnal\"},{\"@type\":\"BreadcrumbList\",\"@id\":\"https:\/\/old.saaremaazoo.ee\/en\/toode\/saaremaa-loomaaia-kuunal-rosina-maaliga\/#breadcrumb\",\"itemListElement\":[{\"@type\":\"ListItem\",\"position\":1,\"name\":\"Saaremaa loomaaed\",\"item\":\"https:\/\/old.saaremaazoo.ee\/en\/\"},{\"@type\":\"ListItem\",\"position\":2,\"name\":\"Shop\",\"item\":\"https:\/\/old.saaremaazoo.ee\/en\/shop-2\/\"},{\"@type\":\"ListItem\",\"position\":3,\"name\":\"Saaremaa Loomaaia k\u00fc\u00fcnal Rosina maaliga\"}]},{\"@type\":\"WebSite\",\"@id\":\"https:\/\/old.saaremaazoo.ee\/en\/#website\",\"url\":\"https:\/\/old.saaremaazoo.ee\/en\/\",\"name\":\"Saaremaa Zoo\",\"description\":\"Esimene Saaremaa Loomaaed\",\"publisher\":{\"@id\":\"https:\/\/old.saaremaazoo.ee\/en\/#organization\"},\"potentialAction\":[{\"@type\":\"SearchAction\",\"target\":{\"@type\":\"EntryPoint\",\"urlTemplate\":\"https:\/\/old.saaremaazoo.ee\/en\/?s={search_term_string}\"},\"query-input\":{\"@type\":\"PropertyValueSpecification\",\"valueRequired\":true,\"valueName\":\"search_term_string\"}}],\"inLanguage\":\"en-US\"},{\"@type\":\"Organization\",\"@id\":\"https:\/\/old.saaremaazoo.ee\/en\/#organization\",\"name\":\"Saaremaa Loomaaed\",\"alternateName\":\"Saaremaa Zoo\",\"url\":\"https:\/\/old.saaremaazoo.ee\/en\/\",\"logo\":{\"@type\":\"ImageObject\",\"inLanguage\":\"en-US\",\"@id\":\"https:\/\/old.saaremaazoo.ee\/en\/#\/schema\/logo\/image\/\",\"url\":\"https:\/\/old.saaremaazoo.ee\/wp-content\/uploads\/2024\/11\/cropped-saaremaazoo_magnet_leemur__1__page-0001-removebg-preview.png\",\"contentUrl\":\"https:\/\/old.saaremaazoo.ee\/wp-content\/uploads\/2024\/11\/cropped-saaremaazoo_magnet_leemur__1__page-0001-removebg-preview.png\",\"width\":467,\"height\":325,\"caption\":\"Saaremaa Loomaaed\"},\"image\":{\"@id\":\"https:\/\/old.saaremaazoo.ee\/en\/#\/schema\/logo\/image\/\"},\"sameAs\":[\"https:\/\/www.facebook.com\/saaremaazoo\",\"https:\/\/www.instagram.com\/saaremaazoo\/\"]}]}<\/script>\n<!-- \/ Yoast SEO plugin. -->","yoast_head_json":{"title":"Saaremaa Loomaaia k\u00fc\u00fcnal Rosina maaliga - Saaremaa Zoo","description":"Too loodus oma koju Saaremaa Loomaaia valge lauak\u00fc\u00fcnlaga, millel on loomade maalingud. Valmistatud vahast, l\u00f5hnatu ja ideaalne kaunistuseks v\u00f5i kingituseks.","robots":{"index":"noindex","follow":"follow","max-snippet":"max-snippet:-1","max-image-preview":"max-image-preview:large","max-video-preview":"max-video-preview:-1"},"og_locale":"en_US","og_type":"article","og_title":"Saaremaa Loomaaia k\u00fc\u00fcnal Rosina maaliga - Saaremaa Zoo","og_description":"Too loodus oma koju Saaremaa Loomaaia valge lauak\u00fc\u00fcnlaga, millel on loomade maalingud. Valmistatud vahast, l\u00f5hnatu ja ideaalne kaunistuseks v\u00f5i kingituseks.","og_url":"https:\/\/old.saaremaazoo.ee\/en\/toode\/saaremaa-loomaaia-kuunal-rosina-maaliga\/","og_site_name":"Saaremaa Zoo","article_publisher":"https:\/\/www.facebook.com\/saaremaazoo","article_modified_time":"2024-10-21T14:14:57+00:00","og_image":[{"width":2116,"height":2560,"url":"https:\/\/old.saaremaazoo.ee\/wp-content\/uploads\/2024\/10\/20241019_125639-scaled.jpg","type":"image\/jpeg"}],"twitter_card":"summary_large_image","twitter_misc":{"Est. reading time":"1 minute"},"schema":{"@context":"https:\/\/schema.org","@graph":[{"@type":"WebPage","@id":"https:\/\/old.saaremaazoo.ee\/en\/toode\/saaremaa-loomaaia-kuunal-rosina-maaliga\/","url":"https:\/\/old.saaremaazoo.ee\/en\/toode\/saaremaa-loomaaia-kuunal-rosina-maaliga\/","name":"Saaremaa Loomaaia k\u00fc\u00fcnal Rosina maaliga - Saaremaa Zoo","isPartOf":{"@id":"https:\/\/old.saaremaazoo.ee\/en\/#website"},"primaryImageOfPage":{"@id":"https:\/\/old.saaremaazoo.ee\/en\/toode\/saaremaa-loomaaia-kuunal-rosina-maaliga\/#primaryimage"},"image":{"@id":"https:\/\/old.saaremaazoo.ee\/en\/toode\/saaremaa-loomaaia-kuunal-rosina-maaliga\/#primaryimage"},"thumbnailUrl":"https:\/\/old.saaremaazoo.ee\/wp-content\/uploads\/2024\/10\/20241019_125639-scaled.jpg","datePublished":"2024-10-21T14:14:56+00:00","dateModified":"2024-10-21T14:14:57+00:00","description":"Too loodus oma koju Saaremaa Loomaaia valge lauak\u00fc\u00fcnlaga, millel on loomade maalingud. Valmistatud vahast, l\u00f5hnatu ja ideaalne kaunistuseks v\u00f5i kingituseks.","breadcrumb":{"@id":"https:\/\/old.saaremaazoo.ee\/en\/toode\/saaremaa-loomaaia-kuunal-rosina-maaliga\/#breadcrumb"},"inLanguage":"en-US","potentialAction":[{"@type":"ReadAction","target":["https:\/\/old.saaremaazoo.ee\/en\/toode\/saaremaa-loomaaia-kuunal-rosina-maaliga\/"]}]},{"@type":"ImageObject","inLanguage":"en-US","@id":"https:\/\/old.saaremaazoo.ee\/en\/toode\/saaremaa-loomaaia-kuunal-rosina-maaliga\/#primaryimage","url":"https:\/\/old.saaremaazoo.ee\/wp-content\/uploads\/2024\/10\/20241019_125639-scaled.jpg","contentUrl":"https:\/\/old.saaremaazoo.ee\/wp-content\/uploads\/2024\/10\/20241019_125639-scaled.jpg","width":2116,"height":2560,"caption":"k\u00fc\u00fcnal"},{"@type":"BreadcrumbList","@id":"https:\/\/old.saaremaazoo.ee\/en\/toode\/saaremaa-loomaaia-kuunal-rosina-maaliga\/#breadcrumb","itemListElement":[{"@type":"ListItem","position":1,"name":"Saaremaa loomaaed","item":"https:\/\/old.saaremaazoo.ee\/en\/"},{"@type":"ListItem","position":2,"name":"Shop","item":"https:\/\/old.saaremaazoo.ee\/en\/shop-2\/"},{"@type":"ListItem","position":3,"name":"Saaremaa Loomaaia k\u00fc\u00fcnal Rosina maaliga"}]},{"@type":"WebSite","@id":"https:\/\/old.saaremaazoo.ee\/en\/#website","url":"https:\/\/old.saaremaazoo.ee\/en\/","name":"Saaremaa Zoo","description":"Esimene Saaremaa Loomaaed","publisher":{"@id":"https:\/\/old.saaremaazoo.ee\/en\/#organization"},"potentialAction":[{"@type":"SearchAction","target":{"@type":"EntryPoint","urlTemplate":"https:\/\/old.saaremaazoo.ee\/en\/?s={search_term_string}"},"query-input":{"@type":"PropertyValueSpecification","valueRequired":true,"valueName":"search_term_string"}}],"inLanguage":"en-US"},{"@type":"Organization","@id":"https:\/\/old.saaremaazoo.ee\/en\/#organization","name":"Saaremaa Loomaaed","alternateName":"Saaremaa Zoo","url":"https:\/\/old.saaremaazoo.ee\/en\/","logo":{"@type":"ImageObject","inLanguage":"en-US","@id":"https:\/\/old.saaremaazoo.ee\/en\/#\/schema\/logo\/image\/","url":"https:\/\/old.saaremaazoo.ee\/wp-content\/uploads\/2024\/11\/cropped-saaremaazoo_magnet_leemur__1__page-0001-removebg-preview.png","contentUrl":"https:\/\/old.saaremaazoo.ee\/wp-content\/uploads\/2024\/11\/cropped-saaremaazoo_magnet_leemur__1__page-0001-removebg-preview.png","width":467,"height":325,"caption":"Saaremaa Loomaaed"},"image":{"@id":"https:\/\/old.saaremaazoo.ee\/en\/#\/schema\/logo\/image\/"},"sameAs":["https:\/\/www.facebook.com\/saaremaazoo","https:\/\/www.instagram.com\/saaremaazoo\/"]}]}},"_links":{"self":[{"href":"https:\/\/old.saaremaazoo.ee\/en\/wp-json\/wp\/v2\/product\/3751","targetHints":{"allow":["GET"]}}],"collection":[{"href":"https:\/\/old.saaremaazoo.ee\/en\/wp-json\/wp\/v2\/product"}],"about":[{"href":"https:\/\/old.saaremaazoo.ee\/en\/wp-json\/wp\/v2\/types\/product"}],"replies":[{"embeddable":true,"href":"https:\/\/old.saaremaazoo.ee\/en\/wp-json\/wp\/v2\/comments?post=3751"}],"version-history":[{"count":1,"href":"https:\/\/old.saaremaazoo.ee\/en\/wp-json\/wp\/v2\/product\/3751\/revisions"}],"predecessor-version":[{"id":3758,"href":"https:\/\/old.saaremaazoo.ee\/en\/wp-json\/wp\/v2\/product\/3751\/revisions\/3758"}],"wp:featuredmedia":[{"embeddable":true,"href":"https:\/\/old.saaremaazoo.ee\/en\/wp-json\/wp\/v2\/media\/3754"}],"wp:attachment":[{"href":"https:\/\/old.saaremaazoo.ee\/en\/wp-json\/wp\/v2\/media?parent=3751"}],"wp:term":[{"taxonomy":"product_cat","embeddable":true,"href":"https:\/\/old.saaremaazoo.ee\/en\/wp-json\/wp\/v2\/product_cat?post=3751"},{"taxonomy":"product_tag","embeddable":true,"href":"https:\/\/old.saaremaazoo.ee\/en\/wp-json\/wp\/v2\/product_tag?post=3751"}],"curies":[{"name":"wp","href":"https:\/\/api.w.org\/{rel}","templated":true}]}}