{"id":3771,"date":"2024-10-28T12:33:08","date_gmt":"2024-10-28T12:33:08","guid":{"rendered":"https:\/\/old.saaremaazoo.ee\/?post_type=product&#038;p=3771"},"modified":"2024-10-28T12:33:08","modified_gmt":"2024-10-28T12:33:08","slug":"pehme-kaisukas-flamingo","status":"publish","type":"product","link":"https:\/\/old.saaremaazoo.ee\/en\/toode\/pehme-kaisukas-flamingo\/","title":{"rendered":"Pehme kaisukas Flamingo"},"content":{"rendered":"<p>Flamingo, kes on sama pehme kui pilv ja sama v\u00e4rvikas kui vikerkaar! NaturePlaneti Funkylandi flamingo kaisukas on paraja suurusega, t\u00e4is r\u00f5\u00f5mu ja s\u00f5bralikkust. See armas flamingo on alati valmis kallistusteks ja toob igale lapsele naeratuse n\u00e4ole. T\u00e4iuslik kaisuloom igale flamingo-s\u00f5brale, kes armastab pehmet pai ja l\u00f5busaid v\u00e4rve.<\/p>\n<ul>\n<li><strong>Br\u00e4nd<\/strong>: NaturePlanet<\/li>\n<li><strong>Kollektsioon<\/strong>: Funkyland<\/li>\n<li><strong>Suurus<\/strong>: k\u00f5rgus 62cm , t\u00e4pselt kaisutamiseks m\u00f5eldud<\/li>\n<li><strong>Omadused<\/strong>: \u00dclipehme, v\u00e4rviline ja kutsuvalt s\u00f5bralik<\/li>\n<li><strong>Sobib<\/strong>: Lastetuppa, kaisutamiseks ja kingituseks k\u00f5igile, kes armastavad flamingosid<\/li>\n<\/ul>\n<p>V\u00f5ta oma uus flamingo s\u00f5ber kaissu ja loo pehmeid, r\u00f5\u00f5msaid m\u00e4lestusi iga p\u00e4ev!<\/p>\n","protected":false},"excerpt":{"rendered":"<p>Flamingo, kes on sama pehme kui pilv ja sama v\u00e4rvikas kui vikerkaar! NaturePlaneti Funkylandi flamingo kaisukas on paraja suurusega, t\u00e4is r\u00f5\u00f5mu ja s\u00f5bralikkust. See armas flamingo on alati valmis kallistusteks ja toob igale lapsele naeratuse n\u00e4ole. T\u00e4iuslik kaisuloom igale flamingo-s\u00f5brale, kes armastab pehmet pai ja l\u00f5busaid v\u00e4rve. Br\u00e4nd: NaturePlanet Kollektsioon: Funkyland Suurus: k\u00f5rgus 62cm , [&hellip;]<\/p>\n","protected":false},"featured_media":3772,"comment_status":"open","ping_status":"closed","template":"","meta":{"_monsterinsights_skip_tracking":false,"_monsterinsights_sitenote_active":false,"_monsterinsights_sitenote_note":"","_monsterinsights_sitenote_category":0,"site-sidebar-layout":"default","site-content-layout":"default","ast-site-content-layout":"","site-content-style":"default","site-sidebar-style":"default","ast-global-header-display":"","ast-banner-title-visibility":"","ast-main-header-display":"","ast-hfb-above-header-display":"","ast-hfb-below-header-display":"","ast-hfb-mobile-header-display":"","site-post-title":"","ast-breadcrumbs-content":"","ast-featured-img":"","footer-sml-layout":"","theme-transparent-header-meta":"default","adv-header-id-meta":"","stick-header-meta":"","header-above-stick-meta":"","header-main-stick-meta":"","header-below-stick-meta":"","astra-migrate-meta-layouts":"default","ast-page-background-enabled":"default","ast-page-background-meta":{"desktop":{"background-color":"var(--ast-global-color-4)","background-image":"","background-repeat":"repeat","background-position":"center center","background-size":"auto","background-attachment":"scroll","background-type":"","background-media":"","overlay-type":"","overlay-color":"","overlay-opacity":"","overlay-gradient":""},"tablet":{"background-color":"","background-image":"","background-repeat":"repeat","background-position":"center center","background-size":"auto","background-attachment":"scroll","background-type":"","background-media":"","overlay-type":"","overlay-color":"","overlay-opacity":"","overlay-gradient":""},"mobile":{"background-color":"","background-image":"","background-repeat":"repeat","background-position":"center center","background-size":"auto","background-attachment":"scroll","background-type":"","background-media":"","overlay-type":"","overlay-color":"","overlay-opacity":"","overlay-gradient":""}},"ast-content-background-meta":{"desktop":{"background-color":"var(--ast-global-color-5)","background-image":"","background-repeat":"repeat","background-position":"center center","background-size":"auto","background-attachment":"scroll","background-type":"","background-media":"","overlay-type":"","overlay-color":"","overlay-opacity":"","overlay-gradient":""},"tablet":{"background-color":"var(--ast-global-color-5)","background-image":"","background-repeat":"repeat","background-position":"center center","background-size":"auto","background-attachment":"scroll","background-type":"","background-media":"","overlay-type":"","overlay-color":"","overlay-opacity":"","overlay-gradient":""},"mobile":{"background-color":"var(--ast-global-color-5)","background-image":"","background-repeat":"repeat","background-position":"center center","background-size":"auto","background-attachment":"scroll","background-type":"","background-media":"","overlay-type":"","overlay-color":"","overlay-opacity":"","overlay-gradient":""}}},"product_cat":[28],"product_tag":[],"class_list":{"0":"post-3771","1":"product","2":"type-product","3":"status-publish","4":"has-post-thumbnail","6":"product_cat-saaremaa-loomaia-manguasjad","7":"desktop-align-center","8":"tablet-align-left","9":"mobile-align-left","11":"first","12":"instock","13":"taxable","14":"shipping-taxable","15":"purchasable","16":"product-type-simple"},"yoast_head":"<!-- This site is optimized with the Yoast SEO plugin v23.8 - https:\/\/yoast.com\/wordpress\/plugins\/seo\/ -->\n<title>Pehme kaisukas Flamingo - Saaremaa Zoo<\/title>\n<meta name=\"description\" content=\"Saaremaa Zoo V\u00e4ike ja pehme kaisuloom \u2013 roosa flamingo toob naeratuse n\u00e4ole ja on ideaalne s\u00f5ber lastele! T\u00e4iuslik kingitus v\u00e4ikestele flamingo-s\u00f5pradele.\" \/>\n<meta name=\"robots\" content=\"noindex, follow, max-snippet:-1, max-image-preview:large, max-video-preview:-1\" \/>\n<meta property=\"og:locale\" content=\"en_US\" \/>\n<meta property=\"og:type\" content=\"article\" \/>\n<meta property=\"og:title\" content=\"Pehme kaisukas Flamingo - Saaremaa Zoo\" \/>\n<meta property=\"og:description\" content=\"Saaremaa Zoo V\u00e4ike ja pehme kaisuloom \u2013 roosa flamingo toob naeratuse n\u00e4ole ja on ideaalne s\u00f5ber lastele! T\u00e4iuslik kingitus v\u00e4ikestele flamingo-s\u00f5pradele.\" \/>\n<meta property=\"og:url\" content=\"https:\/\/old.saaremaazoo.ee\/en\/toode\/pehme-kaisukas-flamingo\/\" \/>\n<meta property=\"og:site_name\" content=\"Saaremaa Zoo\" \/>\n<meta property=\"article:publisher\" content=\"https:\/\/www.facebook.com\/saaremaazoo\" \/>\n<meta property=\"og:image\" content=\"https:\/\/old.saaremaazoo.ee\/wp-content\/uploads\/2024\/10\/flamingo-s.webp\" \/>\n\t<meta property=\"og:image:width\" content=\"591\" \/>\n\t<meta property=\"og:image:height\" content=\"591\" \/>\n\t<meta property=\"og:image:type\" content=\"image\/webp\" \/>\n<meta name=\"twitter:card\" content=\"summary_large_image\" \/>\n<meta name=\"twitter:label1\" content=\"Est. reading time\" \/>\n\t<meta name=\"twitter:data1\" content=\"1 minute\" \/>\n<script type=\"application\/ld+json\" class=\"yoast-schema-graph\">{\"@context\":\"https:\/\/schema.org\",\"@graph\":[{\"@type\":\"WebPage\",\"@id\":\"https:\/\/old.saaremaazoo.ee\/en\/toode\/pehme-kaisukas-flamingo\/\",\"url\":\"https:\/\/old.saaremaazoo.ee\/en\/toode\/pehme-kaisukas-flamingo\/\",\"name\":\"Pehme kaisukas Flamingo - Saaremaa Zoo\",\"isPartOf\":{\"@id\":\"https:\/\/old.saaremaazoo.ee\/en\/#website\"},\"primaryImageOfPage\":{\"@id\":\"https:\/\/old.saaremaazoo.ee\/en\/toode\/pehme-kaisukas-flamingo\/#primaryimage\"},\"image\":{\"@id\":\"https:\/\/old.saaremaazoo.ee\/en\/toode\/pehme-kaisukas-flamingo\/#primaryimage\"},\"thumbnailUrl\":\"https:\/\/old.saaremaazoo.ee\/wp-content\/uploads\/2024\/10\/flamingo-s.webp\",\"datePublished\":\"2024-10-28T12:33:08+00:00\",\"dateModified\":\"2024-10-28T12:33:08+00:00\",\"description\":\"Saaremaa Zoo V\u00e4ike ja pehme kaisuloom \u2013 roosa flamingo toob naeratuse n\u00e4ole ja on ideaalne s\u00f5ber lastele! T\u00e4iuslik kingitus v\u00e4ikestele flamingo-s\u00f5pradele.\",\"breadcrumb\":{\"@id\":\"https:\/\/old.saaremaazoo.ee\/en\/toode\/pehme-kaisukas-flamingo\/#breadcrumb\"},\"inLanguage\":\"en-US\",\"potentialAction\":[{\"@type\":\"ReadAction\",\"target\":[\"https:\/\/old.saaremaazoo.ee\/en\/toode\/pehme-kaisukas-flamingo\/\"]}]},{\"@type\":\"ImageObject\",\"inLanguage\":\"en-US\",\"@id\":\"https:\/\/old.saaremaazoo.ee\/en\/toode\/pehme-kaisukas-flamingo\/#primaryimage\",\"url\":\"https:\/\/old.saaremaazoo.ee\/wp-content\/uploads\/2024\/10\/flamingo-s.webp\",\"contentUrl\":\"https:\/\/old.saaremaazoo.ee\/wp-content\/uploads\/2024\/10\/flamingo-s.webp\",\"width\":591,\"height\":591},{\"@type\":\"BreadcrumbList\",\"@id\":\"https:\/\/old.saaremaazoo.ee\/en\/toode\/pehme-kaisukas-flamingo\/#breadcrumb\",\"itemListElement\":[{\"@type\":\"ListItem\",\"position\":1,\"name\":\"Saaremaa loomaaed\",\"item\":\"https:\/\/old.saaremaazoo.ee\/en\/\"},{\"@type\":\"ListItem\",\"position\":2,\"name\":\"Shop\",\"item\":\"https:\/\/old.saaremaazoo.ee\/en\/shop-2\/\"},{\"@type\":\"ListItem\",\"position\":3,\"name\":\"Pehme kaisukas Flamingo\"}]},{\"@type\":\"WebSite\",\"@id\":\"https:\/\/old.saaremaazoo.ee\/en\/#website\",\"url\":\"https:\/\/old.saaremaazoo.ee\/en\/\",\"name\":\"Saaremaa Zoo\",\"description\":\"Esimene Saaremaa Loomaaed\",\"publisher\":{\"@id\":\"https:\/\/old.saaremaazoo.ee\/en\/#organization\"},\"potentialAction\":[{\"@type\":\"SearchAction\",\"target\":{\"@type\":\"EntryPoint\",\"urlTemplate\":\"https:\/\/old.saaremaazoo.ee\/en\/?s={search_term_string}\"},\"query-input\":{\"@type\":\"PropertyValueSpecification\",\"valueRequired\":true,\"valueName\":\"search_term_string\"}}],\"inLanguage\":\"en-US\"},{\"@type\":\"Organization\",\"@id\":\"https:\/\/old.saaremaazoo.ee\/en\/#organization\",\"name\":\"Saaremaa Loomaaed\",\"alternateName\":\"Saaremaa Zoo\",\"url\":\"https:\/\/old.saaremaazoo.ee\/en\/\",\"logo\":{\"@type\":\"ImageObject\",\"inLanguage\":\"en-US\",\"@id\":\"https:\/\/old.saaremaazoo.ee\/en\/#\/schema\/logo\/image\/\",\"url\":\"https:\/\/old.saaremaazoo.ee\/wp-content\/uploads\/2024\/11\/cropped-saaremaazoo_magnet_leemur__1__page-0001-removebg-preview.png\",\"contentUrl\":\"https:\/\/old.saaremaazoo.ee\/wp-content\/uploads\/2024\/11\/cropped-saaremaazoo_magnet_leemur__1__page-0001-removebg-preview.png\",\"width\":467,\"height\":325,\"caption\":\"Saaremaa Loomaaed\"},\"image\":{\"@id\":\"https:\/\/old.saaremaazoo.ee\/en\/#\/schema\/logo\/image\/\"},\"sameAs\":[\"https:\/\/www.facebook.com\/saaremaazoo\",\"https:\/\/www.instagram.com\/saaremaazoo\/\"]}]}<\/script>\n<!-- \/ Yoast SEO plugin. -->","yoast_head_json":{"title":"Pehme kaisukas Flamingo - Saaremaa Zoo","description":"Saaremaa Zoo V\u00e4ike ja pehme kaisuloom \u2013 roosa flamingo toob naeratuse n\u00e4ole ja on ideaalne s\u00f5ber lastele! T\u00e4iuslik kingitus v\u00e4ikestele flamingo-s\u00f5pradele.","robots":{"index":"noindex","follow":"follow","max-snippet":"max-snippet:-1","max-image-preview":"max-image-preview:large","max-video-preview":"max-video-preview:-1"},"og_locale":"en_US","og_type":"article","og_title":"Pehme kaisukas Flamingo - Saaremaa Zoo","og_description":"Saaremaa Zoo V\u00e4ike ja pehme kaisuloom \u2013 roosa flamingo toob naeratuse n\u00e4ole ja on ideaalne s\u00f5ber lastele! T\u00e4iuslik kingitus v\u00e4ikestele flamingo-s\u00f5pradele.","og_url":"https:\/\/old.saaremaazoo.ee\/en\/toode\/pehme-kaisukas-flamingo\/","og_site_name":"Saaremaa Zoo","article_publisher":"https:\/\/www.facebook.com\/saaremaazoo","og_image":[{"width":591,"height":591,"url":"https:\/\/old.saaremaazoo.ee\/wp-content\/uploads\/2024\/10\/flamingo-s.webp","type":"image\/webp"}],"twitter_card":"summary_large_image","twitter_misc":{"Est. reading time":"1 minute"},"schema":{"@context":"https:\/\/schema.org","@graph":[{"@type":"WebPage","@id":"https:\/\/old.saaremaazoo.ee\/en\/toode\/pehme-kaisukas-flamingo\/","url":"https:\/\/old.saaremaazoo.ee\/en\/toode\/pehme-kaisukas-flamingo\/","name":"Pehme kaisukas Flamingo - Saaremaa Zoo","isPartOf":{"@id":"https:\/\/old.saaremaazoo.ee\/en\/#website"},"primaryImageOfPage":{"@id":"https:\/\/old.saaremaazoo.ee\/en\/toode\/pehme-kaisukas-flamingo\/#primaryimage"},"image":{"@id":"https:\/\/old.saaremaazoo.ee\/en\/toode\/pehme-kaisukas-flamingo\/#primaryimage"},"thumbnailUrl":"https:\/\/old.saaremaazoo.ee\/wp-content\/uploads\/2024\/10\/flamingo-s.webp","datePublished":"2024-10-28T12:33:08+00:00","dateModified":"2024-10-28T12:33:08+00:00","description":"Saaremaa Zoo V\u00e4ike ja pehme kaisuloom \u2013 roosa flamingo toob naeratuse n\u00e4ole ja on ideaalne s\u00f5ber lastele! T\u00e4iuslik kingitus v\u00e4ikestele flamingo-s\u00f5pradele.","breadcrumb":{"@id":"https:\/\/old.saaremaazoo.ee\/en\/toode\/pehme-kaisukas-flamingo\/#breadcrumb"},"inLanguage":"en-US","potentialAction":[{"@type":"ReadAction","target":["https:\/\/old.saaremaazoo.ee\/en\/toode\/pehme-kaisukas-flamingo\/"]}]},{"@type":"ImageObject","inLanguage":"en-US","@id":"https:\/\/old.saaremaazoo.ee\/en\/toode\/pehme-kaisukas-flamingo\/#primaryimage","url":"https:\/\/old.saaremaazoo.ee\/wp-content\/uploads\/2024\/10\/flamingo-s.webp","contentUrl":"https:\/\/old.saaremaazoo.ee\/wp-content\/uploads\/2024\/10\/flamingo-s.webp","width":591,"height":591},{"@type":"BreadcrumbList","@id":"https:\/\/old.saaremaazoo.ee\/en\/toode\/pehme-kaisukas-flamingo\/#breadcrumb","itemListElement":[{"@type":"ListItem","position":1,"name":"Saaremaa loomaaed","item":"https:\/\/old.saaremaazoo.ee\/en\/"},{"@type":"ListItem","position":2,"name":"Shop","item":"https:\/\/old.saaremaazoo.ee\/en\/shop-2\/"},{"@type":"ListItem","position":3,"name":"Pehme kaisukas Flamingo"}]},{"@type":"WebSite","@id":"https:\/\/old.saaremaazoo.ee\/en\/#website","url":"https:\/\/old.saaremaazoo.ee\/en\/","name":"Saaremaa Zoo","description":"Esimene Saaremaa Loomaaed","publisher":{"@id":"https:\/\/old.saaremaazoo.ee\/en\/#organization"},"potentialAction":[{"@type":"SearchAction","target":{"@type":"EntryPoint","urlTemplate":"https:\/\/old.saaremaazoo.ee\/en\/?s={search_term_string}"},"query-input":{"@type":"PropertyValueSpecification","valueRequired":true,"valueName":"search_term_string"}}],"inLanguage":"en-US"},{"@type":"Organization","@id":"https:\/\/old.saaremaazoo.ee\/en\/#organization","name":"Saaremaa Loomaaed","alternateName":"Saaremaa Zoo","url":"https:\/\/old.saaremaazoo.ee\/en\/","logo":{"@type":"ImageObject","inLanguage":"en-US","@id":"https:\/\/old.saaremaazoo.ee\/en\/#\/schema\/logo\/image\/","url":"https:\/\/old.saaremaazoo.ee\/wp-content\/uploads\/2024\/11\/cropped-saaremaazoo_magnet_leemur__1__page-0001-removebg-preview.png","contentUrl":"https:\/\/old.saaremaazoo.ee\/wp-content\/uploads\/2024\/11\/cropped-saaremaazoo_magnet_leemur__1__page-0001-removebg-preview.png","width":467,"height":325,"caption":"Saaremaa Loomaaed"},"image":{"@id":"https:\/\/old.saaremaazoo.ee\/en\/#\/schema\/logo\/image\/"},"sameAs":["https:\/\/www.facebook.com\/saaremaazoo","https:\/\/www.instagram.com\/saaremaazoo\/"]}]}},"_links":{"self":[{"href":"https:\/\/old.saaremaazoo.ee\/en\/wp-json\/wp\/v2\/product\/3771","targetHints":{"allow":["GET"]}}],"collection":[{"href":"https:\/\/old.saaremaazoo.ee\/en\/wp-json\/wp\/v2\/product"}],"about":[{"href":"https:\/\/old.saaremaazoo.ee\/en\/wp-json\/wp\/v2\/types\/product"}],"replies":[{"embeddable":true,"href":"https:\/\/old.saaremaazoo.ee\/en\/wp-json\/wp\/v2\/comments?post=3771"}],"version-history":[{"count":1,"href":"https:\/\/old.saaremaazoo.ee\/en\/wp-json\/wp\/v2\/product\/3771\/revisions"}],"predecessor-version":[{"id":3788,"href":"https:\/\/old.saaremaazoo.ee\/en\/wp-json\/wp\/v2\/product\/3771\/revisions\/3788"}],"wp:featuredmedia":[{"embeddable":true,"href":"https:\/\/old.saaremaazoo.ee\/en\/wp-json\/wp\/v2\/media\/3772"}],"wp:attachment":[{"href":"https:\/\/old.saaremaazoo.ee\/en\/wp-json\/wp\/v2\/media?parent=3771"}],"wp:term":[{"taxonomy":"product_cat","embeddable":true,"href":"https:\/\/old.saaremaazoo.ee\/en\/wp-json\/wp\/v2\/product_cat?post=3771"},{"taxonomy":"product_tag","embeddable":true,"href":"https:\/\/old.saaremaazoo.ee\/en\/wp-json\/wp\/v2\/product_tag?post=3771"}],"curies":[{"name":"wp","href":"https:\/\/api.w.org\/{rel}","templated":true}]}}