{"id":3795,"date":"2024-10-28T13:31:31","date_gmt":"2024-10-28T13:31:31","guid":{"rendered":"https:\/\/old.saaremaazoo.ee\/?post_type=product&#038;p=3795"},"modified":"2024-10-28T13:34:43","modified_gmt":"2024-10-28T13:34:43","slug":"pehme-kaisukas-kanguru-ruu","status":"publish","type":"product","link":"https:\/\/old.saaremaazoo.ee\/en\/toode\/pehme-kaisukas-kanguru-ruu\/","title":{"rendered":"Pehme kaisukas k\u00e4nguru Ruu"},"content":{"rendered":"<p>See vahva k\u00e4nguru kaisukas on nii pehme, et sa tahad teda alati kallistada! NaturePlaneti k\u00e4nguru kaisukas oma armsa v\u00e4ikese kukruga on valmis h\u00fcppama igasse lastetuppa ja tooma kaasa r\u00f5\u00f5mu ja seiklusi. Sobib ideaalselt v\u00e4ikesele looduss\u00f5brale ja m\u00e4ngukaaslaseks iga p\u00e4ev!<\/p>\n<p>Pane t\u00e4hele! K\u00e4ngurul on k\u00f5hupeal vahva kotikene, kuhu saab midagi vahvat \u00e4ra peita!<\/p>\n<p><strong>Tooteandmed:<\/strong><\/p>\n<ul>\n<li><strong>Br\u00e4nd<\/strong>: NaturePlanet<\/li>\n<li><strong>Suurus<\/strong>:43cm , just kaisutamiseks loodud<\/li>\n<li><strong>Omadused<\/strong>: Superpehme, armsa kukruga ja r\u00f5\u00f5msameelne<\/li>\n<li><strong>Sobib<\/strong>: Lastetuppa, kaisutamiseks ja kingituseks k\u00f5igile k\u00e4ngurus\u00f5pradele<\/li>\n<\/ul>\n<p>V\u00f5ta oma uus k\u00e4nguru s\u00f5ber kaissu ja seikle temaga Austraalia looduses &#8211; kaisus v\u00f5i unistustes!<\/p>\n","protected":false},"excerpt":{"rendered":"<p>See vahva k\u00e4nguru kaisukas on nii pehme, et sa tahad teda alati kallistada! NaturePlaneti k\u00e4nguru kaisukas oma armsa v\u00e4ikese kukruga on valmis h\u00fcppama igasse lastetuppa ja tooma kaasa r\u00f5\u00f5mu ja seiklusi. Sobib ideaalselt v\u00e4ikesele looduss\u00f5brale ja m\u00e4ngukaaslaseks iga p\u00e4ev! Pane t\u00e4hele! K\u00e4ngurul on k\u00f5hupeal vahva kotikene, kuhu saab midagi vahvat \u00e4ra peita! Tooteandmed: Br\u00e4nd: NaturePlanet [&hellip;]<\/p>\n","protected":false},"featured_media":3780,"comment_status":"open","ping_status":"closed","template":"","meta":{"_monsterinsights_skip_tracking":false,"_monsterinsights_sitenote_active":false,"_monsterinsights_sitenote_note":"","_monsterinsights_sitenote_category":0,"site-sidebar-layout":"default","site-content-layout":"default","ast-site-content-layout":"","site-content-style":"default","site-sidebar-style":"default","ast-global-header-display":"","ast-banner-title-visibility":"","ast-main-header-display":"","ast-hfb-above-header-display":"","ast-hfb-below-header-display":"","ast-hfb-mobile-header-display":"","site-post-title":"","ast-breadcrumbs-content":"","ast-featured-img":"","footer-sml-layout":"","theme-transparent-header-meta":"default","adv-header-id-meta":"","stick-header-meta":"","header-above-stick-meta":"","header-main-stick-meta":"","header-below-stick-meta":"","astra-migrate-meta-layouts":"default","ast-page-background-enabled":"default","ast-page-background-meta":{"desktop":{"background-color":"var(--ast-global-color-4)","background-image":"","background-repeat":"repeat","background-position":"center center","background-size":"auto","background-attachment":"scroll","background-type":"","background-media":"","overlay-type":"","overlay-color":"","overlay-opacity":"","overlay-gradient":""},"tablet":{"background-color":"","background-image":"","background-repeat":"repeat","background-position":"center center","background-size":"auto","background-attachment":"scroll","background-type":"","background-media":"","overlay-type":"","overlay-color":"","overlay-opacity":"","overlay-gradient":""},"mobile":{"background-color":"","background-image":"","background-repeat":"repeat","background-position":"center center","background-size":"auto","background-attachment":"scroll","background-type":"","background-media":"","overlay-type":"","overlay-color":"","overlay-opacity":"","overlay-gradient":""}},"ast-content-background-meta":{"desktop":{"background-color":"var(--ast-global-color-5)","background-image":"","background-repeat":"repeat","background-position":"center center","background-size":"auto","background-attachment":"scroll","background-type":"","background-media":"","overlay-type":"","overlay-color":"","overlay-opacity":"","overlay-gradient":""},"tablet":{"background-color":"var(--ast-global-color-5)","background-image":"","background-repeat":"repeat","background-position":"center center","background-size":"auto","background-attachment":"scroll","background-type":"","background-media":"","overlay-type":"","overlay-color":"","overlay-opacity":"","overlay-gradient":""},"mobile":{"background-color":"var(--ast-global-color-5)","background-image":"","background-repeat":"repeat","background-position":"center center","background-size":"auto","background-attachment":"scroll","background-type":"","background-media":"","overlay-type":"","overlay-color":"","overlay-opacity":"","overlay-gradient":""}}},"product_cat":[28],"product_tag":[],"class_list":{"0":"post-3795","1":"product","2":"type-product","3":"status-publish","4":"has-post-thumbnail","6":"product_cat-saaremaa-loomaia-manguasjad","7":"desktop-align-center","8":"tablet-align-left","9":"mobile-align-left","11":"first","12":"instock","13":"taxable","14":"shipping-taxable","15":"purchasable","16":"product-type-simple"},"yoast_head":"<!-- This site is optimized with the Yoast SEO plugin v23.8 - https:\/\/yoast.com\/wordpress\/plugins\/seo\/ -->\n<title>Pehme kaisukas k\u00e4nguru Ruu - Saaremaa Zoo<\/title>\n<meta name=\"description\" content=\"Pehme k\u00e4nguru Ruu kaisukas armsa kukruga, mis on ideaalne kallistuskaaslane lastele! L\u00f5bus kingitus v\u00e4ikestele k\u00e4ngurus\u00f5pradele ja seiklejahingedele.\" \/>\n<meta name=\"robots\" content=\"noindex, follow, max-snippet:-1, max-image-preview:large, max-video-preview:-1\" \/>\n<meta property=\"og:locale\" content=\"en_US\" \/>\n<meta property=\"og:type\" content=\"article\" \/>\n<meta property=\"og:title\" content=\"Pehme kaisukas k\u00e4nguru Ruu - Saaremaa Zoo\" \/>\n<meta property=\"og:description\" content=\"Pehme k\u00e4nguru Ruu kaisukas armsa kukruga, mis on ideaalne kallistuskaaslane lastele! L\u00f5bus kingitus v\u00e4ikestele k\u00e4ngurus\u00f5pradele ja seiklejahingedele.\" \/>\n<meta property=\"og:url\" content=\"https:\/\/old.saaremaazoo.ee\/en\/toode\/pehme-kaisukas-kanguru-ruu\/\" \/>\n<meta property=\"og:site_name\" content=\"Saaremaa Zoo\" \/>\n<meta property=\"article:publisher\" content=\"https:\/\/www.facebook.com\/saaremaazoo\" \/>\n<meta property=\"article:modified_time\" content=\"2024-10-28T13:34:43+00:00\" \/>\n<meta property=\"og:image\" content=\"https:\/\/old.saaremaazoo.ee\/wp-content\/uploads\/2024\/10\/kanguru-s.webp\" \/>\n\t<meta property=\"og:image:width\" content=\"591\" \/>\n\t<meta property=\"og:image:height\" content=\"591\" \/>\n\t<meta property=\"og:image:type\" content=\"image\/webp\" \/>\n<meta name=\"twitter:card\" content=\"summary_large_image\" \/>\n<meta name=\"twitter:label1\" content=\"Est. reading time\" \/>\n\t<meta name=\"twitter:data1\" content=\"1 minute\" \/>\n<script type=\"application\/ld+json\" class=\"yoast-schema-graph\">{\"@context\":\"https:\/\/schema.org\",\"@graph\":[{\"@type\":\"WebPage\",\"@id\":\"https:\/\/old.saaremaazoo.ee\/en\/toode\/pehme-kaisukas-kanguru-ruu\/\",\"url\":\"https:\/\/old.saaremaazoo.ee\/en\/toode\/pehme-kaisukas-kanguru-ruu\/\",\"name\":\"Pehme kaisukas k\u00e4nguru Ruu - Saaremaa Zoo\",\"isPartOf\":{\"@id\":\"https:\/\/old.saaremaazoo.ee\/en\/#website\"},\"primaryImageOfPage\":{\"@id\":\"https:\/\/old.saaremaazoo.ee\/en\/toode\/pehme-kaisukas-kanguru-ruu\/#primaryimage\"},\"image\":{\"@id\":\"https:\/\/old.saaremaazoo.ee\/en\/toode\/pehme-kaisukas-kanguru-ruu\/#primaryimage\"},\"thumbnailUrl\":\"https:\/\/old.saaremaazoo.ee\/wp-content\/uploads\/2024\/10\/kanguru-s.webp\",\"datePublished\":\"2024-10-28T13:31:31+00:00\",\"dateModified\":\"2024-10-28T13:34:43+00:00\",\"description\":\"Pehme k\u00e4nguru Ruu kaisukas armsa kukruga, mis on ideaalne kallistuskaaslane lastele! L\u00f5bus kingitus v\u00e4ikestele k\u00e4ngurus\u00f5pradele ja seiklejahingedele.\",\"breadcrumb\":{\"@id\":\"https:\/\/old.saaremaazoo.ee\/en\/toode\/pehme-kaisukas-kanguru-ruu\/#breadcrumb\"},\"inLanguage\":\"en-US\",\"potentialAction\":[{\"@type\":\"ReadAction\",\"target\":[\"https:\/\/old.saaremaazoo.ee\/en\/toode\/pehme-kaisukas-kanguru-ruu\/\"]}]},{\"@type\":\"ImageObject\",\"inLanguage\":\"en-US\",\"@id\":\"https:\/\/old.saaremaazoo.ee\/en\/toode\/pehme-kaisukas-kanguru-ruu\/#primaryimage\",\"url\":\"https:\/\/old.saaremaazoo.ee\/wp-content\/uploads\/2024\/10\/kanguru-s.webp\",\"contentUrl\":\"https:\/\/old.saaremaazoo.ee\/wp-content\/uploads\/2024\/10\/kanguru-s.webp\",\"width\":591,\"height\":591},{\"@type\":\"BreadcrumbList\",\"@id\":\"https:\/\/old.saaremaazoo.ee\/en\/toode\/pehme-kaisukas-kanguru-ruu\/#breadcrumb\",\"itemListElement\":[{\"@type\":\"ListItem\",\"position\":1,\"name\":\"Saaremaa loomaaed\",\"item\":\"https:\/\/old.saaremaazoo.ee\/en\/\"},{\"@type\":\"ListItem\",\"position\":2,\"name\":\"Shop\",\"item\":\"https:\/\/old.saaremaazoo.ee\/en\/shop-2\/\"},{\"@type\":\"ListItem\",\"position\":3,\"name\":\"Pehme kaisukas k\u00e4nguru Ruu\"}]},{\"@type\":\"WebSite\",\"@id\":\"https:\/\/old.saaremaazoo.ee\/en\/#website\",\"url\":\"https:\/\/old.saaremaazoo.ee\/en\/\",\"name\":\"Saaremaa Zoo\",\"description\":\"Esimene Saaremaa Loomaaed\",\"publisher\":{\"@id\":\"https:\/\/old.saaremaazoo.ee\/en\/#organization\"},\"potentialAction\":[{\"@type\":\"SearchAction\",\"target\":{\"@type\":\"EntryPoint\",\"urlTemplate\":\"https:\/\/old.saaremaazoo.ee\/en\/?s={search_term_string}\"},\"query-input\":{\"@type\":\"PropertyValueSpecification\",\"valueRequired\":true,\"valueName\":\"search_term_string\"}}],\"inLanguage\":\"en-US\"},{\"@type\":\"Organization\",\"@id\":\"https:\/\/old.saaremaazoo.ee\/en\/#organization\",\"name\":\"Saaremaa Loomaaed\",\"alternateName\":\"Saaremaa Zoo\",\"url\":\"https:\/\/old.saaremaazoo.ee\/en\/\",\"logo\":{\"@type\":\"ImageObject\",\"inLanguage\":\"en-US\",\"@id\":\"https:\/\/old.saaremaazoo.ee\/en\/#\/schema\/logo\/image\/\",\"url\":\"https:\/\/old.saaremaazoo.ee\/wp-content\/uploads\/2024\/11\/cropped-saaremaazoo_magnet_leemur__1__page-0001-removebg-preview.png\",\"contentUrl\":\"https:\/\/old.saaremaazoo.ee\/wp-content\/uploads\/2024\/11\/cropped-saaremaazoo_magnet_leemur__1__page-0001-removebg-preview.png\",\"width\":467,\"height\":325,\"caption\":\"Saaremaa Loomaaed\"},\"image\":{\"@id\":\"https:\/\/old.saaremaazoo.ee\/en\/#\/schema\/logo\/image\/\"},\"sameAs\":[\"https:\/\/www.facebook.com\/saaremaazoo\",\"https:\/\/www.instagram.com\/saaremaazoo\/\"]}]}<\/script>\n<!-- \/ Yoast SEO plugin. -->","yoast_head_json":{"title":"Pehme kaisukas k\u00e4nguru Ruu - Saaremaa Zoo","description":"Pehme k\u00e4nguru Ruu kaisukas armsa kukruga, mis on ideaalne kallistuskaaslane lastele! L\u00f5bus kingitus v\u00e4ikestele k\u00e4ngurus\u00f5pradele ja seiklejahingedele.","robots":{"index":"noindex","follow":"follow","max-snippet":"max-snippet:-1","max-image-preview":"max-image-preview:large","max-video-preview":"max-video-preview:-1"},"og_locale":"en_US","og_type":"article","og_title":"Pehme kaisukas k\u00e4nguru Ruu - Saaremaa Zoo","og_description":"Pehme k\u00e4nguru Ruu kaisukas armsa kukruga, mis on ideaalne kallistuskaaslane lastele! L\u00f5bus kingitus v\u00e4ikestele k\u00e4ngurus\u00f5pradele ja seiklejahingedele.","og_url":"https:\/\/old.saaremaazoo.ee\/en\/toode\/pehme-kaisukas-kanguru-ruu\/","og_site_name":"Saaremaa Zoo","article_publisher":"https:\/\/www.facebook.com\/saaremaazoo","article_modified_time":"2024-10-28T13:34:43+00:00","og_image":[{"width":591,"height":591,"url":"https:\/\/old.saaremaazoo.ee\/wp-content\/uploads\/2024\/10\/kanguru-s.webp","type":"image\/webp"}],"twitter_card":"summary_large_image","twitter_misc":{"Est. reading time":"1 minute"},"schema":{"@context":"https:\/\/schema.org","@graph":[{"@type":"WebPage","@id":"https:\/\/old.saaremaazoo.ee\/en\/toode\/pehme-kaisukas-kanguru-ruu\/","url":"https:\/\/old.saaremaazoo.ee\/en\/toode\/pehme-kaisukas-kanguru-ruu\/","name":"Pehme kaisukas k\u00e4nguru Ruu - Saaremaa Zoo","isPartOf":{"@id":"https:\/\/old.saaremaazoo.ee\/en\/#website"},"primaryImageOfPage":{"@id":"https:\/\/old.saaremaazoo.ee\/en\/toode\/pehme-kaisukas-kanguru-ruu\/#primaryimage"},"image":{"@id":"https:\/\/old.saaremaazoo.ee\/en\/toode\/pehme-kaisukas-kanguru-ruu\/#primaryimage"},"thumbnailUrl":"https:\/\/old.saaremaazoo.ee\/wp-content\/uploads\/2024\/10\/kanguru-s.webp","datePublished":"2024-10-28T13:31:31+00:00","dateModified":"2024-10-28T13:34:43+00:00","description":"Pehme k\u00e4nguru Ruu kaisukas armsa kukruga, mis on ideaalne kallistuskaaslane lastele! L\u00f5bus kingitus v\u00e4ikestele k\u00e4ngurus\u00f5pradele ja seiklejahingedele.","breadcrumb":{"@id":"https:\/\/old.saaremaazoo.ee\/en\/toode\/pehme-kaisukas-kanguru-ruu\/#breadcrumb"},"inLanguage":"en-US","potentialAction":[{"@type":"ReadAction","target":["https:\/\/old.saaremaazoo.ee\/en\/toode\/pehme-kaisukas-kanguru-ruu\/"]}]},{"@type":"ImageObject","inLanguage":"en-US","@id":"https:\/\/old.saaremaazoo.ee\/en\/toode\/pehme-kaisukas-kanguru-ruu\/#primaryimage","url":"https:\/\/old.saaremaazoo.ee\/wp-content\/uploads\/2024\/10\/kanguru-s.webp","contentUrl":"https:\/\/old.saaremaazoo.ee\/wp-content\/uploads\/2024\/10\/kanguru-s.webp","width":591,"height":591},{"@type":"BreadcrumbList","@id":"https:\/\/old.saaremaazoo.ee\/en\/toode\/pehme-kaisukas-kanguru-ruu\/#breadcrumb","itemListElement":[{"@type":"ListItem","position":1,"name":"Saaremaa loomaaed","item":"https:\/\/old.saaremaazoo.ee\/en\/"},{"@type":"ListItem","position":2,"name":"Shop","item":"https:\/\/old.saaremaazoo.ee\/en\/shop-2\/"},{"@type":"ListItem","position":3,"name":"Pehme kaisukas k\u00e4nguru Ruu"}]},{"@type":"WebSite","@id":"https:\/\/old.saaremaazoo.ee\/en\/#website","url":"https:\/\/old.saaremaazoo.ee\/en\/","name":"Saaremaa Zoo","description":"Esimene Saaremaa Loomaaed","publisher":{"@id":"https:\/\/old.saaremaazoo.ee\/en\/#organization"},"potentialAction":[{"@type":"SearchAction","target":{"@type":"EntryPoint","urlTemplate":"https:\/\/old.saaremaazoo.ee\/en\/?s={search_term_string}"},"query-input":{"@type":"PropertyValueSpecification","valueRequired":true,"valueName":"search_term_string"}}],"inLanguage":"en-US"},{"@type":"Organization","@id":"https:\/\/old.saaremaazoo.ee\/en\/#organization","name":"Saaremaa Loomaaed","alternateName":"Saaremaa Zoo","url":"https:\/\/old.saaremaazoo.ee\/en\/","logo":{"@type":"ImageObject","inLanguage":"en-US","@id":"https:\/\/old.saaremaazoo.ee\/en\/#\/schema\/logo\/image\/","url":"https:\/\/old.saaremaazoo.ee\/wp-content\/uploads\/2024\/11\/cropped-saaremaazoo_magnet_leemur__1__page-0001-removebg-preview.png","contentUrl":"https:\/\/old.saaremaazoo.ee\/wp-content\/uploads\/2024\/11\/cropped-saaremaazoo_magnet_leemur__1__page-0001-removebg-preview.png","width":467,"height":325,"caption":"Saaremaa Loomaaed"},"image":{"@id":"https:\/\/old.saaremaazoo.ee\/en\/#\/schema\/logo\/image\/"},"sameAs":["https:\/\/www.facebook.com\/saaremaazoo","https:\/\/www.instagram.com\/saaremaazoo\/"]}]}},"_links":{"self":[{"href":"https:\/\/old.saaremaazoo.ee\/en\/wp-json\/wp\/v2\/product\/3795","targetHints":{"allow":["GET"]}}],"collection":[{"href":"https:\/\/old.saaremaazoo.ee\/en\/wp-json\/wp\/v2\/product"}],"about":[{"href":"https:\/\/old.saaremaazoo.ee\/en\/wp-json\/wp\/v2\/types\/product"}],"replies":[{"embeddable":true,"href":"https:\/\/old.saaremaazoo.ee\/en\/wp-json\/wp\/v2\/comments?post=3795"}],"version-history":[{"count":1,"href":"https:\/\/old.saaremaazoo.ee\/en\/wp-json\/wp\/v2\/product\/3795\/revisions"}],"predecessor-version":[{"id":3796,"href":"https:\/\/old.saaremaazoo.ee\/en\/wp-json\/wp\/v2\/product\/3795\/revisions\/3796"}],"wp:featuredmedia":[{"embeddable":true,"href":"https:\/\/old.saaremaazoo.ee\/en\/wp-json\/wp\/v2\/media\/3780"}],"wp:attachment":[{"href":"https:\/\/old.saaremaazoo.ee\/en\/wp-json\/wp\/v2\/media?parent=3795"}],"wp:term":[{"taxonomy":"product_cat","embeddable":true,"href":"https:\/\/old.saaremaazoo.ee\/en\/wp-json\/wp\/v2\/product_cat?post=3795"},{"taxonomy":"product_tag","embeddable":true,"href":"https:\/\/old.saaremaazoo.ee\/en\/wp-json\/wp\/v2\/product_tag?post=3795"}],"curies":[{"name":"wp","href":"https:\/\/api.w.org\/{rel}","templated":true}]}}