{"id":3871,"date":"2024-10-28T14:55:17","date_gmt":"2024-10-28T14:55:17","guid":{"rendered":"https:\/\/old.saaremaazoo.ee\/?post_type=product&#038;p=3871"},"modified":"2024-12-08T07:04:45","modified_gmt":"2024-12-08T07:04:45","slug":"pehme-kaisukas-kapibaara-clara","status":"publish","type":"product","link":"https:\/\/old.saaremaazoo.ee\/en\/toode\/pehme-kaisukas-kapibaara-clara\/","title":{"rendered":"Pehme kaisukas kapibaara Clara"},"content":{"rendered":"<p>Tutvu maailma k\u00f5ige rahulikuma kaisuloomaga! PLAN kollektsiooni kapibara on pehme, s\u00f5bralik ja valmis saama sinu uueks kaisus\u00f5braks. See armas kapibara sobib k\u00f5igile, kes otsivad endale rahuliku ja usaldusv\u00e4\u00e4rse s\u00f5bra \u2013 ideaalne nii kallistamiseks kui ka m\u00e4ngimiseks!<\/p>\n<p>!! Kaisuka sisu on taaskasutatud materjalidest ja looduss\u00f5bralik.<\/p>\n<p>Iga PLAN toote ostuga toetame lapsi Nepalis alustamaks kooliteed.<\/p>\n<p><strong>Tooteandmed:<\/strong><\/p>\n<ul>\n<li><strong>Br\u00e4nd<\/strong>: NaturePlanet<\/li>\n<li><strong>Kollektsioon<\/strong>: PLAN<\/li>\n<li><strong>Suurus<\/strong>: 18cm , t\u00e4pselt kaisutamiseks m\u00f5eldud<\/li>\n<li><strong>Omadused<\/strong>: Superpehme, s\u00f5braliku ilmega ja rahulik kaaslane<\/li>\n<li><strong>Sobib<\/strong>: Lastetuppa, kaisutamiseks ja kingituseks k\u00f5igile kapibaras\u00f5pradele<\/li>\n<\/ul>\n<p>V\u00f5ta see pehme kapibara kaissu ja tunne, kuidas rahulikud hetked saavad osaks igast p\u00e4evast!<\/p>\n","protected":false},"excerpt":{"rendered":"<p>Tutvu maailma k\u00f5ige rahulikuma kaisuloomaga! PLAN kollektsiooni kapibara on pehme, s\u00f5bralik ja valmis saama sinu uueks kaisus\u00f5braks. See armas kapibara sobib k\u00f5igile, kes otsivad endale rahuliku ja usaldusv\u00e4\u00e4rse s\u00f5bra \u2013 ideaalne nii kallistamiseks kui ka m\u00e4ngimiseks! !! Kaisuka sisu on taaskasutatud materjalidest ja looduss\u00f5bralik. Iga PLAN toote ostuga toetame lapsi Nepalis alustamaks kooliteed. Tooteandmed: Br\u00e4nd: [&hellip;]<\/p>\n","protected":false},"featured_media":3810,"comment_status":"open","ping_status":"closed","template":"","meta":{"_monsterinsights_skip_tracking":false,"_monsterinsights_sitenote_active":false,"_monsterinsights_sitenote_note":"","_monsterinsights_sitenote_category":0,"site-sidebar-layout":"default","site-content-layout":"default","ast-site-content-layout":"","site-content-style":"default","site-sidebar-style":"default","ast-global-header-display":"","ast-banner-title-visibility":"","ast-main-header-display":"","ast-hfb-above-header-display":"","ast-hfb-below-header-display":"","ast-hfb-mobile-header-display":"","site-post-title":"","ast-breadcrumbs-content":"","ast-featured-img":"","footer-sml-layout":"","theme-transparent-header-meta":"default","adv-header-id-meta":"","stick-header-meta":"","header-above-stick-meta":"","header-main-stick-meta":"","header-below-stick-meta":"","astra-migrate-meta-layouts":"default","ast-page-background-enabled":"default","ast-page-background-meta":{"desktop":{"background-color":"var(--ast-global-color-4)","background-image":"","background-repeat":"repeat","background-position":"center center","background-size":"auto","background-attachment":"scroll","background-type":"","background-media":"","overlay-type":"","overlay-color":"","overlay-opacity":"","overlay-gradient":""},"tablet":{"background-color":"","background-image":"","background-repeat":"repeat","background-position":"center center","background-size":"auto","background-attachment":"scroll","background-type":"","background-media":"","overlay-type":"","overlay-color":"","overlay-opacity":"","overlay-gradient":""},"mobile":{"background-color":"","background-image":"","background-repeat":"repeat","background-position":"center center","background-size":"auto","background-attachment":"scroll","background-type":"","background-media":"","overlay-type":"","overlay-color":"","overlay-opacity":"","overlay-gradient":""}},"ast-content-background-meta":{"desktop":{"background-color":"var(--ast-global-color-5)","background-image":"","background-repeat":"repeat","background-position":"center center","background-size":"auto","background-attachment":"scroll","background-type":"","background-media":"","overlay-type":"","overlay-color":"","overlay-opacity":"","overlay-gradient":""},"tablet":{"background-color":"var(--ast-global-color-5)","background-image":"","background-repeat":"repeat","background-position":"center center","background-size":"auto","background-attachment":"scroll","background-type":"","background-media":"","overlay-type":"","overlay-color":"","overlay-opacity":"","overlay-gradient":""},"mobile":{"background-color":"var(--ast-global-color-5)","background-image":"","background-repeat":"repeat","background-position":"center center","background-size":"auto","background-attachment":"scroll","background-type":"","background-media":"","overlay-type":"","overlay-color":"","overlay-opacity":"","overlay-gradient":""}}},"product_cat":[28],"product_tag":[],"class_list":{"0":"post-3871","1":"product","2":"type-product","3":"status-publish","4":"has-post-thumbnail","6":"product_cat-saaremaa-loomaia-manguasjad","7":"desktop-align-center","8":"tablet-align-left","9":"mobile-align-left","11":"first","12":"instock","13":"taxable","14":"shipping-taxable","15":"purchasable","16":"product-type-simple"},"yoast_head":"<!-- This site is optimized with the Yoast SEO plugin v23.8 - https:\/\/yoast.com\/wordpress\/plugins\/seo\/ -->\n<title>Pehme kaisukas kapibaara Clara - Saaremaa Zoo<\/title>\n<meta name=\"description\" content=\"Saaremaa Zoo meenepoe Pehme ja s\u00f5bralik kapibaara kaisukas, mis toob rahu ja r\u00f5\u00f5mu igasse kallistusse! T\u00e4iuslik kingitus v\u00e4ikestele kapibaaras\u00f5pradele.\" \/>\n<meta name=\"robots\" content=\"noindex, follow, max-snippet:-1, max-image-preview:large, max-video-preview:-1\" \/>\n<meta property=\"og:locale\" content=\"en_US\" \/>\n<meta property=\"og:type\" content=\"article\" \/>\n<meta property=\"og:title\" content=\"Pehme kaisukas kapibaara Clara - Saaremaa Zoo\" \/>\n<meta property=\"og:description\" content=\"Saaremaa Zoo meenepoe Pehme ja s\u00f5bralik kapibaara kaisukas, mis toob rahu ja r\u00f5\u00f5mu igasse kallistusse! T\u00e4iuslik kingitus v\u00e4ikestele kapibaaras\u00f5pradele.\" \/>\n<meta property=\"og:url\" content=\"https:\/\/old.saaremaazoo.ee\/en\/toode\/pehme-kaisukas-kapibaara-clara\/\" \/>\n<meta property=\"og:site_name\" content=\"Saaremaa Zoo\" \/>\n<meta property=\"article:publisher\" content=\"https:\/\/www.facebook.com\/saaremaazoo\" \/>\n<meta property=\"article:modified_time\" content=\"2024-12-08T07:04:45+00:00\" \/>\n<meta property=\"og:image\" content=\"https:\/\/old.saaremaazoo.ee\/wp-content\/uploads\/2024\/10\/kapibaara-18-Copy-Copy.jpg\" \/>\n\t<meta property=\"og:image:width\" content=\"591\" \/>\n\t<meta property=\"og:image:height\" content=\"591\" \/>\n\t<meta property=\"og:image:type\" content=\"image\/jpeg\" \/>\n<meta name=\"twitter:card\" content=\"summary_large_image\" \/>\n<meta name=\"twitter:label1\" content=\"Est. reading time\" \/>\n\t<meta name=\"twitter:data1\" content=\"1 minute\" \/>\n<script type=\"application\/ld+json\" class=\"yoast-schema-graph\">{\"@context\":\"https:\/\/schema.org\",\"@graph\":[{\"@type\":\"WebPage\",\"@id\":\"https:\/\/old.saaremaazoo.ee\/en\/toode\/pehme-kaisukas-kapibaara-clara\/\",\"url\":\"https:\/\/old.saaremaazoo.ee\/en\/toode\/pehme-kaisukas-kapibaara-clara\/\",\"name\":\"Pehme kaisukas kapibaara Clara - Saaremaa Zoo\",\"isPartOf\":{\"@id\":\"https:\/\/old.saaremaazoo.ee\/en\/#website\"},\"primaryImageOfPage\":{\"@id\":\"https:\/\/old.saaremaazoo.ee\/en\/toode\/pehme-kaisukas-kapibaara-clara\/#primaryimage\"},\"image\":{\"@id\":\"https:\/\/old.saaremaazoo.ee\/en\/toode\/pehme-kaisukas-kapibaara-clara\/#primaryimage\"},\"thumbnailUrl\":\"https:\/\/old.saaremaazoo.ee\/wp-content\/uploads\/2024\/10\/kapibaara-18-Copy-Copy.jpg\",\"datePublished\":\"2024-10-28T14:55:17+00:00\",\"dateModified\":\"2024-12-08T07:04:45+00:00\",\"description\":\"Saaremaa Zoo meenepoe Pehme ja s\u00f5bralik kapibaara kaisukas, mis toob rahu ja r\u00f5\u00f5mu igasse kallistusse! T\u00e4iuslik kingitus v\u00e4ikestele kapibaaras\u00f5pradele.\",\"breadcrumb\":{\"@id\":\"https:\/\/old.saaremaazoo.ee\/en\/toode\/pehme-kaisukas-kapibaara-clara\/#breadcrumb\"},\"inLanguage\":\"en-US\",\"potentialAction\":[{\"@type\":\"ReadAction\",\"target\":[\"https:\/\/old.saaremaazoo.ee\/en\/toode\/pehme-kaisukas-kapibaara-clara\/\"]}]},{\"@type\":\"ImageObject\",\"inLanguage\":\"en-US\",\"@id\":\"https:\/\/old.saaremaazoo.ee\/en\/toode\/pehme-kaisukas-kapibaara-clara\/#primaryimage\",\"url\":\"https:\/\/old.saaremaazoo.ee\/wp-content\/uploads\/2024\/10\/kapibaara-18-Copy-Copy.jpg\",\"contentUrl\":\"https:\/\/old.saaremaazoo.ee\/wp-content\/uploads\/2024\/10\/kapibaara-18-Copy-Copy.jpg\",\"width\":591,\"height\":591},{\"@type\":\"BreadcrumbList\",\"@id\":\"https:\/\/old.saaremaazoo.ee\/en\/toode\/pehme-kaisukas-kapibaara-clara\/#breadcrumb\",\"itemListElement\":[{\"@type\":\"ListItem\",\"position\":1,\"name\":\"Saaremaa loomaaed\",\"item\":\"https:\/\/old.saaremaazoo.ee\/en\/\"},{\"@type\":\"ListItem\",\"position\":2,\"name\":\"Shop\",\"item\":\"https:\/\/old.saaremaazoo.ee\/en\/shop-2\/\"},{\"@type\":\"ListItem\",\"position\":3,\"name\":\"Pehme kaisukas kapibaara Clara\"}]},{\"@type\":\"WebSite\",\"@id\":\"https:\/\/old.saaremaazoo.ee\/en\/#website\",\"url\":\"https:\/\/old.saaremaazoo.ee\/en\/\",\"name\":\"Saaremaa Zoo\",\"description\":\"Esimene Saaremaa Loomaaed\",\"publisher\":{\"@id\":\"https:\/\/old.saaremaazoo.ee\/en\/#organization\"},\"potentialAction\":[{\"@type\":\"SearchAction\",\"target\":{\"@type\":\"EntryPoint\",\"urlTemplate\":\"https:\/\/old.saaremaazoo.ee\/en\/?s={search_term_string}\"},\"query-input\":{\"@type\":\"PropertyValueSpecification\",\"valueRequired\":true,\"valueName\":\"search_term_string\"}}],\"inLanguage\":\"en-US\"},{\"@type\":\"Organization\",\"@id\":\"https:\/\/old.saaremaazoo.ee\/en\/#organization\",\"name\":\"Saaremaa Loomaaed\",\"alternateName\":\"Saaremaa Zoo\",\"url\":\"https:\/\/old.saaremaazoo.ee\/en\/\",\"logo\":{\"@type\":\"ImageObject\",\"inLanguage\":\"en-US\",\"@id\":\"https:\/\/old.saaremaazoo.ee\/en\/#\/schema\/logo\/image\/\",\"url\":\"https:\/\/old.saaremaazoo.ee\/wp-content\/uploads\/2024\/11\/cropped-saaremaazoo_magnet_leemur__1__page-0001-removebg-preview.png\",\"contentUrl\":\"https:\/\/old.saaremaazoo.ee\/wp-content\/uploads\/2024\/11\/cropped-saaremaazoo_magnet_leemur__1__page-0001-removebg-preview.png\",\"width\":467,\"height\":325,\"caption\":\"Saaremaa Loomaaed\"},\"image\":{\"@id\":\"https:\/\/old.saaremaazoo.ee\/en\/#\/schema\/logo\/image\/\"},\"sameAs\":[\"https:\/\/www.facebook.com\/saaremaazoo\",\"https:\/\/www.instagram.com\/saaremaazoo\/\"]}]}<\/script>\n<!-- \/ Yoast SEO plugin. -->","yoast_head_json":{"title":"Pehme kaisukas kapibaara Clara - Saaremaa Zoo","description":"Saaremaa Zoo meenepoe Pehme ja s\u00f5bralik kapibaara kaisukas, mis toob rahu ja r\u00f5\u00f5mu igasse kallistusse! T\u00e4iuslik kingitus v\u00e4ikestele kapibaaras\u00f5pradele.","robots":{"index":"noindex","follow":"follow","max-snippet":"max-snippet:-1","max-image-preview":"max-image-preview:large","max-video-preview":"max-video-preview:-1"},"og_locale":"en_US","og_type":"article","og_title":"Pehme kaisukas kapibaara Clara - Saaremaa Zoo","og_description":"Saaremaa Zoo meenepoe Pehme ja s\u00f5bralik kapibaara kaisukas, mis toob rahu ja r\u00f5\u00f5mu igasse kallistusse! T\u00e4iuslik kingitus v\u00e4ikestele kapibaaras\u00f5pradele.","og_url":"https:\/\/old.saaremaazoo.ee\/en\/toode\/pehme-kaisukas-kapibaara-clara\/","og_site_name":"Saaremaa Zoo","article_publisher":"https:\/\/www.facebook.com\/saaremaazoo","article_modified_time":"2024-12-08T07:04:45+00:00","og_image":[{"width":591,"height":591,"url":"https:\/\/old.saaremaazoo.ee\/wp-content\/uploads\/2024\/10\/kapibaara-18-Copy-Copy.jpg","type":"image\/jpeg"}],"twitter_card":"summary_large_image","twitter_misc":{"Est. reading time":"1 minute"},"schema":{"@context":"https:\/\/schema.org","@graph":[{"@type":"WebPage","@id":"https:\/\/old.saaremaazoo.ee\/en\/toode\/pehme-kaisukas-kapibaara-clara\/","url":"https:\/\/old.saaremaazoo.ee\/en\/toode\/pehme-kaisukas-kapibaara-clara\/","name":"Pehme kaisukas kapibaara Clara - Saaremaa Zoo","isPartOf":{"@id":"https:\/\/old.saaremaazoo.ee\/en\/#website"},"primaryImageOfPage":{"@id":"https:\/\/old.saaremaazoo.ee\/en\/toode\/pehme-kaisukas-kapibaara-clara\/#primaryimage"},"image":{"@id":"https:\/\/old.saaremaazoo.ee\/en\/toode\/pehme-kaisukas-kapibaara-clara\/#primaryimage"},"thumbnailUrl":"https:\/\/old.saaremaazoo.ee\/wp-content\/uploads\/2024\/10\/kapibaara-18-Copy-Copy.jpg","datePublished":"2024-10-28T14:55:17+00:00","dateModified":"2024-12-08T07:04:45+00:00","description":"Saaremaa Zoo meenepoe Pehme ja s\u00f5bralik kapibaara kaisukas, mis toob rahu ja r\u00f5\u00f5mu igasse kallistusse! T\u00e4iuslik kingitus v\u00e4ikestele kapibaaras\u00f5pradele.","breadcrumb":{"@id":"https:\/\/old.saaremaazoo.ee\/en\/toode\/pehme-kaisukas-kapibaara-clara\/#breadcrumb"},"inLanguage":"en-US","potentialAction":[{"@type":"ReadAction","target":["https:\/\/old.saaremaazoo.ee\/en\/toode\/pehme-kaisukas-kapibaara-clara\/"]}]},{"@type":"ImageObject","inLanguage":"en-US","@id":"https:\/\/old.saaremaazoo.ee\/en\/toode\/pehme-kaisukas-kapibaara-clara\/#primaryimage","url":"https:\/\/old.saaremaazoo.ee\/wp-content\/uploads\/2024\/10\/kapibaara-18-Copy-Copy.jpg","contentUrl":"https:\/\/old.saaremaazoo.ee\/wp-content\/uploads\/2024\/10\/kapibaara-18-Copy-Copy.jpg","width":591,"height":591},{"@type":"BreadcrumbList","@id":"https:\/\/old.saaremaazoo.ee\/en\/toode\/pehme-kaisukas-kapibaara-clara\/#breadcrumb","itemListElement":[{"@type":"ListItem","position":1,"name":"Saaremaa loomaaed","item":"https:\/\/old.saaremaazoo.ee\/en\/"},{"@type":"ListItem","position":2,"name":"Shop","item":"https:\/\/old.saaremaazoo.ee\/en\/shop-2\/"},{"@type":"ListItem","position":3,"name":"Pehme kaisukas kapibaara Clara"}]},{"@type":"WebSite","@id":"https:\/\/old.saaremaazoo.ee\/en\/#website","url":"https:\/\/old.saaremaazoo.ee\/en\/","name":"Saaremaa Zoo","description":"Esimene Saaremaa Loomaaed","publisher":{"@id":"https:\/\/old.saaremaazoo.ee\/en\/#organization"},"potentialAction":[{"@type":"SearchAction","target":{"@type":"EntryPoint","urlTemplate":"https:\/\/old.saaremaazoo.ee\/en\/?s={search_term_string}"},"query-input":{"@type":"PropertyValueSpecification","valueRequired":true,"valueName":"search_term_string"}}],"inLanguage":"en-US"},{"@type":"Organization","@id":"https:\/\/old.saaremaazoo.ee\/en\/#organization","name":"Saaremaa Loomaaed","alternateName":"Saaremaa Zoo","url":"https:\/\/old.saaremaazoo.ee\/en\/","logo":{"@type":"ImageObject","inLanguage":"en-US","@id":"https:\/\/old.saaremaazoo.ee\/en\/#\/schema\/logo\/image\/","url":"https:\/\/old.saaremaazoo.ee\/wp-content\/uploads\/2024\/11\/cropped-saaremaazoo_magnet_leemur__1__page-0001-removebg-preview.png","contentUrl":"https:\/\/old.saaremaazoo.ee\/wp-content\/uploads\/2024\/11\/cropped-saaremaazoo_magnet_leemur__1__page-0001-removebg-preview.png","width":467,"height":325,"caption":"Saaremaa Loomaaed"},"image":{"@id":"https:\/\/old.saaremaazoo.ee\/en\/#\/schema\/logo\/image\/"},"sameAs":["https:\/\/www.facebook.com\/saaremaazoo","https:\/\/www.instagram.com\/saaremaazoo\/"]}]}},"_links":{"self":[{"href":"https:\/\/old.saaremaazoo.ee\/en\/wp-json\/wp\/v2\/product\/3871","targetHints":{"allow":["GET"]}}],"collection":[{"href":"https:\/\/old.saaremaazoo.ee\/en\/wp-json\/wp\/v2\/product"}],"about":[{"href":"https:\/\/old.saaremaazoo.ee\/en\/wp-json\/wp\/v2\/types\/product"}],"replies":[{"embeddable":true,"href":"https:\/\/old.saaremaazoo.ee\/en\/wp-json\/wp\/v2\/comments?post=3871"}],"version-history":[{"count":1,"href":"https:\/\/old.saaremaazoo.ee\/en\/wp-json\/wp\/v2\/product\/3871\/revisions"}],"predecessor-version":[{"id":3872,"href":"https:\/\/old.saaremaazoo.ee\/en\/wp-json\/wp\/v2\/product\/3871\/revisions\/3872"}],"wp:featuredmedia":[{"embeddable":true,"href":"https:\/\/old.saaremaazoo.ee\/en\/wp-json\/wp\/v2\/media\/3810"}],"wp:attachment":[{"href":"https:\/\/old.saaremaazoo.ee\/en\/wp-json\/wp\/v2\/media?parent=3871"}],"wp:term":[{"taxonomy":"product_cat","embeddable":true,"href":"https:\/\/old.saaremaazoo.ee\/en\/wp-json\/wp\/v2\/product_cat?post=3871"},{"taxonomy":"product_tag","embeddable":true,"href":"https:\/\/old.saaremaazoo.ee\/en\/wp-json\/wp\/v2\/product_tag?post=3871"}],"curies":[{"name":"wp","href":"https:\/\/api.w.org\/{rel}","templated":true}]}}