{"id":3873,"date":"2024-10-28T15:01:17","date_gmt":"2024-10-28T15:01:17","guid":{"rendered":"https:\/\/old.saaremaazoo.ee\/?post_type=product&#038;p=3873"},"modified":"2024-10-28T15:06:07","modified_gmt":"2024-10-28T15:06:07","slug":"taaskasutatud-materjalidest-pehme-kaisukas-kiisu","status":"publish","type":"product","link":"https:\/\/old.saaremaazoo.ee\/en\/toode\/taaskasutatud-materjalidest-pehme-kaisukas-kiisu\/","title":{"rendered":"Taaskasutatud materjalidest pehme kaisukas kiisu"},"content":{"rendered":"<p>See vahva kaisukass on mitte ainult pehme ja armas, vaid ka looduss\u00f5bralik! NaturePlaneti Re-Petsi kollektsiooni kass on valmistatud taaskasutatud plastpudelitest, olles t\u00e4pselt nii m\u00f5nus ja kallistatav, nagu \u00fcks t\u00f5eline kaisukas peab olema. See nurruv s\u00f5ber on ideaalne kaaslane v\u00e4ikestele looduses\u00f5pradele, kes hoolivad meie planeedist!<\/p>\n<p><strong>Tooteandmed:<\/strong><\/p>\n<ul>\n<li><strong>Br\u00e4nd<\/strong>: NaturePlanet<\/li>\n<li><strong>Kollektsioon<\/strong>: Re-Pets<\/li>\n<li><strong>Materjal<\/strong>: Valmistatud taaskasutatud plastpudelitest<\/li>\n<li><strong>Suurus<\/strong>: 18cm , ideaalne kaisutamiseks<\/li>\n<li><strong>Omadused<\/strong>: Superpehme, keskkonnas\u00f5bralik ja s\u00f5bralik<\/li>\n<li><strong>Sobib<\/strong>: Lastetuppa, kaisutamiseks ja kingituseks v\u00e4ikestele kassif\u00e4nnidele ja looduses\u00f5pradele<\/li>\n<\/ul>\n<p>Kutsu see kaisukas kass oma s\u00f5braks ja tunne end h\u00e4sti, teades, et teed loodusele head!<\/p>\n","protected":false},"excerpt":{"rendered":"<p>See vahva kaisukass on mitte ainult pehme ja armas, vaid ka looduss\u00f5bralik! NaturePlaneti Re-Petsi kollektsiooni kass on valmistatud taaskasutatud plastpudelitest, olles t\u00e4pselt nii m\u00f5nus ja kallistatav, nagu \u00fcks t\u00f5eline kaisukas peab olema. See nurruv s\u00f5ber on ideaalne kaaslane v\u00e4ikestele looduses\u00f5pradele, kes hoolivad meie planeedist! Tooteandmed: Br\u00e4nd: NaturePlanet Kollektsioon: Re-Pets Materjal: Valmistatud taaskasutatud plastpudelitest Suurus: 18cm [&hellip;]<\/p>\n","protected":false},"featured_media":3818,"comment_status":"open","ping_status":"closed","template":"","meta":{"_monsterinsights_skip_tracking":false,"_monsterinsights_sitenote_active":false,"_monsterinsights_sitenote_note":"","_monsterinsights_sitenote_category":0,"site-sidebar-layout":"default","site-content-layout":"default","ast-site-content-layout":"","site-content-style":"default","site-sidebar-style":"default","ast-global-header-display":"","ast-banner-title-visibility":"","ast-main-header-display":"","ast-hfb-above-header-display":"","ast-hfb-below-header-display":"","ast-hfb-mobile-header-display":"","site-post-title":"","ast-breadcrumbs-content":"","ast-featured-img":"","footer-sml-layout":"","theme-transparent-header-meta":"default","adv-header-id-meta":"","stick-header-meta":"","header-above-stick-meta":"","header-main-stick-meta":"","header-below-stick-meta":"","astra-migrate-meta-layouts":"default","ast-page-background-enabled":"default","ast-page-background-meta":{"desktop":{"background-color":"var(--ast-global-color-4)","background-image":"","background-repeat":"repeat","background-position":"center center","background-size":"auto","background-attachment":"scroll","background-type":"","background-media":"","overlay-type":"","overlay-color":"","overlay-opacity":"","overlay-gradient":""},"tablet":{"background-color":"","background-image":"","background-repeat":"repeat","background-position":"center center","background-size":"auto","background-attachment":"scroll","background-type":"","background-media":"","overlay-type":"","overlay-color":"","overlay-opacity":"","overlay-gradient":""},"mobile":{"background-color":"","background-image":"","background-repeat":"repeat","background-position":"center center","background-size":"auto","background-attachment":"scroll","background-type":"","background-media":"","overlay-type":"","overlay-color":"","overlay-opacity":"","overlay-gradient":""}},"ast-content-background-meta":{"desktop":{"background-color":"var(--ast-global-color-5)","background-image":"","background-repeat":"repeat","background-position":"center center","background-size":"auto","background-attachment":"scroll","background-type":"","background-media":"","overlay-type":"","overlay-color":"","overlay-opacity":"","overlay-gradient":""},"tablet":{"background-color":"var(--ast-global-color-5)","background-image":"","background-repeat":"repeat","background-position":"center center","background-size":"auto","background-attachment":"scroll","background-type":"","background-media":"","overlay-type":"","overlay-color":"","overlay-opacity":"","overlay-gradient":""},"mobile":{"background-color":"var(--ast-global-color-5)","background-image":"","background-repeat":"repeat","background-position":"center center","background-size":"auto","background-attachment":"scroll","background-type":"","background-media":"","overlay-type":"","overlay-color":"","overlay-opacity":"","overlay-gradient":""}}},"product_cat":[28],"product_tag":[],"class_list":{"0":"post-3873","1":"product","2":"type-product","3":"status-publish","4":"has-post-thumbnail","6":"product_cat-saaremaa-loomaia-manguasjad","7":"desktop-align-center","8":"tablet-align-left","9":"mobile-align-left","11":"first","12":"instock","13":"taxable","14":"shipping-taxable","15":"purchasable","16":"product-type-simple"},"yoast_head":"<!-- This site is optimized with the Yoast SEO plugin v23.8 - https:\/\/yoast.com\/wordpress\/plugins\/seo\/ -->\n<title>Taaskasutatud materjalidest pehme kaisukas kiisu - Saaremaa Zoo<\/title>\n<meta name=\"description\" content=\"Saaremaa Zoo pehme ja keskkonnas\u00f5bralik kiisu kaisukas, valmistatud taaskasutatud plastpudelitest. T\u00e4iuslik kingitus v\u00e4ikestele looduse- ja kassif\u00e4nnidele!\" \/>\n<meta name=\"robots\" content=\"noindex, follow, max-snippet:-1, max-image-preview:large, max-video-preview:-1\" \/>\n<meta property=\"og:locale\" content=\"en_US\" \/>\n<meta property=\"og:type\" content=\"article\" \/>\n<meta property=\"og:title\" content=\"Taaskasutatud materjalidest pehme kaisukas kiisu - Saaremaa Zoo\" \/>\n<meta property=\"og:description\" content=\"Saaremaa Zoo pehme ja keskkonnas\u00f5bralik kiisu kaisukas, valmistatud taaskasutatud plastpudelitest. T\u00e4iuslik kingitus v\u00e4ikestele looduse- ja kassif\u00e4nnidele!\" \/>\n<meta property=\"og:url\" content=\"https:\/\/old.saaremaazoo.ee\/en\/toode\/taaskasutatud-materjalidest-pehme-kaisukas-kiisu\/\" \/>\n<meta property=\"og:site_name\" content=\"Saaremaa Zoo\" \/>\n<meta property=\"article:publisher\" content=\"https:\/\/www.facebook.com\/saaremaazoo\" \/>\n<meta property=\"article:modified_time\" content=\"2024-10-28T15:06:07+00:00\" \/>\n<meta property=\"og:image\" content=\"https:\/\/old.saaremaazoo.ee\/wp-content\/uploads\/2024\/10\/kiisu-17-Copy-Copy.jpg\" \/>\n\t<meta property=\"og:image:width\" content=\"800\" \/>\n\t<meta property=\"og:image:height\" content=\"800\" \/>\n\t<meta property=\"og:image:type\" content=\"image\/jpeg\" \/>\n<meta name=\"twitter:card\" content=\"summary_large_image\" \/>\n<meta name=\"twitter:label1\" content=\"Est. reading time\" \/>\n\t<meta name=\"twitter:data1\" content=\"1 minute\" \/>\n<script type=\"application\/ld+json\" class=\"yoast-schema-graph\">{\"@context\":\"https:\/\/schema.org\",\"@graph\":[{\"@type\":\"WebPage\",\"@id\":\"https:\/\/old.saaremaazoo.ee\/en\/toode\/taaskasutatud-materjalidest-pehme-kaisukas-kiisu\/\",\"url\":\"https:\/\/old.saaremaazoo.ee\/en\/toode\/taaskasutatud-materjalidest-pehme-kaisukas-kiisu\/\",\"name\":\"Taaskasutatud materjalidest pehme kaisukas kiisu - Saaremaa Zoo\",\"isPartOf\":{\"@id\":\"https:\/\/old.saaremaazoo.ee\/en\/#website\"},\"primaryImageOfPage\":{\"@id\":\"https:\/\/old.saaremaazoo.ee\/en\/toode\/taaskasutatud-materjalidest-pehme-kaisukas-kiisu\/#primaryimage\"},\"image\":{\"@id\":\"https:\/\/old.saaremaazoo.ee\/en\/toode\/taaskasutatud-materjalidest-pehme-kaisukas-kiisu\/#primaryimage\"},\"thumbnailUrl\":\"https:\/\/old.saaremaazoo.ee\/wp-content\/uploads\/2024\/10\/kiisu-17-Copy-Copy.jpg\",\"datePublished\":\"2024-10-28T15:01:17+00:00\",\"dateModified\":\"2024-10-28T15:06:07+00:00\",\"description\":\"Saaremaa Zoo pehme ja keskkonnas\u00f5bralik kiisu kaisukas, valmistatud taaskasutatud plastpudelitest. T\u00e4iuslik kingitus v\u00e4ikestele looduse- ja kassif\u00e4nnidele!\",\"breadcrumb\":{\"@id\":\"https:\/\/old.saaremaazoo.ee\/en\/toode\/taaskasutatud-materjalidest-pehme-kaisukas-kiisu\/#breadcrumb\"},\"inLanguage\":\"en-US\",\"potentialAction\":[{\"@type\":\"ReadAction\",\"target\":[\"https:\/\/old.saaremaazoo.ee\/en\/toode\/taaskasutatud-materjalidest-pehme-kaisukas-kiisu\/\"]}]},{\"@type\":\"ImageObject\",\"inLanguage\":\"en-US\",\"@id\":\"https:\/\/old.saaremaazoo.ee\/en\/toode\/taaskasutatud-materjalidest-pehme-kaisukas-kiisu\/#primaryimage\",\"url\":\"https:\/\/old.saaremaazoo.ee\/wp-content\/uploads\/2024\/10\/kiisu-17-Copy-Copy.jpg\",\"contentUrl\":\"https:\/\/old.saaremaazoo.ee\/wp-content\/uploads\/2024\/10\/kiisu-17-Copy-Copy.jpg\",\"width\":800,\"height\":800},{\"@type\":\"BreadcrumbList\",\"@id\":\"https:\/\/old.saaremaazoo.ee\/en\/toode\/taaskasutatud-materjalidest-pehme-kaisukas-kiisu\/#breadcrumb\",\"itemListElement\":[{\"@type\":\"ListItem\",\"position\":1,\"name\":\"Saaremaa loomaaed\",\"item\":\"https:\/\/old.saaremaazoo.ee\/en\/\"},{\"@type\":\"ListItem\",\"position\":2,\"name\":\"Shop\",\"item\":\"https:\/\/old.saaremaazoo.ee\/en\/shop-2\/\"},{\"@type\":\"ListItem\",\"position\":3,\"name\":\"Taaskasutatud materjalidest pehme kaisukas kiisu\"}]},{\"@type\":\"WebSite\",\"@id\":\"https:\/\/old.saaremaazoo.ee\/en\/#website\",\"url\":\"https:\/\/old.saaremaazoo.ee\/en\/\",\"name\":\"Saaremaa Zoo\",\"description\":\"Esimene Saaremaa Loomaaed\",\"publisher\":{\"@id\":\"https:\/\/old.saaremaazoo.ee\/en\/#organization\"},\"potentialAction\":[{\"@type\":\"SearchAction\",\"target\":{\"@type\":\"EntryPoint\",\"urlTemplate\":\"https:\/\/old.saaremaazoo.ee\/en\/?s={search_term_string}\"},\"query-input\":{\"@type\":\"PropertyValueSpecification\",\"valueRequired\":true,\"valueName\":\"search_term_string\"}}],\"inLanguage\":\"en-US\"},{\"@type\":\"Organization\",\"@id\":\"https:\/\/old.saaremaazoo.ee\/en\/#organization\",\"name\":\"Saaremaa Loomaaed\",\"alternateName\":\"Saaremaa Zoo\",\"url\":\"https:\/\/old.saaremaazoo.ee\/en\/\",\"logo\":{\"@type\":\"ImageObject\",\"inLanguage\":\"en-US\",\"@id\":\"https:\/\/old.saaremaazoo.ee\/en\/#\/schema\/logo\/image\/\",\"url\":\"https:\/\/old.saaremaazoo.ee\/wp-content\/uploads\/2024\/11\/cropped-saaremaazoo_magnet_leemur__1__page-0001-removebg-preview.png\",\"contentUrl\":\"https:\/\/old.saaremaazoo.ee\/wp-content\/uploads\/2024\/11\/cropped-saaremaazoo_magnet_leemur__1__page-0001-removebg-preview.png\",\"width\":467,\"height\":325,\"caption\":\"Saaremaa Loomaaed\"},\"image\":{\"@id\":\"https:\/\/old.saaremaazoo.ee\/en\/#\/schema\/logo\/image\/\"},\"sameAs\":[\"https:\/\/www.facebook.com\/saaremaazoo\",\"https:\/\/www.instagram.com\/saaremaazoo\/\"]}]}<\/script>\n<!-- \/ Yoast SEO plugin. -->","yoast_head_json":{"title":"Taaskasutatud materjalidest pehme kaisukas kiisu - Saaremaa Zoo","description":"Saaremaa Zoo pehme ja keskkonnas\u00f5bralik kiisu kaisukas, valmistatud taaskasutatud plastpudelitest. T\u00e4iuslik kingitus v\u00e4ikestele looduse- ja kassif\u00e4nnidele!","robots":{"index":"noindex","follow":"follow","max-snippet":"max-snippet:-1","max-image-preview":"max-image-preview:large","max-video-preview":"max-video-preview:-1"},"og_locale":"en_US","og_type":"article","og_title":"Taaskasutatud materjalidest pehme kaisukas kiisu - Saaremaa Zoo","og_description":"Saaremaa Zoo pehme ja keskkonnas\u00f5bralik kiisu kaisukas, valmistatud taaskasutatud plastpudelitest. T\u00e4iuslik kingitus v\u00e4ikestele looduse- ja kassif\u00e4nnidele!","og_url":"https:\/\/old.saaremaazoo.ee\/en\/toode\/taaskasutatud-materjalidest-pehme-kaisukas-kiisu\/","og_site_name":"Saaremaa Zoo","article_publisher":"https:\/\/www.facebook.com\/saaremaazoo","article_modified_time":"2024-10-28T15:06:07+00:00","og_image":[{"width":800,"height":800,"url":"https:\/\/old.saaremaazoo.ee\/wp-content\/uploads\/2024\/10\/kiisu-17-Copy-Copy.jpg","type":"image\/jpeg"}],"twitter_card":"summary_large_image","twitter_misc":{"Est. reading time":"1 minute"},"schema":{"@context":"https:\/\/schema.org","@graph":[{"@type":"WebPage","@id":"https:\/\/old.saaremaazoo.ee\/en\/toode\/taaskasutatud-materjalidest-pehme-kaisukas-kiisu\/","url":"https:\/\/old.saaremaazoo.ee\/en\/toode\/taaskasutatud-materjalidest-pehme-kaisukas-kiisu\/","name":"Taaskasutatud materjalidest pehme kaisukas kiisu - Saaremaa Zoo","isPartOf":{"@id":"https:\/\/old.saaremaazoo.ee\/en\/#website"},"primaryImageOfPage":{"@id":"https:\/\/old.saaremaazoo.ee\/en\/toode\/taaskasutatud-materjalidest-pehme-kaisukas-kiisu\/#primaryimage"},"image":{"@id":"https:\/\/old.saaremaazoo.ee\/en\/toode\/taaskasutatud-materjalidest-pehme-kaisukas-kiisu\/#primaryimage"},"thumbnailUrl":"https:\/\/old.saaremaazoo.ee\/wp-content\/uploads\/2024\/10\/kiisu-17-Copy-Copy.jpg","datePublished":"2024-10-28T15:01:17+00:00","dateModified":"2024-10-28T15:06:07+00:00","description":"Saaremaa Zoo pehme ja keskkonnas\u00f5bralik kiisu kaisukas, valmistatud taaskasutatud plastpudelitest. T\u00e4iuslik kingitus v\u00e4ikestele looduse- ja kassif\u00e4nnidele!","breadcrumb":{"@id":"https:\/\/old.saaremaazoo.ee\/en\/toode\/taaskasutatud-materjalidest-pehme-kaisukas-kiisu\/#breadcrumb"},"inLanguage":"en-US","potentialAction":[{"@type":"ReadAction","target":["https:\/\/old.saaremaazoo.ee\/en\/toode\/taaskasutatud-materjalidest-pehme-kaisukas-kiisu\/"]}]},{"@type":"ImageObject","inLanguage":"en-US","@id":"https:\/\/old.saaremaazoo.ee\/en\/toode\/taaskasutatud-materjalidest-pehme-kaisukas-kiisu\/#primaryimage","url":"https:\/\/old.saaremaazoo.ee\/wp-content\/uploads\/2024\/10\/kiisu-17-Copy-Copy.jpg","contentUrl":"https:\/\/old.saaremaazoo.ee\/wp-content\/uploads\/2024\/10\/kiisu-17-Copy-Copy.jpg","width":800,"height":800},{"@type":"BreadcrumbList","@id":"https:\/\/old.saaremaazoo.ee\/en\/toode\/taaskasutatud-materjalidest-pehme-kaisukas-kiisu\/#breadcrumb","itemListElement":[{"@type":"ListItem","position":1,"name":"Saaremaa loomaaed","item":"https:\/\/old.saaremaazoo.ee\/en\/"},{"@type":"ListItem","position":2,"name":"Shop","item":"https:\/\/old.saaremaazoo.ee\/en\/shop-2\/"},{"@type":"ListItem","position":3,"name":"Taaskasutatud materjalidest pehme kaisukas kiisu"}]},{"@type":"WebSite","@id":"https:\/\/old.saaremaazoo.ee\/en\/#website","url":"https:\/\/old.saaremaazoo.ee\/en\/","name":"Saaremaa Zoo","description":"Esimene Saaremaa Loomaaed","publisher":{"@id":"https:\/\/old.saaremaazoo.ee\/en\/#organization"},"potentialAction":[{"@type":"SearchAction","target":{"@type":"EntryPoint","urlTemplate":"https:\/\/old.saaremaazoo.ee\/en\/?s={search_term_string}"},"query-input":{"@type":"PropertyValueSpecification","valueRequired":true,"valueName":"search_term_string"}}],"inLanguage":"en-US"},{"@type":"Organization","@id":"https:\/\/old.saaremaazoo.ee\/en\/#organization","name":"Saaremaa Loomaaed","alternateName":"Saaremaa Zoo","url":"https:\/\/old.saaremaazoo.ee\/en\/","logo":{"@type":"ImageObject","inLanguage":"en-US","@id":"https:\/\/old.saaremaazoo.ee\/en\/#\/schema\/logo\/image\/","url":"https:\/\/old.saaremaazoo.ee\/wp-content\/uploads\/2024\/11\/cropped-saaremaazoo_magnet_leemur__1__page-0001-removebg-preview.png","contentUrl":"https:\/\/old.saaremaazoo.ee\/wp-content\/uploads\/2024\/11\/cropped-saaremaazoo_magnet_leemur__1__page-0001-removebg-preview.png","width":467,"height":325,"caption":"Saaremaa Loomaaed"},"image":{"@id":"https:\/\/old.saaremaazoo.ee\/en\/#\/schema\/logo\/image\/"},"sameAs":["https:\/\/www.facebook.com\/saaremaazoo","https:\/\/www.instagram.com\/saaremaazoo\/"]}]}},"_links":{"self":[{"href":"https:\/\/old.saaremaazoo.ee\/en\/wp-json\/wp\/v2\/product\/3873","targetHints":{"allow":["GET"]}}],"collection":[{"href":"https:\/\/old.saaremaazoo.ee\/en\/wp-json\/wp\/v2\/product"}],"about":[{"href":"https:\/\/old.saaremaazoo.ee\/en\/wp-json\/wp\/v2\/types\/product"}],"replies":[{"embeddable":true,"href":"https:\/\/old.saaremaazoo.ee\/en\/wp-json\/wp\/v2\/comments?post=3873"}],"version-history":[{"count":1,"href":"https:\/\/old.saaremaazoo.ee\/en\/wp-json\/wp\/v2\/product\/3873\/revisions"}],"predecessor-version":[{"id":3874,"href":"https:\/\/old.saaremaazoo.ee\/en\/wp-json\/wp\/v2\/product\/3873\/revisions\/3874"}],"wp:featuredmedia":[{"embeddable":true,"href":"https:\/\/old.saaremaazoo.ee\/en\/wp-json\/wp\/v2\/media\/3818"}],"wp:attachment":[{"href":"https:\/\/old.saaremaazoo.ee\/en\/wp-json\/wp\/v2\/media?parent=3873"}],"wp:term":[{"taxonomy":"product_cat","embeddable":true,"href":"https:\/\/old.saaremaazoo.ee\/en\/wp-json\/wp\/v2\/product_cat?post=3873"},{"taxonomy":"product_tag","embeddable":true,"href":"https:\/\/old.saaremaazoo.ee\/en\/wp-json\/wp\/v2\/product_tag?post=3873"}],"curies":[{"name":"wp","href":"https:\/\/api.w.org\/{rel}","templated":true}]}}