{"id":3892,"date":"2024-10-28T16:26:27","date_gmt":"2024-10-28T16:26:27","guid":{"rendered":"https:\/\/old.saaremaazoo.ee\/?post_type=product&#038;p=3892"},"modified":"2024-10-28T16:54:39","modified_gmt":"2024-10-28T16:54:39","slug":"taaskasutatud-materjalidest-pehme-kaisukas-surikaat","status":"publish","type":"product","link":"https:\/\/old.saaremaazoo.ee\/en\/toode\/taaskasutatud-materjalidest-pehme-kaisukas-surikaat\/","title":{"rendered":"Taaskasutatud materjalidest pehme kaisukas Surikaat"},"content":{"rendered":"<p>See armas surikaat pole mitte ainult kaisus\u00f5bralik, vaid ka looduss\u00f5bralik!\u00a0 Re-Petsi kollektsiooni surikaat on valmistatud taaskasutatud plastpudelitest, muutes selle t\u00e4iuslikuks kaaslaseks v\u00e4ikestele looduses\u00f5pradele, kes hoolivad meie planeedi hoidmisest. Tema s\u00f5bralik pilk ja pehme keha toovad naeratuse igale lapsele!<\/p>\n<p><strong>Tooteandmed:<\/strong><\/p>\n<ul>\n<li><strong>Br\u00e4nd<\/strong>: NaturePlanet<\/li>\n<li><strong>Kollektsioon<\/strong>: Re-Pets<\/li>\n<li><strong>Materjal<\/strong>: Valmistatud taaskasutatud plastpudelitest<\/li>\n<li><strong>Suurus<\/strong>: 18 cm , ideaalne kaisutamiseks<\/li>\n<li><strong>Omadused<\/strong>: Superpehme, keskkonnas\u00f5bralik ja r\u00f5\u00f5msameelne<\/li>\n<li><strong>Sobib<\/strong>: Lastetuppa, kaisutamiseks ja kingituseks k\u00f5igile surikaadif\u00e4nnidele ja loodusearmastajatele<\/li>\n<\/ul>\n<p>Tee see r\u00f5\u00f5mus surikaat oma uueks kaisus\u00f5braks ja tunne end h\u00e4sti, teades, et hoolid looduse eest iga kallistusega!<\/p>\n","protected":false},"excerpt":{"rendered":"<p>See armas surikaat pole mitte ainult kaisus\u00f5bralik, vaid ka looduss\u00f5bralik!\u00a0 Re-Petsi kollektsiooni surikaat on valmistatud taaskasutatud plastpudelitest, muutes selle t\u00e4iuslikuks kaaslaseks v\u00e4ikestele looduses\u00f5pradele, kes hoolivad meie planeedi hoidmisest. Tema s\u00f5bralik pilk ja pehme keha toovad naeratuse igale lapsele! Tooteandmed: Br\u00e4nd: NaturePlanet Kollektsioon: Re-Pets Materjal: Valmistatud taaskasutatud plastpudelitest Suurus: 18 cm , ideaalne kaisutamiseks Omadused: Superpehme, [&hellip;]<\/p>\n","protected":false},"featured_media":3844,"comment_status":"open","ping_status":"closed","template":"","meta":{"_monsterinsights_skip_tracking":false,"_monsterinsights_sitenote_active":false,"_monsterinsights_sitenote_note":"","_monsterinsights_sitenote_category":0,"site-sidebar-layout":"default","site-content-layout":"default","ast-site-content-layout":"","site-content-style":"default","site-sidebar-style":"default","ast-global-header-display":"","ast-banner-title-visibility":"","ast-main-header-display":"","ast-hfb-above-header-display":"","ast-hfb-below-header-display":"","ast-hfb-mobile-header-display":"","site-post-title":"","ast-breadcrumbs-content":"","ast-featured-img":"","footer-sml-layout":"","theme-transparent-header-meta":"default","adv-header-id-meta":"","stick-header-meta":"","header-above-stick-meta":"","header-main-stick-meta":"","header-below-stick-meta":"","astra-migrate-meta-layouts":"default","ast-page-background-enabled":"default","ast-page-background-meta":{"desktop":{"background-color":"var(--ast-global-color-4)","background-image":"","background-repeat":"repeat","background-position":"center center","background-size":"auto","background-attachment":"scroll","background-type":"","background-media":"","overlay-type":"","overlay-color":"","overlay-opacity":"","overlay-gradient":""},"tablet":{"background-color":"","background-image":"","background-repeat":"repeat","background-position":"center center","background-size":"auto","background-attachment":"scroll","background-type":"","background-media":"","overlay-type":"","overlay-color":"","overlay-opacity":"","overlay-gradient":""},"mobile":{"background-color":"","background-image":"","background-repeat":"repeat","background-position":"center center","background-size":"auto","background-attachment":"scroll","background-type":"","background-media":"","overlay-type":"","overlay-color":"","overlay-opacity":"","overlay-gradient":""}},"ast-content-background-meta":{"desktop":{"background-color":"var(--ast-global-color-5)","background-image":"","background-repeat":"repeat","background-position":"center center","background-size":"auto","background-attachment":"scroll","background-type":"","background-media":"","overlay-type":"","overlay-color":"","overlay-opacity":"","overlay-gradient":""},"tablet":{"background-color":"var(--ast-global-color-5)","background-image":"","background-repeat":"repeat","background-position":"center center","background-size":"auto","background-attachment":"scroll","background-type":"","background-media":"","overlay-type":"","overlay-color":"","overlay-opacity":"","overlay-gradient":""},"mobile":{"background-color":"var(--ast-global-color-5)","background-image":"","background-repeat":"repeat","background-position":"center center","background-size":"auto","background-attachment":"scroll","background-type":"","background-media":"","overlay-type":"","overlay-color":"","overlay-opacity":"","overlay-gradient":""}}},"product_cat":[28],"product_tag":[],"class_list":{"0":"post-3892","1":"product","2":"type-product","3":"status-publish","4":"has-post-thumbnail","6":"product_cat-saaremaa-loomaia-manguasjad","7":"desktop-align-center","8":"tablet-align-left","9":"mobile-align-left","11":"first","12":"instock","13":"taxable","14":"shipping-taxable","15":"purchasable","16":"product-type-simple"},"yoast_head":"<!-- This site is optimized with the Yoast SEO plugin v23.8 - https:\/\/yoast.com\/wordpress\/plugins\/seo\/ -->\n<title>Taaskasutatud materjalidest pehme kaisukas Surikaat - Saaremaa Zoo<\/title>\n<meta name=\"description\" content=\"Pehme ja keskkonnas\u00f5bralik surikaadi kaisukas, mis on valmistatud taaskasutatud plastpudelitest. Ideaalne kingitus v\u00e4ikestele surikaadis\u00f5brale!\" \/>\n<meta name=\"robots\" content=\"noindex, follow, max-snippet:-1, max-image-preview:large, max-video-preview:-1\" \/>\n<meta property=\"og:locale\" content=\"en_US\" \/>\n<meta property=\"og:type\" content=\"article\" \/>\n<meta property=\"og:title\" content=\"Taaskasutatud materjalidest pehme kaisukas Surikaat - Saaremaa Zoo\" \/>\n<meta property=\"og:description\" content=\"Pehme ja keskkonnas\u00f5bralik surikaadi kaisukas, mis on valmistatud taaskasutatud plastpudelitest. Ideaalne kingitus v\u00e4ikestele surikaadis\u00f5brale!\" \/>\n<meta property=\"og:url\" content=\"https:\/\/old.saaremaazoo.ee\/en\/toode\/taaskasutatud-materjalidest-pehme-kaisukas-surikaat\/\" \/>\n<meta property=\"og:site_name\" content=\"Saaremaa Zoo\" \/>\n<meta property=\"article:publisher\" content=\"https:\/\/www.facebook.com\/saaremaazoo\" \/>\n<meta property=\"article:modified_time\" content=\"2024-10-28T16:54:39+00:00\" \/>\n<meta property=\"og:image\" content=\"https:\/\/old.saaremaazoo.ee\/wp-content\/uploads\/2024\/10\/surikaat-18.jpg\" \/>\n\t<meta property=\"og:image:width\" content=\"800\" \/>\n\t<meta property=\"og:image:height\" content=\"800\" \/>\n\t<meta property=\"og:image:type\" content=\"image\/jpeg\" \/>\n<meta name=\"twitter:card\" content=\"summary_large_image\" \/>\n<meta name=\"twitter:label1\" content=\"Est. reading time\" \/>\n\t<meta name=\"twitter:data1\" content=\"1 minute\" \/>\n<script type=\"application\/ld+json\" class=\"yoast-schema-graph\">{\"@context\":\"https:\/\/schema.org\",\"@graph\":[{\"@type\":\"WebPage\",\"@id\":\"https:\/\/old.saaremaazoo.ee\/en\/toode\/taaskasutatud-materjalidest-pehme-kaisukas-surikaat\/\",\"url\":\"https:\/\/old.saaremaazoo.ee\/en\/toode\/taaskasutatud-materjalidest-pehme-kaisukas-surikaat\/\",\"name\":\"Taaskasutatud materjalidest pehme kaisukas Surikaat - Saaremaa Zoo\",\"isPartOf\":{\"@id\":\"https:\/\/old.saaremaazoo.ee\/en\/#website\"},\"primaryImageOfPage\":{\"@id\":\"https:\/\/old.saaremaazoo.ee\/en\/toode\/taaskasutatud-materjalidest-pehme-kaisukas-surikaat\/#primaryimage\"},\"image\":{\"@id\":\"https:\/\/old.saaremaazoo.ee\/en\/toode\/taaskasutatud-materjalidest-pehme-kaisukas-surikaat\/#primaryimage\"},\"thumbnailUrl\":\"https:\/\/old.saaremaazoo.ee\/wp-content\/uploads\/2024\/10\/surikaat-18.jpg\",\"datePublished\":\"2024-10-28T16:26:27+00:00\",\"dateModified\":\"2024-10-28T16:54:39+00:00\",\"description\":\"Pehme ja keskkonnas\u00f5bralik surikaadi kaisukas, mis on valmistatud taaskasutatud plastpudelitest. Ideaalne kingitus v\u00e4ikestele surikaadis\u00f5brale!\",\"breadcrumb\":{\"@id\":\"https:\/\/old.saaremaazoo.ee\/en\/toode\/taaskasutatud-materjalidest-pehme-kaisukas-surikaat\/#breadcrumb\"},\"inLanguage\":\"en-US\",\"potentialAction\":[{\"@type\":\"ReadAction\",\"target\":[\"https:\/\/old.saaremaazoo.ee\/en\/toode\/taaskasutatud-materjalidest-pehme-kaisukas-surikaat\/\"]}]},{\"@type\":\"ImageObject\",\"inLanguage\":\"en-US\",\"@id\":\"https:\/\/old.saaremaazoo.ee\/en\/toode\/taaskasutatud-materjalidest-pehme-kaisukas-surikaat\/#primaryimage\",\"url\":\"https:\/\/old.saaremaazoo.ee\/wp-content\/uploads\/2024\/10\/surikaat-18.jpg\",\"contentUrl\":\"https:\/\/old.saaremaazoo.ee\/wp-content\/uploads\/2024\/10\/surikaat-18.jpg\",\"width\":800,\"height\":800},{\"@type\":\"BreadcrumbList\",\"@id\":\"https:\/\/old.saaremaazoo.ee\/en\/toode\/taaskasutatud-materjalidest-pehme-kaisukas-surikaat\/#breadcrumb\",\"itemListElement\":[{\"@type\":\"ListItem\",\"position\":1,\"name\":\"Saaremaa loomaaed\",\"item\":\"https:\/\/old.saaremaazoo.ee\/en\/\"},{\"@type\":\"ListItem\",\"position\":2,\"name\":\"Shop\",\"item\":\"https:\/\/old.saaremaazoo.ee\/en\/shop-2\/\"},{\"@type\":\"ListItem\",\"position\":3,\"name\":\"Taaskasutatud materjalidest pehme kaisukas Surikaat\"}]},{\"@type\":\"WebSite\",\"@id\":\"https:\/\/old.saaremaazoo.ee\/en\/#website\",\"url\":\"https:\/\/old.saaremaazoo.ee\/en\/\",\"name\":\"Saaremaa Zoo\",\"description\":\"Esimene Saaremaa Loomaaed\",\"publisher\":{\"@id\":\"https:\/\/old.saaremaazoo.ee\/en\/#organization\"},\"potentialAction\":[{\"@type\":\"SearchAction\",\"target\":{\"@type\":\"EntryPoint\",\"urlTemplate\":\"https:\/\/old.saaremaazoo.ee\/en\/?s={search_term_string}\"},\"query-input\":{\"@type\":\"PropertyValueSpecification\",\"valueRequired\":true,\"valueName\":\"search_term_string\"}}],\"inLanguage\":\"en-US\"},{\"@type\":\"Organization\",\"@id\":\"https:\/\/old.saaremaazoo.ee\/en\/#organization\",\"name\":\"Saaremaa Loomaaed\",\"alternateName\":\"Saaremaa Zoo\",\"url\":\"https:\/\/old.saaremaazoo.ee\/en\/\",\"logo\":{\"@type\":\"ImageObject\",\"inLanguage\":\"en-US\",\"@id\":\"https:\/\/old.saaremaazoo.ee\/en\/#\/schema\/logo\/image\/\",\"url\":\"https:\/\/old.saaremaazoo.ee\/wp-content\/uploads\/2024\/11\/cropped-saaremaazoo_magnet_leemur__1__page-0001-removebg-preview.png\",\"contentUrl\":\"https:\/\/old.saaremaazoo.ee\/wp-content\/uploads\/2024\/11\/cropped-saaremaazoo_magnet_leemur__1__page-0001-removebg-preview.png\",\"width\":467,\"height\":325,\"caption\":\"Saaremaa Loomaaed\"},\"image\":{\"@id\":\"https:\/\/old.saaremaazoo.ee\/en\/#\/schema\/logo\/image\/\"},\"sameAs\":[\"https:\/\/www.facebook.com\/saaremaazoo\",\"https:\/\/www.instagram.com\/saaremaazoo\/\"]}]}<\/script>\n<!-- \/ Yoast SEO plugin. -->","yoast_head_json":{"title":"Taaskasutatud materjalidest pehme kaisukas Surikaat - Saaremaa Zoo","description":"Pehme ja keskkonnas\u00f5bralik surikaadi kaisukas, mis on valmistatud taaskasutatud plastpudelitest. Ideaalne kingitus v\u00e4ikestele surikaadis\u00f5brale!","robots":{"index":"noindex","follow":"follow","max-snippet":"max-snippet:-1","max-image-preview":"max-image-preview:large","max-video-preview":"max-video-preview:-1"},"og_locale":"en_US","og_type":"article","og_title":"Taaskasutatud materjalidest pehme kaisukas Surikaat - Saaremaa Zoo","og_description":"Pehme ja keskkonnas\u00f5bralik surikaadi kaisukas, mis on valmistatud taaskasutatud plastpudelitest. Ideaalne kingitus v\u00e4ikestele surikaadis\u00f5brale!","og_url":"https:\/\/old.saaremaazoo.ee\/en\/toode\/taaskasutatud-materjalidest-pehme-kaisukas-surikaat\/","og_site_name":"Saaremaa Zoo","article_publisher":"https:\/\/www.facebook.com\/saaremaazoo","article_modified_time":"2024-10-28T16:54:39+00:00","og_image":[{"width":800,"height":800,"url":"https:\/\/old.saaremaazoo.ee\/wp-content\/uploads\/2024\/10\/surikaat-18.jpg","type":"image\/jpeg"}],"twitter_card":"summary_large_image","twitter_misc":{"Est. reading time":"1 minute"},"schema":{"@context":"https:\/\/schema.org","@graph":[{"@type":"WebPage","@id":"https:\/\/old.saaremaazoo.ee\/en\/toode\/taaskasutatud-materjalidest-pehme-kaisukas-surikaat\/","url":"https:\/\/old.saaremaazoo.ee\/en\/toode\/taaskasutatud-materjalidest-pehme-kaisukas-surikaat\/","name":"Taaskasutatud materjalidest pehme kaisukas Surikaat - Saaremaa Zoo","isPartOf":{"@id":"https:\/\/old.saaremaazoo.ee\/en\/#website"},"primaryImageOfPage":{"@id":"https:\/\/old.saaremaazoo.ee\/en\/toode\/taaskasutatud-materjalidest-pehme-kaisukas-surikaat\/#primaryimage"},"image":{"@id":"https:\/\/old.saaremaazoo.ee\/en\/toode\/taaskasutatud-materjalidest-pehme-kaisukas-surikaat\/#primaryimage"},"thumbnailUrl":"https:\/\/old.saaremaazoo.ee\/wp-content\/uploads\/2024\/10\/surikaat-18.jpg","datePublished":"2024-10-28T16:26:27+00:00","dateModified":"2024-10-28T16:54:39+00:00","description":"Pehme ja keskkonnas\u00f5bralik surikaadi kaisukas, mis on valmistatud taaskasutatud plastpudelitest. Ideaalne kingitus v\u00e4ikestele surikaadis\u00f5brale!","breadcrumb":{"@id":"https:\/\/old.saaremaazoo.ee\/en\/toode\/taaskasutatud-materjalidest-pehme-kaisukas-surikaat\/#breadcrumb"},"inLanguage":"en-US","potentialAction":[{"@type":"ReadAction","target":["https:\/\/old.saaremaazoo.ee\/en\/toode\/taaskasutatud-materjalidest-pehme-kaisukas-surikaat\/"]}]},{"@type":"ImageObject","inLanguage":"en-US","@id":"https:\/\/old.saaremaazoo.ee\/en\/toode\/taaskasutatud-materjalidest-pehme-kaisukas-surikaat\/#primaryimage","url":"https:\/\/old.saaremaazoo.ee\/wp-content\/uploads\/2024\/10\/surikaat-18.jpg","contentUrl":"https:\/\/old.saaremaazoo.ee\/wp-content\/uploads\/2024\/10\/surikaat-18.jpg","width":800,"height":800},{"@type":"BreadcrumbList","@id":"https:\/\/old.saaremaazoo.ee\/en\/toode\/taaskasutatud-materjalidest-pehme-kaisukas-surikaat\/#breadcrumb","itemListElement":[{"@type":"ListItem","position":1,"name":"Saaremaa loomaaed","item":"https:\/\/old.saaremaazoo.ee\/en\/"},{"@type":"ListItem","position":2,"name":"Shop","item":"https:\/\/old.saaremaazoo.ee\/en\/shop-2\/"},{"@type":"ListItem","position":3,"name":"Taaskasutatud materjalidest pehme kaisukas Surikaat"}]},{"@type":"WebSite","@id":"https:\/\/old.saaremaazoo.ee\/en\/#website","url":"https:\/\/old.saaremaazoo.ee\/en\/","name":"Saaremaa Zoo","description":"Esimene Saaremaa Loomaaed","publisher":{"@id":"https:\/\/old.saaremaazoo.ee\/en\/#organization"},"potentialAction":[{"@type":"SearchAction","target":{"@type":"EntryPoint","urlTemplate":"https:\/\/old.saaremaazoo.ee\/en\/?s={search_term_string}"},"query-input":{"@type":"PropertyValueSpecification","valueRequired":true,"valueName":"search_term_string"}}],"inLanguage":"en-US"},{"@type":"Organization","@id":"https:\/\/old.saaremaazoo.ee\/en\/#organization","name":"Saaremaa Loomaaed","alternateName":"Saaremaa Zoo","url":"https:\/\/old.saaremaazoo.ee\/en\/","logo":{"@type":"ImageObject","inLanguage":"en-US","@id":"https:\/\/old.saaremaazoo.ee\/en\/#\/schema\/logo\/image\/","url":"https:\/\/old.saaremaazoo.ee\/wp-content\/uploads\/2024\/11\/cropped-saaremaazoo_magnet_leemur__1__page-0001-removebg-preview.png","contentUrl":"https:\/\/old.saaremaazoo.ee\/wp-content\/uploads\/2024\/11\/cropped-saaremaazoo_magnet_leemur__1__page-0001-removebg-preview.png","width":467,"height":325,"caption":"Saaremaa Loomaaed"},"image":{"@id":"https:\/\/old.saaremaazoo.ee\/en\/#\/schema\/logo\/image\/"},"sameAs":["https:\/\/www.facebook.com\/saaremaazoo","https:\/\/www.instagram.com\/saaremaazoo\/"]}]}},"_links":{"self":[{"href":"https:\/\/old.saaremaazoo.ee\/en\/wp-json\/wp\/v2\/product\/3892","targetHints":{"allow":["GET"]}}],"collection":[{"href":"https:\/\/old.saaremaazoo.ee\/en\/wp-json\/wp\/v2\/product"}],"about":[{"href":"https:\/\/old.saaremaazoo.ee\/en\/wp-json\/wp\/v2\/types\/product"}],"replies":[{"embeddable":true,"href":"https:\/\/old.saaremaazoo.ee\/en\/wp-json\/wp\/v2\/comments?post=3892"}],"version-history":[{"count":1,"href":"https:\/\/old.saaremaazoo.ee\/en\/wp-json\/wp\/v2\/product\/3892\/revisions"}],"predecessor-version":[{"id":3893,"href":"https:\/\/old.saaremaazoo.ee\/en\/wp-json\/wp\/v2\/product\/3892\/revisions\/3893"}],"wp:featuredmedia":[{"embeddable":true,"href":"https:\/\/old.saaremaazoo.ee\/en\/wp-json\/wp\/v2\/media\/3844"}],"wp:attachment":[{"href":"https:\/\/old.saaremaazoo.ee\/en\/wp-json\/wp\/v2\/media?parent=3892"}],"wp:term":[{"taxonomy":"product_cat","embeddable":true,"href":"https:\/\/old.saaremaazoo.ee\/en\/wp-json\/wp\/v2\/product_cat?post=3892"},{"taxonomy":"product_tag","embeddable":true,"href":"https:\/\/old.saaremaazoo.ee\/en\/wp-json\/wp\/v2\/product_tag?post=3892"}],"curies":[{"name":"wp","href":"https:\/\/api.w.org\/{rel}","templated":true}]}}