{"id":4201,"date":"2024-11-09T07:01:57","date_gmt":"2024-11-09T07:01:57","guid":{"rendered":"https:\/\/old.saaremaazoo.ee\/?post_type=product&#038;p=4201"},"modified":"2024-12-18T07:40:08","modified_gmt":"2024-12-18T07:40:08","slug":"saaremaa-zoo-ouna-leedrimarja-alkoholivaba-glogi","status":"publish","type":"product","link":"https:\/\/old.saaremaazoo.ee\/en\/toode\/saaremaa-zoo-ouna-leedrimarja-alkoholivaba-glogi\/","title":{"rendered":"Saaremaa Zoo mahe\u00f5una- leedrimarja alkoholivaba gl\u00f6gi"},"content":{"rendered":"<p>Saaremaa Zoo gl\u00f6gi on t\u00f5eline maitser\u00e4nnak \u2013 valmistatud mahe\u00f5untest, hapukatest leedri- ja kukerpuumarjadest ning rikastatud maitsekate v\u00fcrtsidega, mis toovad soojust ja looduse ilu igasse lonksu.<\/p>\n<p>Meie \u00f5una-leedrimarja p\u00e4kapikujook on valmistatud 90% mahep\u00f5llumajanduslikest koostisosadest!<\/p>\n<p>Alkoholivaba ja v\u00e4hese suhkruga gl\u00f6gi pakub t\u00e4idlase ja rikkaliku maitseelamuse. Vajadusel saad seda enne soojendamist lahjendada. Meie nooremad k\u00fclalised armastavad seda ka k\u00fclmana, lahjendatuna veega 1:1 vahekorras. Mis nime annab joogile sinu pisike s\u00f5ber?<\/p>\n<p>T\u00e4iskasvanutele v\u00f5ib soovi korral sobida h\u00e4sti v\u00e4ike sorts kangemat, et nautida &#8220;loomaaia eriversiooni&#8221;.<\/p>\n<p>See eriline jook toob soojust nii s\u00fcgis\u00f5htutesse kui ka talvehommikutesse, pakkudes Saaremaa ainulaadseid maitseid igal hetkel.<\/p>\n<p>Elegantne klaaspudel annab joogile v\u00e4\u00e4rika kingituse staatuse \u2013 ideaalne viis jagada meie loomaaia erilist v\u00f5lu ja maitserohkust.<\/p>\n<p>Gl\u00f6gi on 750 ml, pakendatud kaunisse taassuletavasse pudelisse, mida saad hiljem taaskasutada.<\/p>\n<p><strong>Koostisosad:<\/strong>\u00a0mahe \u00f5unamahl 90%,leedrimarja mahl 5%, kukerpuu mahl, suhkur, v\u00fcrtsid.<\/p>\n<p>Tootja:<\/p>\n<p><strong>Metakor O\u00dc,<\/strong>Kalda, P\u00f5rip\u00f5llu,\u00a0Saaremaa vald Saaremaa\u00a094613<\/p>\n","protected":false},"excerpt":{"rendered":"<p>Saaremaa Zoo gl\u00f6gi on t\u00f5eline maitser\u00e4nnak \u2013 valmistatud mahe\u00f5untest, hapukatest leedri- ja kukerpuumarjadest ning rikastatud maitsekate v\u00fcrtsidega, mis toovad soojust ja looduse ilu igasse lonksu. Meie \u00f5una-leedrimarja p\u00e4kapikujook on valmistatud 90% mahep\u00f5llumajanduslikest koostisosadest! Alkoholivaba ja v\u00e4hese suhkruga gl\u00f6gi pakub t\u00e4idlase ja rikkaliku maitseelamuse. Vajadusel saad seda enne soojendamist lahjendada. Meie nooremad k\u00fclalised armastavad seda ka [&hellip;]<\/p>\n","protected":false},"featured_media":4204,"comment_status":"open","ping_status":"closed","template":"","meta":{"_monsterinsights_skip_tracking":false,"_monsterinsights_sitenote_active":false,"_monsterinsights_sitenote_note":"","_monsterinsights_sitenote_category":0,"site-sidebar-layout":"default","site-content-layout":"","ast-site-content-layout":"default","site-content-style":"default","site-sidebar-style":"default","ast-global-header-display":"","ast-banner-title-visibility":"","ast-main-header-display":"","ast-hfb-above-header-display":"","ast-hfb-below-header-display":"","ast-hfb-mobile-header-display":"","site-post-title":"","ast-breadcrumbs-content":"","ast-featured-img":"","footer-sml-layout":"","theme-transparent-header-meta":"default","adv-header-id-meta":"","stick-header-meta":"","header-above-stick-meta":"","header-main-stick-meta":"","header-below-stick-meta":"","astra-migrate-meta-layouts":"set","ast-page-background-enabled":"default","ast-page-background-meta":{"desktop":{"background-color":"var(--ast-global-color-4)","background-image":"","background-repeat":"repeat","background-position":"center center","background-size":"auto","background-attachment":"scroll","background-type":"","background-media":"","overlay-type":"","overlay-color":"","overlay-opacity":"","overlay-gradient":""},"tablet":{"background-color":"","background-image":"","background-repeat":"repeat","background-position":"center center","background-size":"auto","background-attachment":"scroll","background-type":"","background-media":"","overlay-type":"","overlay-color":"","overlay-opacity":"","overlay-gradient":""},"mobile":{"background-color":"","background-image":"","background-repeat":"repeat","background-position":"center center","background-size":"auto","background-attachment":"scroll","background-type":"","background-media":"","overlay-type":"","overlay-color":"","overlay-opacity":"","overlay-gradient":""}},"ast-content-background-meta":{"desktop":{"background-color":"var(--ast-global-color-5)","background-image":"","background-repeat":"repeat","background-position":"center center","background-size":"auto","background-attachment":"scroll","background-type":"","background-media":"","overlay-type":"","overlay-color":"","overlay-opacity":"","overlay-gradient":""},"tablet":{"background-color":"var(--ast-global-color-5)","background-image":"","background-repeat":"repeat","background-position":"center center","background-size":"auto","background-attachment":"scroll","background-type":"","background-media":"","overlay-type":"","overlay-color":"","overlay-opacity":"","overlay-gradient":""},"mobile":{"background-color":"var(--ast-global-color-5)","background-image":"","background-repeat":"repeat","background-position":"center center","background-size":"auto","background-attachment":"scroll","background-type":"","background-media":"","overlay-type":"","overlay-color":"","overlay-opacity":"","overlay-gradient":""}}},"product_cat":[30],"product_tag":[],"class_list":{"0":"post-4201","1":"product","2":"type-product","3":"status-publish","4":"has-post-thumbnail","6":"product_cat-kingitused","7":"product_shipping_class-kuller","8":"desktop-align-center","9":"tablet-align-left","10":"mobile-align-left","12":"first","13":"instock","14":"taxable","15":"shipping-taxable","16":"purchasable","17":"product-type-simple"},"yoast_head":"<!-- This site is optimized with the Yoast SEO plugin v23.8 - https:\/\/yoast.com\/wordpress\/plugins\/seo\/ -->\n<title>Saaremaa Zoo mahe\u00f5una- leedrimarja alkoholivaba gl\u00f6gi - Saaremaa Zoo<\/title>\n<meta name=\"description\" content=\"Saaremaa Zoo alkoholivaba gl\u00f6gi mahe\u00f5unte ja v\u00fcrtsidega \u2013 t\u00e4iuslik kaaslane k\u00fclmadeks \u00f5htuteks ja ideaalne kingitus elegantses klaaspudelis.\" \/>\n<meta name=\"robots\" content=\"noindex, follow, max-snippet:-1, max-image-preview:large, max-video-preview:-1\" \/>\n<meta property=\"og:locale\" content=\"en_US\" \/>\n<meta property=\"og:type\" content=\"article\" \/>\n<meta property=\"og:title\" content=\"Saaremaa Zoo mahe\u00f5una- leedrimarja alkoholivaba gl\u00f6gi - Saaremaa Zoo\" \/>\n<meta property=\"og:description\" content=\"Saaremaa Zoo alkoholivaba gl\u00f6gi mahe\u00f5unte ja v\u00fcrtsidega \u2013 t\u00e4iuslik kaaslane k\u00fclmadeks \u00f5htuteks ja ideaalne kingitus elegantses klaaspudelis.\" \/>\n<meta property=\"og:url\" content=\"https:\/\/old.saaremaazoo.ee\/en\/toode\/saaremaa-zoo-ouna-leedrimarja-alkoholivaba-glogi\/\" \/>\n<meta property=\"og:site_name\" content=\"Saaremaa Zoo\" \/>\n<meta property=\"article:publisher\" content=\"https:\/\/www.facebook.com\/saaremaazoo\" \/>\n<meta property=\"article:modified_time\" content=\"2024-12-18T07:40:08+00:00\" \/>\n<meta property=\"og:image\" content=\"https:\/\/old.saaremaazoo.ee\/wp-content\/uploads\/2024\/11\/20241108_151657-scaled.jpg\" \/>\n\t<meta property=\"og:image:width\" content=\"1919\" \/>\n\t<meta property=\"og:image:height\" content=\"2560\" \/>\n\t<meta property=\"og:image:type\" content=\"image\/jpeg\" \/>\n<meta name=\"twitter:card\" content=\"summary_large_image\" \/>\n<meta name=\"twitter:label1\" content=\"Est. reading time\" \/>\n\t<meta name=\"twitter:data1\" content=\"1 minute\" \/>\n<script type=\"application\/ld+json\" class=\"yoast-schema-graph\">{\"@context\":\"https:\/\/schema.org\",\"@graph\":[{\"@type\":\"WebPage\",\"@id\":\"https:\/\/old.saaremaazoo.ee\/en\/toode\/saaremaa-zoo-ouna-leedrimarja-alkoholivaba-glogi\/\",\"url\":\"https:\/\/old.saaremaazoo.ee\/en\/toode\/saaremaa-zoo-ouna-leedrimarja-alkoholivaba-glogi\/\",\"name\":\"Saaremaa Zoo mahe\u00f5una- leedrimarja alkoholivaba gl\u00f6gi - Saaremaa Zoo\",\"isPartOf\":{\"@id\":\"https:\/\/old.saaremaazoo.ee\/en\/#website\"},\"primaryImageOfPage\":{\"@id\":\"https:\/\/old.saaremaazoo.ee\/en\/toode\/saaremaa-zoo-ouna-leedrimarja-alkoholivaba-glogi\/#primaryimage\"},\"image\":{\"@id\":\"https:\/\/old.saaremaazoo.ee\/en\/toode\/saaremaa-zoo-ouna-leedrimarja-alkoholivaba-glogi\/#primaryimage\"},\"thumbnailUrl\":\"https:\/\/old.saaremaazoo.ee\/wp-content\/uploads\/2024\/11\/20241108_151657-scaled.jpg\",\"datePublished\":\"2024-11-09T07:01:57+00:00\",\"dateModified\":\"2024-12-18T07:40:08+00:00\",\"description\":\"Saaremaa Zoo alkoholivaba gl\u00f6gi mahe\u00f5unte ja v\u00fcrtsidega \u2013 t\u00e4iuslik kaaslane k\u00fclmadeks \u00f5htuteks ja ideaalne kingitus elegantses klaaspudelis.\",\"breadcrumb\":{\"@id\":\"https:\/\/old.saaremaazoo.ee\/en\/toode\/saaremaa-zoo-ouna-leedrimarja-alkoholivaba-glogi\/#breadcrumb\"},\"inLanguage\":\"en-US\",\"potentialAction\":[{\"@type\":\"ReadAction\",\"target\":[\"https:\/\/old.saaremaazoo.ee\/en\/toode\/saaremaa-zoo-ouna-leedrimarja-alkoholivaba-glogi\/\"]}]},{\"@type\":\"ImageObject\",\"inLanguage\":\"en-US\",\"@id\":\"https:\/\/old.saaremaazoo.ee\/en\/toode\/saaremaa-zoo-ouna-leedrimarja-alkoholivaba-glogi\/#primaryimage\",\"url\":\"https:\/\/old.saaremaazoo.ee\/wp-content\/uploads\/2024\/11\/20241108_151657-scaled.jpg\",\"contentUrl\":\"https:\/\/old.saaremaazoo.ee\/wp-content\/uploads\/2024\/11\/20241108_151657-scaled.jpg\",\"width\":1919,\"height\":2560},{\"@type\":\"BreadcrumbList\",\"@id\":\"https:\/\/old.saaremaazoo.ee\/en\/toode\/saaremaa-zoo-ouna-leedrimarja-alkoholivaba-glogi\/#breadcrumb\",\"itemListElement\":[{\"@type\":\"ListItem\",\"position\":1,\"name\":\"Saaremaa loomaaed\",\"item\":\"https:\/\/old.saaremaazoo.ee\/en\/\"},{\"@type\":\"ListItem\",\"position\":2,\"name\":\"Shop\",\"item\":\"https:\/\/old.saaremaazoo.ee\/en\/shop-2\/\"},{\"@type\":\"ListItem\",\"position\":3,\"name\":\"Saaremaa Zoo mahe\u00f5una- leedrimarja alkoholivaba gl\u00f6gi\"}]},{\"@type\":\"WebSite\",\"@id\":\"https:\/\/old.saaremaazoo.ee\/en\/#website\",\"url\":\"https:\/\/old.saaremaazoo.ee\/en\/\",\"name\":\"Saaremaa Zoo\",\"description\":\"Esimene Saaremaa Loomaaed\",\"publisher\":{\"@id\":\"https:\/\/old.saaremaazoo.ee\/en\/#organization\"},\"potentialAction\":[{\"@type\":\"SearchAction\",\"target\":{\"@type\":\"EntryPoint\",\"urlTemplate\":\"https:\/\/old.saaremaazoo.ee\/en\/?s={search_term_string}\"},\"query-input\":{\"@type\":\"PropertyValueSpecification\",\"valueRequired\":true,\"valueName\":\"search_term_string\"}}],\"inLanguage\":\"en-US\"},{\"@type\":\"Organization\",\"@id\":\"https:\/\/old.saaremaazoo.ee\/en\/#organization\",\"name\":\"Saaremaa Loomaaed\",\"alternateName\":\"Saaremaa Zoo\",\"url\":\"https:\/\/old.saaremaazoo.ee\/en\/\",\"logo\":{\"@type\":\"ImageObject\",\"inLanguage\":\"en-US\",\"@id\":\"https:\/\/old.saaremaazoo.ee\/en\/#\/schema\/logo\/image\/\",\"url\":\"https:\/\/old.saaremaazoo.ee\/wp-content\/uploads\/2024\/11\/cropped-saaremaazoo_magnet_leemur__1__page-0001-removebg-preview.png\",\"contentUrl\":\"https:\/\/old.saaremaazoo.ee\/wp-content\/uploads\/2024\/11\/cropped-saaremaazoo_magnet_leemur__1__page-0001-removebg-preview.png\",\"width\":467,\"height\":325,\"caption\":\"Saaremaa Loomaaed\"},\"image\":{\"@id\":\"https:\/\/old.saaremaazoo.ee\/en\/#\/schema\/logo\/image\/\"},\"sameAs\":[\"https:\/\/www.facebook.com\/saaremaazoo\",\"https:\/\/www.instagram.com\/saaremaazoo\/\"]}]}<\/script>\n<!-- \/ Yoast SEO plugin. -->","yoast_head_json":{"title":"Saaremaa Zoo mahe\u00f5una- leedrimarja alkoholivaba gl\u00f6gi - Saaremaa Zoo","description":"Saaremaa Zoo alkoholivaba gl\u00f6gi mahe\u00f5unte ja v\u00fcrtsidega \u2013 t\u00e4iuslik kaaslane k\u00fclmadeks \u00f5htuteks ja ideaalne kingitus elegantses klaaspudelis.","robots":{"index":"noindex","follow":"follow","max-snippet":"max-snippet:-1","max-image-preview":"max-image-preview:large","max-video-preview":"max-video-preview:-1"},"og_locale":"en_US","og_type":"article","og_title":"Saaremaa Zoo mahe\u00f5una- leedrimarja alkoholivaba gl\u00f6gi - Saaremaa Zoo","og_description":"Saaremaa Zoo alkoholivaba gl\u00f6gi mahe\u00f5unte ja v\u00fcrtsidega \u2013 t\u00e4iuslik kaaslane k\u00fclmadeks \u00f5htuteks ja ideaalne kingitus elegantses klaaspudelis.","og_url":"https:\/\/old.saaremaazoo.ee\/en\/toode\/saaremaa-zoo-ouna-leedrimarja-alkoholivaba-glogi\/","og_site_name":"Saaremaa Zoo","article_publisher":"https:\/\/www.facebook.com\/saaremaazoo","article_modified_time":"2024-12-18T07:40:08+00:00","og_image":[{"width":1919,"height":2560,"url":"https:\/\/old.saaremaazoo.ee\/wp-content\/uploads\/2024\/11\/20241108_151657-scaled.jpg","type":"image\/jpeg"}],"twitter_card":"summary_large_image","twitter_misc":{"Est. reading time":"1 minute"},"schema":{"@context":"https:\/\/schema.org","@graph":[{"@type":"WebPage","@id":"https:\/\/old.saaremaazoo.ee\/en\/toode\/saaremaa-zoo-ouna-leedrimarja-alkoholivaba-glogi\/","url":"https:\/\/old.saaremaazoo.ee\/en\/toode\/saaremaa-zoo-ouna-leedrimarja-alkoholivaba-glogi\/","name":"Saaremaa Zoo mahe\u00f5una- leedrimarja alkoholivaba gl\u00f6gi - Saaremaa Zoo","isPartOf":{"@id":"https:\/\/old.saaremaazoo.ee\/en\/#website"},"primaryImageOfPage":{"@id":"https:\/\/old.saaremaazoo.ee\/en\/toode\/saaremaa-zoo-ouna-leedrimarja-alkoholivaba-glogi\/#primaryimage"},"image":{"@id":"https:\/\/old.saaremaazoo.ee\/en\/toode\/saaremaa-zoo-ouna-leedrimarja-alkoholivaba-glogi\/#primaryimage"},"thumbnailUrl":"https:\/\/old.saaremaazoo.ee\/wp-content\/uploads\/2024\/11\/20241108_151657-scaled.jpg","datePublished":"2024-11-09T07:01:57+00:00","dateModified":"2024-12-18T07:40:08+00:00","description":"Saaremaa Zoo alkoholivaba gl\u00f6gi mahe\u00f5unte ja v\u00fcrtsidega \u2013 t\u00e4iuslik kaaslane k\u00fclmadeks \u00f5htuteks ja ideaalne kingitus elegantses klaaspudelis.","breadcrumb":{"@id":"https:\/\/old.saaremaazoo.ee\/en\/toode\/saaremaa-zoo-ouna-leedrimarja-alkoholivaba-glogi\/#breadcrumb"},"inLanguage":"en-US","potentialAction":[{"@type":"ReadAction","target":["https:\/\/old.saaremaazoo.ee\/en\/toode\/saaremaa-zoo-ouna-leedrimarja-alkoholivaba-glogi\/"]}]},{"@type":"ImageObject","inLanguage":"en-US","@id":"https:\/\/old.saaremaazoo.ee\/en\/toode\/saaremaa-zoo-ouna-leedrimarja-alkoholivaba-glogi\/#primaryimage","url":"https:\/\/old.saaremaazoo.ee\/wp-content\/uploads\/2024\/11\/20241108_151657-scaled.jpg","contentUrl":"https:\/\/old.saaremaazoo.ee\/wp-content\/uploads\/2024\/11\/20241108_151657-scaled.jpg","width":1919,"height":2560},{"@type":"BreadcrumbList","@id":"https:\/\/old.saaremaazoo.ee\/en\/toode\/saaremaa-zoo-ouna-leedrimarja-alkoholivaba-glogi\/#breadcrumb","itemListElement":[{"@type":"ListItem","position":1,"name":"Saaremaa loomaaed","item":"https:\/\/old.saaremaazoo.ee\/en\/"},{"@type":"ListItem","position":2,"name":"Shop","item":"https:\/\/old.saaremaazoo.ee\/en\/shop-2\/"},{"@type":"ListItem","position":3,"name":"Saaremaa Zoo mahe\u00f5una- leedrimarja alkoholivaba gl\u00f6gi"}]},{"@type":"WebSite","@id":"https:\/\/old.saaremaazoo.ee\/en\/#website","url":"https:\/\/old.saaremaazoo.ee\/en\/","name":"Saaremaa Zoo","description":"Esimene Saaremaa Loomaaed","publisher":{"@id":"https:\/\/old.saaremaazoo.ee\/en\/#organization"},"potentialAction":[{"@type":"SearchAction","target":{"@type":"EntryPoint","urlTemplate":"https:\/\/old.saaremaazoo.ee\/en\/?s={search_term_string}"},"query-input":{"@type":"PropertyValueSpecification","valueRequired":true,"valueName":"search_term_string"}}],"inLanguage":"en-US"},{"@type":"Organization","@id":"https:\/\/old.saaremaazoo.ee\/en\/#organization","name":"Saaremaa Loomaaed","alternateName":"Saaremaa Zoo","url":"https:\/\/old.saaremaazoo.ee\/en\/","logo":{"@type":"ImageObject","inLanguage":"en-US","@id":"https:\/\/old.saaremaazoo.ee\/en\/#\/schema\/logo\/image\/","url":"https:\/\/old.saaremaazoo.ee\/wp-content\/uploads\/2024\/11\/cropped-saaremaazoo_magnet_leemur__1__page-0001-removebg-preview.png","contentUrl":"https:\/\/old.saaremaazoo.ee\/wp-content\/uploads\/2024\/11\/cropped-saaremaazoo_magnet_leemur__1__page-0001-removebg-preview.png","width":467,"height":325,"caption":"Saaremaa Loomaaed"},"image":{"@id":"https:\/\/old.saaremaazoo.ee\/en\/#\/schema\/logo\/image\/"},"sameAs":["https:\/\/www.facebook.com\/saaremaazoo","https:\/\/www.instagram.com\/saaremaazoo\/"]}]}},"_links":{"self":[{"href":"https:\/\/old.saaremaazoo.ee\/en\/wp-json\/wp\/v2\/product\/4201","targetHints":{"allow":["GET"]}}],"collection":[{"href":"https:\/\/old.saaremaazoo.ee\/en\/wp-json\/wp\/v2\/product"}],"about":[{"href":"https:\/\/old.saaremaazoo.ee\/en\/wp-json\/wp\/v2\/types\/product"}],"replies":[{"embeddable":true,"href":"https:\/\/old.saaremaazoo.ee\/en\/wp-json\/wp\/v2\/comments?post=4201"}],"version-history":[{"count":2,"href":"https:\/\/old.saaremaazoo.ee\/en\/wp-json\/wp\/v2\/product\/4201\/revisions"}],"predecessor-version":[{"id":4432,"href":"https:\/\/old.saaremaazoo.ee\/en\/wp-json\/wp\/v2\/product\/4201\/revisions\/4432"}],"wp:featuredmedia":[{"embeddable":true,"href":"https:\/\/old.saaremaazoo.ee\/en\/wp-json\/wp\/v2\/media\/4204"}],"wp:attachment":[{"href":"https:\/\/old.saaremaazoo.ee\/en\/wp-json\/wp\/v2\/media?parent=4201"}],"wp:term":[{"taxonomy":"product_cat","embeddable":true,"href":"https:\/\/old.saaremaazoo.ee\/en\/wp-json\/wp\/v2\/product_cat?post=4201"},{"taxonomy":"product_tag","embeddable":true,"href":"https:\/\/old.saaremaazoo.ee\/en\/wp-json\/wp\/v2\/product_tag?post=4201"}],"curies":[{"name":"wp","href":"https:\/\/api.w.org\/{rel}","templated":true}]}}