{"id":4409,"date":"2024-12-07T06:23:57","date_gmt":"2024-12-07T06:23:57","guid":{"rendered":"https:\/\/old.saaremaazoo.ee\/?post_type=product&#038;p=4409"},"modified":"2024-12-07T16:55:12","modified_gmt":"2024-12-07T16:55:12","slug":"kirsiaia-unistussaaremaa-zoo-teesegu","status":"publish","type":"product","link":"https:\/\/old.saaremaazoo.ee\/en\/toode\/kirsiaia-unistussaaremaa-zoo-teesegu\/","title":{"rendered":"Kirsine marja-\u00fcrditee 60g  &#8211; Saaremaa Zoo teesegu"},"content":{"rendered":"<p>kirsine marja-\u00fcrditee 60g<\/p>\n<p>Naudi Saaremaa looduse magusat ja samas kergelt hapukat maitset selles rikkalikus kirsi<br \/>\nja marjadega segatud \u00fcrditees. See ainulaadne segu on t\u00e4iuslik tasakaal naturaalsest<br \/>\npuuviljalisusest ja \u00f5rnast lillelisusest, pakkudes igas tassis vitamiinirikast ja loodusest<br \/>\ninspireeritud elamust. Lase end viia maitser\u00e4nnakule, mis on t\u00e4is Saaremaa looduse v\u00e4ge<br \/>\nja loomaaia mitmekesisust.<\/p>\n<p>Koostisosad:<\/p>\n<p><span style=\"font-size: 16px;\">Hibiskus, \u00f5un, kibuvitsamari, apelsini- ja sidrunikoor, musts\u00f5stramari, j\u00f5hvikas, moringa,<\/span><\/p>\n<p>rosin, kirsileht, porgand, jasmiini\u00f5is, kirsit\u00fckid, roosi\u00f5is, k\u00fclmkuivatatud kirss.<\/p>\n<p>Valmistamine:<\/p>\n<p>Lisa teelusikat\u00e4is segu 200 ml keeva veega ja lase t\u00f5mmata 5-7 minutit. Naudi kuumalt<\/p>\n<p>v\u00f5i jahutatult \u2013 ideaalne nii talve\u00f5htutel kui ka suvistel p\u00e4rastl\u00f5unatel.<\/p>\n","protected":false},"excerpt":{"rendered":"<p>kirsine marja-\u00fcrditee 60g Naudi Saaremaa looduse magusat ja samas kergelt hapukat maitset selles rikkalikus kirsi ja marjadega segatud \u00fcrditees. See ainulaadne segu on t\u00e4iuslik tasakaal naturaalsest puuviljalisusest ja \u00f5rnast lillelisusest, pakkudes igas tassis vitamiinirikast ja loodusest inspireeritud elamust. Lase end viia maitser\u00e4nnakule, mis on t\u00e4is Saaremaa looduse v\u00e4ge ja loomaaia mitmekesisust. Koostisosad: Hibiskus, \u00f5un, kibuvitsamari, [&hellip;]<\/p>\n","protected":false},"featured_media":4412,"comment_status":"open","ping_status":"closed","template":"","meta":{"_monsterinsights_skip_tracking":false,"_monsterinsights_sitenote_active":false,"_monsterinsights_sitenote_note":"","_monsterinsights_sitenote_category":0,"site-sidebar-layout":"default","site-content-layout":"","ast-site-content-layout":"default","site-content-style":"default","site-sidebar-style":"default","ast-global-header-display":"","ast-banner-title-visibility":"","ast-main-header-display":"","ast-hfb-above-header-display":"","ast-hfb-below-header-display":"","ast-hfb-mobile-header-display":"","site-post-title":"","ast-breadcrumbs-content":"","ast-featured-img":"","footer-sml-layout":"","theme-transparent-header-meta":"default","adv-header-id-meta":"","stick-header-meta":"","header-above-stick-meta":"","header-main-stick-meta":"","header-below-stick-meta":"","astra-migrate-meta-layouts":"set","ast-page-background-enabled":"default","ast-page-background-meta":{"desktop":{"background-color":"var(--ast-global-color-4)","background-image":"","background-repeat":"repeat","background-position":"center center","background-size":"auto","background-attachment":"scroll","background-type":"","background-media":"","overlay-type":"","overlay-color":"","overlay-opacity":"","overlay-gradient":""},"tablet":{"background-color":"","background-image":"","background-repeat":"repeat","background-position":"center center","background-size":"auto","background-attachment":"scroll","background-type":"","background-media":"","overlay-type":"","overlay-color":"","overlay-opacity":"","overlay-gradient":""},"mobile":{"background-color":"","background-image":"","background-repeat":"repeat","background-position":"center center","background-size":"auto","background-attachment":"scroll","background-type":"","background-media":"","overlay-type":"","overlay-color":"","overlay-opacity":"","overlay-gradient":""}},"ast-content-background-meta":{"desktop":{"background-color":"var(--ast-global-color-5)","background-image":"","background-repeat":"repeat","background-position":"center center","background-size":"auto","background-attachment":"scroll","background-type":"","background-media":"","overlay-type":"","overlay-color":"","overlay-opacity":"","overlay-gradient":""},"tablet":{"background-color":"var(--ast-global-color-5)","background-image":"","background-repeat":"repeat","background-position":"center center","background-size":"auto","background-attachment":"scroll","background-type":"","background-media":"","overlay-type":"","overlay-color":"","overlay-opacity":"","overlay-gradient":""},"mobile":{"background-color":"var(--ast-global-color-5)","background-image":"","background-repeat":"repeat","background-position":"center center","background-size":"auto","background-attachment":"scroll","background-type":"","background-media":"","overlay-type":"","overlay-color":"","overlay-opacity":"","overlay-gradient":""}}},"product_cat":[88],"product_tag":[89],"class_list":{"0":"post-4409","1":"product","2":"type-product","3":"status-publish","4":"has-post-thumbnail","6":"product_cat-saaremaa-zoo-toodang","7":"product_tag-saaremaa-zoo-tee","8":"desktop-align-center","9":"tablet-align-left","10":"mobile-align-left","12":"first","13":"instock","14":"taxable","15":"shipping-taxable","16":"purchasable","17":"product-type-simple"},"yoast_head":"<!-- This site is optimized with the Yoast SEO plugin v23.8 - https:\/\/yoast.com\/wordpress\/plugins\/seo\/ -->\n<title>Kirsine marja-\u00fcrditee Saaremaa zoo teesegu<\/title>\n<meta name=\"description\" content=\"Kirsine marja-\u00fcrditee \u2013 kirsid, marjad ja \u00f5rnad lillenoodid. Naudi Saaremaast inspireeritud maitser\u00e4nnakut igas tassis toetades Saaremaa Loomaaiaaeda!\" \/>\n<meta name=\"robots\" content=\"noindex, follow, max-snippet:-1, max-image-preview:large, max-video-preview:-1\" \/>\n<meta property=\"og:locale\" content=\"en_US\" \/>\n<meta property=\"og:type\" content=\"article\" \/>\n<meta property=\"og:title\" content=\"Kirsine marja-\u00fcrditee Saaremaa zoo teesegu\" \/>\n<meta property=\"og:description\" content=\"Kirsine marja-\u00fcrditee \u2013 kirsid, marjad ja \u00f5rnad lillenoodid. Naudi Saaremaast inspireeritud maitser\u00e4nnakut igas tassis toetades Saaremaa Loomaaiaaeda!\" \/>\n<meta property=\"og:url\" content=\"https:\/\/old.saaremaazoo.ee\/en\/toode\/kirsiaia-unistussaaremaa-zoo-teesegu\/\" \/>\n<meta property=\"og:site_name\" content=\"Saaremaa Zoo\" \/>\n<meta property=\"article:publisher\" content=\"https:\/\/www.facebook.com\/saaremaazoo\" \/>\n<meta property=\"article:modified_time\" content=\"2024-12-07T16:55:12+00:00\" \/>\n<meta property=\"og:image\" content=\"https:\/\/old.saaremaazoo.ee\/wp-content\/uploads\/2024\/12\/20241206_163456-scaled.jpg\" \/>\n\t<meta property=\"og:image:width\" content=\"2023\" \/>\n\t<meta property=\"og:image:height\" content=\"2560\" \/>\n\t<meta property=\"og:image:type\" content=\"image\/jpeg\" \/>\n<meta name=\"twitter:card\" content=\"summary_large_image\" \/>\n<meta name=\"twitter:label1\" content=\"Est. reading time\" \/>\n\t<meta name=\"twitter:data1\" content=\"1 minute\" \/>\n<script type=\"application\/ld+json\" class=\"yoast-schema-graph\">{\"@context\":\"https:\/\/schema.org\",\"@graph\":[{\"@type\":\"WebPage\",\"@id\":\"https:\/\/old.saaremaazoo.ee\/en\/toode\/kirsiaia-unistussaaremaa-zoo-teesegu\/\",\"url\":\"https:\/\/old.saaremaazoo.ee\/en\/toode\/kirsiaia-unistussaaremaa-zoo-teesegu\/\",\"name\":\"Kirsine marja-\u00fcrditee Saaremaa zoo teesegu\",\"isPartOf\":{\"@id\":\"https:\/\/old.saaremaazoo.ee\/en\/#website\"},\"primaryImageOfPage\":{\"@id\":\"https:\/\/old.saaremaazoo.ee\/en\/toode\/kirsiaia-unistussaaremaa-zoo-teesegu\/#primaryimage\"},\"image\":{\"@id\":\"https:\/\/old.saaremaazoo.ee\/en\/toode\/kirsiaia-unistussaaremaa-zoo-teesegu\/#primaryimage\"},\"thumbnailUrl\":\"https:\/\/old.saaremaazoo.ee\/wp-content\/uploads\/2024\/12\/20241206_163456-scaled.jpg\",\"datePublished\":\"2024-12-07T06:23:57+00:00\",\"dateModified\":\"2024-12-07T16:55:12+00:00\",\"description\":\"Kirsine marja-\u00fcrditee \u2013 kirsid, marjad ja \u00f5rnad lillenoodid. Naudi Saaremaast inspireeritud maitser\u00e4nnakut igas tassis toetades Saaremaa Loomaaiaaeda!\",\"breadcrumb\":{\"@id\":\"https:\/\/old.saaremaazoo.ee\/en\/toode\/kirsiaia-unistussaaremaa-zoo-teesegu\/#breadcrumb\"},\"inLanguage\":\"en-US\",\"potentialAction\":[{\"@type\":\"ReadAction\",\"target\":[\"https:\/\/old.saaremaazoo.ee\/en\/toode\/kirsiaia-unistussaaremaa-zoo-teesegu\/\"]}]},{\"@type\":\"ImageObject\",\"inLanguage\":\"en-US\",\"@id\":\"https:\/\/old.saaremaazoo.ee\/en\/toode\/kirsiaia-unistussaaremaa-zoo-teesegu\/#primaryimage\",\"url\":\"https:\/\/old.saaremaazoo.ee\/wp-content\/uploads\/2024\/12\/20241206_163456-scaled.jpg\",\"contentUrl\":\"https:\/\/old.saaremaazoo.ee\/wp-content\/uploads\/2024\/12\/20241206_163456-scaled.jpg\",\"width\":2023,\"height\":2560},{\"@type\":\"BreadcrumbList\",\"@id\":\"https:\/\/old.saaremaazoo.ee\/en\/toode\/kirsiaia-unistussaaremaa-zoo-teesegu\/#breadcrumb\",\"itemListElement\":[{\"@type\":\"ListItem\",\"position\":1,\"name\":\"Saaremaa loomaaed\",\"item\":\"https:\/\/old.saaremaazoo.ee\/en\/\"},{\"@type\":\"ListItem\",\"position\":2,\"name\":\"Shop\",\"item\":\"https:\/\/old.saaremaazoo.ee\/en\/shop-2\/\"},{\"@type\":\"ListItem\",\"position\":3,\"name\":\"Kirsine marja-\u00fcrditee 60g &#8211; Saaremaa Zoo teesegu\"}]},{\"@type\":\"WebSite\",\"@id\":\"https:\/\/old.saaremaazoo.ee\/en\/#website\",\"url\":\"https:\/\/old.saaremaazoo.ee\/en\/\",\"name\":\"Saaremaa Zoo\",\"description\":\"Esimene Saaremaa Loomaaed\",\"publisher\":{\"@id\":\"https:\/\/old.saaremaazoo.ee\/en\/#organization\"},\"potentialAction\":[{\"@type\":\"SearchAction\",\"target\":{\"@type\":\"EntryPoint\",\"urlTemplate\":\"https:\/\/old.saaremaazoo.ee\/en\/?s={search_term_string}\"},\"query-input\":{\"@type\":\"PropertyValueSpecification\",\"valueRequired\":true,\"valueName\":\"search_term_string\"}}],\"inLanguage\":\"en-US\"},{\"@type\":\"Organization\",\"@id\":\"https:\/\/old.saaremaazoo.ee\/en\/#organization\",\"name\":\"Saaremaa Loomaaed\",\"alternateName\":\"Saaremaa Zoo\",\"url\":\"https:\/\/old.saaremaazoo.ee\/en\/\",\"logo\":{\"@type\":\"ImageObject\",\"inLanguage\":\"en-US\",\"@id\":\"https:\/\/old.saaremaazoo.ee\/en\/#\/schema\/logo\/image\/\",\"url\":\"https:\/\/old.saaremaazoo.ee\/wp-content\/uploads\/2024\/11\/cropped-saaremaazoo_magnet_leemur__1__page-0001-removebg-preview.png\",\"contentUrl\":\"https:\/\/old.saaremaazoo.ee\/wp-content\/uploads\/2024\/11\/cropped-saaremaazoo_magnet_leemur__1__page-0001-removebg-preview.png\",\"width\":467,\"height\":325,\"caption\":\"Saaremaa Loomaaed\"},\"image\":{\"@id\":\"https:\/\/old.saaremaazoo.ee\/en\/#\/schema\/logo\/image\/\"},\"sameAs\":[\"https:\/\/www.facebook.com\/saaremaazoo\",\"https:\/\/www.instagram.com\/saaremaazoo\/\"]}]}<\/script>\n<!-- \/ Yoast SEO plugin. -->","yoast_head_json":{"title":"Kirsine marja-\u00fcrditee Saaremaa zoo teesegu","description":"Kirsine marja-\u00fcrditee \u2013 kirsid, marjad ja \u00f5rnad lillenoodid. Naudi Saaremaast inspireeritud maitser\u00e4nnakut igas tassis toetades Saaremaa Loomaaiaaeda!","robots":{"index":"noindex","follow":"follow","max-snippet":"max-snippet:-1","max-image-preview":"max-image-preview:large","max-video-preview":"max-video-preview:-1"},"og_locale":"en_US","og_type":"article","og_title":"Kirsine marja-\u00fcrditee Saaremaa zoo teesegu","og_description":"Kirsine marja-\u00fcrditee \u2013 kirsid, marjad ja \u00f5rnad lillenoodid. Naudi Saaremaast inspireeritud maitser\u00e4nnakut igas tassis toetades Saaremaa Loomaaiaaeda!","og_url":"https:\/\/old.saaremaazoo.ee\/en\/toode\/kirsiaia-unistussaaremaa-zoo-teesegu\/","og_site_name":"Saaremaa Zoo","article_publisher":"https:\/\/www.facebook.com\/saaremaazoo","article_modified_time":"2024-12-07T16:55:12+00:00","og_image":[{"width":2023,"height":2560,"url":"https:\/\/old.saaremaazoo.ee\/wp-content\/uploads\/2024\/12\/20241206_163456-scaled.jpg","type":"image\/jpeg"}],"twitter_card":"summary_large_image","twitter_misc":{"Est. reading time":"1 minute"},"schema":{"@context":"https:\/\/schema.org","@graph":[{"@type":"WebPage","@id":"https:\/\/old.saaremaazoo.ee\/en\/toode\/kirsiaia-unistussaaremaa-zoo-teesegu\/","url":"https:\/\/old.saaremaazoo.ee\/en\/toode\/kirsiaia-unistussaaremaa-zoo-teesegu\/","name":"Kirsine marja-\u00fcrditee Saaremaa zoo teesegu","isPartOf":{"@id":"https:\/\/old.saaremaazoo.ee\/en\/#website"},"primaryImageOfPage":{"@id":"https:\/\/old.saaremaazoo.ee\/en\/toode\/kirsiaia-unistussaaremaa-zoo-teesegu\/#primaryimage"},"image":{"@id":"https:\/\/old.saaremaazoo.ee\/en\/toode\/kirsiaia-unistussaaremaa-zoo-teesegu\/#primaryimage"},"thumbnailUrl":"https:\/\/old.saaremaazoo.ee\/wp-content\/uploads\/2024\/12\/20241206_163456-scaled.jpg","datePublished":"2024-12-07T06:23:57+00:00","dateModified":"2024-12-07T16:55:12+00:00","description":"Kirsine marja-\u00fcrditee \u2013 kirsid, marjad ja \u00f5rnad lillenoodid. Naudi Saaremaast inspireeritud maitser\u00e4nnakut igas tassis toetades Saaremaa Loomaaiaaeda!","breadcrumb":{"@id":"https:\/\/old.saaremaazoo.ee\/en\/toode\/kirsiaia-unistussaaremaa-zoo-teesegu\/#breadcrumb"},"inLanguage":"en-US","potentialAction":[{"@type":"ReadAction","target":["https:\/\/old.saaremaazoo.ee\/en\/toode\/kirsiaia-unistussaaremaa-zoo-teesegu\/"]}]},{"@type":"ImageObject","inLanguage":"en-US","@id":"https:\/\/old.saaremaazoo.ee\/en\/toode\/kirsiaia-unistussaaremaa-zoo-teesegu\/#primaryimage","url":"https:\/\/old.saaremaazoo.ee\/wp-content\/uploads\/2024\/12\/20241206_163456-scaled.jpg","contentUrl":"https:\/\/old.saaremaazoo.ee\/wp-content\/uploads\/2024\/12\/20241206_163456-scaled.jpg","width":2023,"height":2560},{"@type":"BreadcrumbList","@id":"https:\/\/old.saaremaazoo.ee\/en\/toode\/kirsiaia-unistussaaremaa-zoo-teesegu\/#breadcrumb","itemListElement":[{"@type":"ListItem","position":1,"name":"Saaremaa loomaaed","item":"https:\/\/old.saaremaazoo.ee\/en\/"},{"@type":"ListItem","position":2,"name":"Shop","item":"https:\/\/old.saaremaazoo.ee\/en\/shop-2\/"},{"@type":"ListItem","position":3,"name":"Kirsine marja-\u00fcrditee 60g &#8211; Saaremaa Zoo teesegu"}]},{"@type":"WebSite","@id":"https:\/\/old.saaremaazoo.ee\/en\/#website","url":"https:\/\/old.saaremaazoo.ee\/en\/","name":"Saaremaa Zoo","description":"Esimene Saaremaa Loomaaed","publisher":{"@id":"https:\/\/old.saaremaazoo.ee\/en\/#organization"},"potentialAction":[{"@type":"SearchAction","target":{"@type":"EntryPoint","urlTemplate":"https:\/\/old.saaremaazoo.ee\/en\/?s={search_term_string}"},"query-input":{"@type":"PropertyValueSpecification","valueRequired":true,"valueName":"search_term_string"}}],"inLanguage":"en-US"},{"@type":"Organization","@id":"https:\/\/old.saaremaazoo.ee\/en\/#organization","name":"Saaremaa Loomaaed","alternateName":"Saaremaa Zoo","url":"https:\/\/old.saaremaazoo.ee\/en\/","logo":{"@type":"ImageObject","inLanguage":"en-US","@id":"https:\/\/old.saaremaazoo.ee\/en\/#\/schema\/logo\/image\/","url":"https:\/\/old.saaremaazoo.ee\/wp-content\/uploads\/2024\/11\/cropped-saaremaazoo_magnet_leemur__1__page-0001-removebg-preview.png","contentUrl":"https:\/\/old.saaremaazoo.ee\/wp-content\/uploads\/2024\/11\/cropped-saaremaazoo_magnet_leemur__1__page-0001-removebg-preview.png","width":467,"height":325,"caption":"Saaremaa Loomaaed"},"image":{"@id":"https:\/\/old.saaremaazoo.ee\/en\/#\/schema\/logo\/image\/"},"sameAs":["https:\/\/www.facebook.com\/saaremaazoo","https:\/\/www.instagram.com\/saaremaazoo\/"]}]}},"_links":{"self":[{"href":"https:\/\/old.saaremaazoo.ee\/en\/wp-json\/wp\/v2\/product\/4409","targetHints":{"allow":["GET"]}}],"collection":[{"href":"https:\/\/old.saaremaazoo.ee\/en\/wp-json\/wp\/v2\/product"}],"about":[{"href":"https:\/\/old.saaremaazoo.ee\/en\/wp-json\/wp\/v2\/types\/product"}],"replies":[{"embeddable":true,"href":"https:\/\/old.saaremaazoo.ee\/en\/wp-json\/wp\/v2\/comments?post=4409"}],"version-history":[{"count":5,"href":"https:\/\/old.saaremaazoo.ee\/en\/wp-json\/wp\/v2\/product\/4409\/revisions"}],"predecessor-version":[{"id":4426,"href":"https:\/\/old.saaremaazoo.ee\/en\/wp-json\/wp\/v2\/product\/4409\/revisions\/4426"}],"wp:featuredmedia":[{"embeddable":true,"href":"https:\/\/old.saaremaazoo.ee\/en\/wp-json\/wp\/v2\/media\/4412"}],"wp:attachment":[{"href":"https:\/\/old.saaremaazoo.ee\/en\/wp-json\/wp\/v2\/media?parent=4409"}],"wp:term":[{"taxonomy":"product_cat","embeddable":true,"href":"https:\/\/old.saaremaazoo.ee\/en\/wp-json\/wp\/v2\/product_cat?post=4409"},{"taxonomy":"product_tag","embeddable":true,"href":"https:\/\/old.saaremaazoo.ee\/en\/wp-json\/wp\/v2\/product_tag?post=4409"}],"curies":[{"name":"wp","href":"https:\/\/api.w.org\/{rel}","templated":true}]}}