{"id":4418,"date":"2024-12-07T15:58:40","date_gmt":"2024-12-07T15:58:40","guid":{"rendered":"https:\/\/old.saaremaazoo.ee\/?post_type=product&#038;p=4418"},"modified":"2024-12-09T14:56:35","modified_gmt":"2024-12-09T14:56:35","slug":"pehme-kaisukas-surikaat-nala","status":"publish","type":"product","link":"https:\/\/old.saaremaazoo.ee\/en\/toode\/pehme-kaisukas-surikaat-nala\/","title":{"rendered":"Pehme kaisukas Surikaat Nala"},"content":{"rendered":"<p>See vahva surikaadi kaisukas on nii pehme, et sa tahad teda alati kallistada! NaturePlaneti surikaadi kaisukas oma armsate suurte silmade ja r\u00f5\u00f5msa olekuga sobib igasse lastetuppa ja tooma kaasa r\u00f5\u00f5mu ja seiklusi. Sobib ideaalselt v\u00e4ikesele looduss\u00f5brale ja m\u00e4ngukaaslaseks iga p\u00e4ev!<\/p>\n<p>&nbsp;<\/p>\n<p><strong>Tooteandmed:<\/strong><\/p>\n<ul>\n<li><strong>Br\u00e4nd<\/strong>: NaturePlanet<\/li>\n<li><strong>Suurus<\/strong>:43cm , just kaisutamiseks loodud<\/li>\n<li><strong>Omadused<\/strong>: Superpehme ja r\u00f5\u00f5msameelne<\/li>\n<li><strong>Sobib<\/strong>: Lastetuppa, kaisutamiseks ja kingituseks k\u00f5igile k\u00e4ngurus\u00f5pradele<\/li>\n<\/ul>\n<p>V\u00f5ta oma uus Surikaadi s\u00f5ber kaissu ja seikle temaga Austraalia looduses \u2013 kaisus v\u00f5i unistustes!<\/p>\n","protected":false},"excerpt":{"rendered":"<p>See vahva surikaadi kaisukas on nii pehme, et sa tahad teda alati kallistada! NaturePlaneti surikaadi kaisukas oma armsate suurte silmade ja r\u00f5\u00f5msa olekuga sobib igasse lastetuppa ja tooma kaasa r\u00f5\u00f5mu ja seiklusi. Sobib ideaalselt v\u00e4ikesele looduss\u00f5brale ja m\u00e4ngukaaslaseks iga p\u00e4ev! &nbsp; Tooteandmed: Br\u00e4nd: NaturePlanet Suurus:43cm , just kaisutamiseks loodud Omadused: Superpehme ja r\u00f5\u00f5msameelne Sobib: Lastetuppa, [&hellip;]<\/p>\n","protected":false},"featured_media":3846,"comment_status":"open","ping_status":"closed","template":"","meta":{"_monsterinsights_skip_tracking":false,"_monsterinsights_sitenote_active":false,"_monsterinsights_sitenote_note":"","_monsterinsights_sitenote_category":0,"site-sidebar-layout":"default","site-content-layout":"","ast-site-content-layout":"default","site-content-style":"default","site-sidebar-style":"default","ast-global-header-display":"","ast-banner-title-visibility":"","ast-main-header-display":"","ast-hfb-above-header-display":"","ast-hfb-below-header-display":"","ast-hfb-mobile-header-display":"","site-post-title":"","ast-breadcrumbs-content":"","ast-featured-img":"","footer-sml-layout":"","theme-transparent-header-meta":"default","adv-header-id-meta":"","stick-header-meta":"","header-above-stick-meta":"","header-main-stick-meta":"","header-below-stick-meta":"","astra-migrate-meta-layouts":"set","ast-page-background-enabled":"default","ast-page-background-meta":{"desktop":{"background-color":"var(--ast-global-color-4)","background-image":"","background-repeat":"repeat","background-position":"center center","background-size":"auto","background-attachment":"scroll","background-type":"","background-media":"","overlay-type":"","overlay-color":"","overlay-opacity":"","overlay-gradient":""},"tablet":{"background-color":"","background-image":"","background-repeat":"repeat","background-position":"center center","background-size":"auto","background-attachment":"scroll","background-type":"","background-media":"","overlay-type":"","overlay-color":"","overlay-opacity":"","overlay-gradient":""},"mobile":{"background-color":"","background-image":"","background-repeat":"repeat","background-position":"center center","background-size":"auto","background-attachment":"scroll","background-type":"","background-media":"","overlay-type":"","overlay-color":"","overlay-opacity":"","overlay-gradient":""}},"ast-content-background-meta":{"desktop":{"background-color":"var(--ast-global-color-5)","background-image":"","background-repeat":"repeat","background-position":"center center","background-size":"auto","background-attachment":"scroll","background-type":"","background-media":"","overlay-type":"","overlay-color":"","overlay-opacity":"","overlay-gradient":""},"tablet":{"background-color":"var(--ast-global-color-5)","background-image":"","background-repeat":"repeat","background-position":"center center","background-size":"auto","background-attachment":"scroll","background-type":"","background-media":"","overlay-type":"","overlay-color":"","overlay-opacity":"","overlay-gradient":""},"mobile":{"background-color":"var(--ast-global-color-5)","background-image":"","background-repeat":"repeat","background-position":"center center","background-size":"auto","background-attachment":"scroll","background-type":"","background-media":"","overlay-type":"","overlay-color":"","overlay-opacity":"","overlay-gradient":""}}},"product_cat":[28],"product_tag":[],"class_list":{"0":"post-4418","1":"product","2":"type-product","3":"status-publish","4":"has-post-thumbnail","6":"product_cat-saaremaa-loomaia-manguasjad","7":"product_shipping_class-pakiautomaat","8":"desktop-align-center","9":"tablet-align-left","10":"mobile-align-left","12":"first","13":"instock","14":"taxable","15":"shipping-taxable","16":"purchasable","17":"product-type-simple"},"yoast_head":"<!-- This site is optimized with the Yoast SEO plugin v23.8 - https:\/\/yoast.com\/wordpress\/plugins\/seo\/ -->\n<title>Pehme kaisukas Surikaat Nala - Saaremaa Zoo<\/title>\n<meta name=\"description\" content=\"Armas ja pehme surikaat Nala kaisukas \u2013 ideaalne kaaslane igale loomaarmastajale! Taaskasutatud materjalidest ja ainulaadsed pehmed m\u00e4nguasjad.\" \/>\n<meta name=\"robots\" content=\"noindex, follow, max-snippet:-1, max-image-preview:large, max-video-preview:-1\" \/>\n<meta property=\"og:locale\" content=\"en_US\" \/>\n<meta property=\"og:type\" content=\"article\" \/>\n<meta property=\"og:title\" content=\"Pehme kaisukas Surikaat Nala - Saaremaa Zoo\" \/>\n<meta property=\"og:description\" content=\"Armas ja pehme surikaat Nala kaisukas \u2013 ideaalne kaaslane igale loomaarmastajale! Taaskasutatud materjalidest ja ainulaadsed pehmed m\u00e4nguasjad.\" \/>\n<meta property=\"og:url\" content=\"https:\/\/old.saaremaazoo.ee\/en\/toode\/pehme-kaisukas-surikaat-nala\/\" \/>\n<meta property=\"og:site_name\" content=\"Saaremaa Zoo\" \/>\n<meta property=\"article:publisher\" content=\"https:\/\/www.facebook.com\/saaremaazoo\" \/>\n<meta property=\"article:modified_time\" content=\"2024-12-09T14:56:35+00:00\" \/>\n<meta property=\"og:image\" content=\"https:\/\/old.saaremaazoo.ee\/wp-content\/uploads\/2024\/10\/surikaat-funky.jpg\" \/>\n\t<meta property=\"og:image:width\" content=\"800\" \/>\n\t<meta property=\"og:image:height\" content=\"800\" \/>\n\t<meta property=\"og:image:type\" content=\"image\/jpeg\" \/>\n<meta name=\"twitter:card\" content=\"summary_large_image\" \/>\n<meta name=\"twitter:label1\" content=\"Est. reading time\" \/>\n\t<meta name=\"twitter:data1\" content=\"1 minute\" \/>\n<script type=\"application\/ld+json\" class=\"yoast-schema-graph\">{\"@context\":\"https:\/\/schema.org\",\"@graph\":[{\"@type\":\"WebPage\",\"@id\":\"https:\/\/old.saaremaazoo.ee\/en\/toode\/pehme-kaisukas-surikaat-nala\/\",\"url\":\"https:\/\/old.saaremaazoo.ee\/en\/toode\/pehme-kaisukas-surikaat-nala\/\",\"name\":\"Pehme kaisukas Surikaat Nala - Saaremaa Zoo\",\"isPartOf\":{\"@id\":\"https:\/\/old.saaremaazoo.ee\/en\/#website\"},\"primaryImageOfPage\":{\"@id\":\"https:\/\/old.saaremaazoo.ee\/en\/toode\/pehme-kaisukas-surikaat-nala\/#primaryimage\"},\"image\":{\"@id\":\"https:\/\/old.saaremaazoo.ee\/en\/toode\/pehme-kaisukas-surikaat-nala\/#primaryimage\"},\"thumbnailUrl\":\"https:\/\/old.saaremaazoo.ee\/wp-content\/uploads\/2024\/10\/surikaat-funky.jpg\",\"datePublished\":\"2024-12-07T15:58:40+00:00\",\"dateModified\":\"2024-12-09T14:56:35+00:00\",\"description\":\"Armas ja pehme surikaat Nala kaisukas \u2013 ideaalne kaaslane igale loomaarmastajale! Taaskasutatud materjalidest ja ainulaadsed pehmed m\u00e4nguasjad.\",\"breadcrumb\":{\"@id\":\"https:\/\/old.saaremaazoo.ee\/en\/toode\/pehme-kaisukas-surikaat-nala\/#breadcrumb\"},\"inLanguage\":\"en-US\",\"potentialAction\":[{\"@type\":\"ReadAction\",\"target\":[\"https:\/\/old.saaremaazoo.ee\/en\/toode\/pehme-kaisukas-surikaat-nala\/\"]}]},{\"@type\":\"ImageObject\",\"inLanguage\":\"en-US\",\"@id\":\"https:\/\/old.saaremaazoo.ee\/en\/toode\/pehme-kaisukas-surikaat-nala\/#primaryimage\",\"url\":\"https:\/\/old.saaremaazoo.ee\/wp-content\/uploads\/2024\/10\/surikaat-funky.jpg\",\"contentUrl\":\"https:\/\/old.saaremaazoo.ee\/wp-content\/uploads\/2024\/10\/surikaat-funky.jpg\",\"width\":800,\"height\":800},{\"@type\":\"BreadcrumbList\",\"@id\":\"https:\/\/old.saaremaazoo.ee\/en\/toode\/pehme-kaisukas-surikaat-nala\/#breadcrumb\",\"itemListElement\":[{\"@type\":\"ListItem\",\"position\":1,\"name\":\"Saaremaa loomaaed\",\"item\":\"https:\/\/old.saaremaazoo.ee\/en\/\"},{\"@type\":\"ListItem\",\"position\":2,\"name\":\"Shop\",\"item\":\"https:\/\/old.saaremaazoo.ee\/en\/shop-2\/\"},{\"@type\":\"ListItem\",\"position\":3,\"name\":\"Pehme kaisukas Surikaat Nala\"}]},{\"@type\":\"WebSite\",\"@id\":\"https:\/\/old.saaremaazoo.ee\/en\/#website\",\"url\":\"https:\/\/old.saaremaazoo.ee\/en\/\",\"name\":\"Saaremaa Zoo\",\"description\":\"Esimene Saaremaa Loomaaed\",\"publisher\":{\"@id\":\"https:\/\/old.saaremaazoo.ee\/en\/#organization\"},\"potentialAction\":[{\"@type\":\"SearchAction\",\"target\":{\"@type\":\"EntryPoint\",\"urlTemplate\":\"https:\/\/old.saaremaazoo.ee\/en\/?s={search_term_string}\"},\"query-input\":{\"@type\":\"PropertyValueSpecification\",\"valueRequired\":true,\"valueName\":\"search_term_string\"}}],\"inLanguage\":\"en-US\"},{\"@type\":\"Organization\",\"@id\":\"https:\/\/old.saaremaazoo.ee\/en\/#organization\",\"name\":\"Saaremaa Loomaaed\",\"alternateName\":\"Saaremaa Zoo\",\"url\":\"https:\/\/old.saaremaazoo.ee\/en\/\",\"logo\":{\"@type\":\"ImageObject\",\"inLanguage\":\"en-US\",\"@id\":\"https:\/\/old.saaremaazoo.ee\/en\/#\/schema\/logo\/image\/\",\"url\":\"https:\/\/old.saaremaazoo.ee\/wp-content\/uploads\/2024\/11\/cropped-saaremaazoo_magnet_leemur__1__page-0001-removebg-preview.png\",\"contentUrl\":\"https:\/\/old.saaremaazoo.ee\/wp-content\/uploads\/2024\/11\/cropped-saaremaazoo_magnet_leemur__1__page-0001-removebg-preview.png\",\"width\":467,\"height\":325,\"caption\":\"Saaremaa Loomaaed\"},\"image\":{\"@id\":\"https:\/\/old.saaremaazoo.ee\/en\/#\/schema\/logo\/image\/\"},\"sameAs\":[\"https:\/\/www.facebook.com\/saaremaazoo\",\"https:\/\/www.instagram.com\/saaremaazoo\/\"]}]}<\/script>\n<!-- \/ Yoast SEO plugin. -->","yoast_head_json":{"title":"Pehme kaisukas Surikaat Nala - Saaremaa Zoo","description":"Armas ja pehme surikaat Nala kaisukas \u2013 ideaalne kaaslane igale loomaarmastajale! Taaskasutatud materjalidest ja ainulaadsed pehmed m\u00e4nguasjad.","robots":{"index":"noindex","follow":"follow","max-snippet":"max-snippet:-1","max-image-preview":"max-image-preview:large","max-video-preview":"max-video-preview:-1"},"og_locale":"en_US","og_type":"article","og_title":"Pehme kaisukas Surikaat Nala - Saaremaa Zoo","og_description":"Armas ja pehme surikaat Nala kaisukas \u2013 ideaalne kaaslane igale loomaarmastajale! Taaskasutatud materjalidest ja ainulaadsed pehmed m\u00e4nguasjad.","og_url":"https:\/\/old.saaremaazoo.ee\/en\/toode\/pehme-kaisukas-surikaat-nala\/","og_site_name":"Saaremaa Zoo","article_publisher":"https:\/\/www.facebook.com\/saaremaazoo","article_modified_time":"2024-12-09T14:56:35+00:00","og_image":[{"width":800,"height":800,"url":"https:\/\/old.saaremaazoo.ee\/wp-content\/uploads\/2024\/10\/surikaat-funky.jpg","type":"image\/jpeg"}],"twitter_card":"summary_large_image","twitter_misc":{"Est. reading time":"1 minute"},"schema":{"@context":"https:\/\/schema.org","@graph":[{"@type":"WebPage","@id":"https:\/\/old.saaremaazoo.ee\/en\/toode\/pehme-kaisukas-surikaat-nala\/","url":"https:\/\/old.saaremaazoo.ee\/en\/toode\/pehme-kaisukas-surikaat-nala\/","name":"Pehme kaisukas Surikaat Nala - Saaremaa Zoo","isPartOf":{"@id":"https:\/\/old.saaremaazoo.ee\/en\/#website"},"primaryImageOfPage":{"@id":"https:\/\/old.saaremaazoo.ee\/en\/toode\/pehme-kaisukas-surikaat-nala\/#primaryimage"},"image":{"@id":"https:\/\/old.saaremaazoo.ee\/en\/toode\/pehme-kaisukas-surikaat-nala\/#primaryimage"},"thumbnailUrl":"https:\/\/old.saaremaazoo.ee\/wp-content\/uploads\/2024\/10\/surikaat-funky.jpg","datePublished":"2024-12-07T15:58:40+00:00","dateModified":"2024-12-09T14:56:35+00:00","description":"Armas ja pehme surikaat Nala kaisukas \u2013 ideaalne kaaslane igale loomaarmastajale! Taaskasutatud materjalidest ja ainulaadsed pehmed m\u00e4nguasjad.","breadcrumb":{"@id":"https:\/\/old.saaremaazoo.ee\/en\/toode\/pehme-kaisukas-surikaat-nala\/#breadcrumb"},"inLanguage":"en-US","potentialAction":[{"@type":"ReadAction","target":["https:\/\/old.saaremaazoo.ee\/en\/toode\/pehme-kaisukas-surikaat-nala\/"]}]},{"@type":"ImageObject","inLanguage":"en-US","@id":"https:\/\/old.saaremaazoo.ee\/en\/toode\/pehme-kaisukas-surikaat-nala\/#primaryimage","url":"https:\/\/old.saaremaazoo.ee\/wp-content\/uploads\/2024\/10\/surikaat-funky.jpg","contentUrl":"https:\/\/old.saaremaazoo.ee\/wp-content\/uploads\/2024\/10\/surikaat-funky.jpg","width":800,"height":800},{"@type":"BreadcrumbList","@id":"https:\/\/old.saaremaazoo.ee\/en\/toode\/pehme-kaisukas-surikaat-nala\/#breadcrumb","itemListElement":[{"@type":"ListItem","position":1,"name":"Saaremaa loomaaed","item":"https:\/\/old.saaremaazoo.ee\/en\/"},{"@type":"ListItem","position":2,"name":"Shop","item":"https:\/\/old.saaremaazoo.ee\/en\/shop-2\/"},{"@type":"ListItem","position":3,"name":"Pehme kaisukas Surikaat Nala"}]},{"@type":"WebSite","@id":"https:\/\/old.saaremaazoo.ee\/en\/#website","url":"https:\/\/old.saaremaazoo.ee\/en\/","name":"Saaremaa Zoo","description":"Esimene Saaremaa Loomaaed","publisher":{"@id":"https:\/\/old.saaremaazoo.ee\/en\/#organization"},"potentialAction":[{"@type":"SearchAction","target":{"@type":"EntryPoint","urlTemplate":"https:\/\/old.saaremaazoo.ee\/en\/?s={search_term_string}"},"query-input":{"@type":"PropertyValueSpecification","valueRequired":true,"valueName":"search_term_string"}}],"inLanguage":"en-US"},{"@type":"Organization","@id":"https:\/\/old.saaremaazoo.ee\/en\/#organization","name":"Saaremaa Loomaaed","alternateName":"Saaremaa Zoo","url":"https:\/\/old.saaremaazoo.ee\/en\/","logo":{"@type":"ImageObject","inLanguage":"en-US","@id":"https:\/\/old.saaremaazoo.ee\/en\/#\/schema\/logo\/image\/","url":"https:\/\/old.saaremaazoo.ee\/wp-content\/uploads\/2024\/11\/cropped-saaremaazoo_magnet_leemur__1__page-0001-removebg-preview.png","contentUrl":"https:\/\/old.saaremaazoo.ee\/wp-content\/uploads\/2024\/11\/cropped-saaremaazoo_magnet_leemur__1__page-0001-removebg-preview.png","width":467,"height":325,"caption":"Saaremaa Loomaaed"},"image":{"@id":"https:\/\/old.saaremaazoo.ee\/en\/#\/schema\/logo\/image\/"},"sameAs":["https:\/\/www.facebook.com\/saaremaazoo","https:\/\/www.instagram.com\/saaremaazoo\/"]}]}},"_links":{"self":[{"href":"https:\/\/old.saaremaazoo.ee\/en\/wp-json\/wp\/v2\/product\/4418","targetHints":{"allow":["GET"]}}],"collection":[{"href":"https:\/\/old.saaremaazoo.ee\/en\/wp-json\/wp\/v2\/product"}],"about":[{"href":"https:\/\/old.saaremaazoo.ee\/en\/wp-json\/wp\/v2\/types\/product"}],"replies":[{"embeddable":true,"href":"https:\/\/old.saaremaazoo.ee\/en\/wp-json\/wp\/v2\/comments?post=4418"}],"version-history":[{"count":1,"href":"https:\/\/old.saaremaazoo.ee\/en\/wp-json\/wp\/v2\/product\/4418\/revisions"}],"predecessor-version":[{"id":4419,"href":"https:\/\/old.saaremaazoo.ee\/en\/wp-json\/wp\/v2\/product\/4418\/revisions\/4419"}],"wp:featuredmedia":[{"embeddable":true,"href":"https:\/\/old.saaremaazoo.ee\/en\/wp-json\/wp\/v2\/media\/3846"}],"wp:attachment":[{"href":"https:\/\/old.saaremaazoo.ee\/en\/wp-json\/wp\/v2\/media?parent=4418"}],"wp:term":[{"taxonomy":"product_cat","embeddable":true,"href":"https:\/\/old.saaremaazoo.ee\/en\/wp-json\/wp\/v2\/product_cat?post=4418"},{"taxonomy":"product_tag","embeddable":true,"href":"https:\/\/old.saaremaazoo.ee\/en\/wp-json\/wp\/v2\/product_tag?post=4418"}],"curies":[{"name":"wp","href":"https:\/\/api.w.org\/{rel}","templated":true}]}}