{"id":4469,"date":"2024-12-13T19:53:45","date_gmt":"2024-12-13T19:53:45","guid":{"rendered":"https:\/\/old.saaremaazoo.ee\/?post_type=product&#038;p=4469"},"modified":"2024-12-13T20:01:39","modified_gmt":"2024-12-13T20:01:39","slug":"saaremaa-zoo-kaamel-kalle-kali","status":"publish","type":"product","link":"https:\/\/old.saaremaazoo.ee\/en\/toode\/saaremaa-zoo-kaamel-kalle-kali\/","title":{"rendered":"Saaremaa Zoo Kaamel Kalle Kali"},"content":{"rendered":"<p>Saaremaa Loomaaia eriline <strong>Kaamel Kalle Kali<\/strong> on traditsiooniliselt valmsitatud ehtne leivakali, mis toob sinuni nostalgilise ja v\u00e4rskendava maitseelamuse! See kihisev ja kergelt magus jook on valmistatud kvaliteetsetest koostisosadest, et pakkuda igale lonksule ehtsat ja t\u00e4idlase maitsega elamust.<\/p>\n<p>Kaamel Kalle Kali saab inspiratsiooni meie loomaaias elutsevast karismaatilisest kaamelist \u2013 purgil on tema l\u00f5bus portree, mis toob naeratuse n\u00e4ole. Sobib ideaalselt nii pidulauale kui ka igap\u00e4evaseks nautimiseks.<\/p>\n<p><strong>Miks valida Kaamel Kalle Kali?<\/strong><\/p>\n<ul>\n<li>Traditsiooniline kaljajook, mis on valmistatud kvaliteetsetest koostisosadest<\/li>\n<li>Inspireeritud Saaremaa Loomaaia loomadest<\/li>\n<li>Toetad ostuga Saaremaa Loomaaia tegevusi ja loodushoidu<\/li>\n<\/ul>\n<p><strong>Lase maitsel k\u00f5neleda ja telli oma Kaamel Kalle Kali juba t\u00e4na \u2013 toeta loodusharidust ja meie loomade heaolu!<\/strong><\/p>\n<p>Koostis:<\/p>\n<p>Vesi, rukkilinnasejahu, rukkijahu, odralinnased, roosuhkur, p\u00e4rm, s\u00fcsihappegaas<\/p>\n<p>Toitumisalane teave:<\/p>\n<p>Energiasisaldus: 191kj\/35 kcal;rasvu 0,3g; millest k\u00fcllastunud rasvhappeid 0g; s\u00fcsivesikuid 7,1g, millest suhkruid 5,4g; valke 0,6g;kiudaineid 1,1g; soola 0g.<\/p>\n<p>Serveerimistemperatuur: 4-8 c<\/p>\n<p>Limonaad on past\u00f6riseeritud ja karboniseeritud<\/p>\n<p>Tootja: Taako Pihtla \u00d5nnek\u00f6\u00f6k O\u00dc<\/p>\n<p>Pihtla, Saaremaa, Eesti<\/p>\n","protected":false},"excerpt":{"rendered":"<p>Saaremaa Loomaaia eriline Kaamel Kalle Kali on traditsiooniliselt valmsitatud ehtne leivakali, mis toob sinuni nostalgilise ja v\u00e4rskendava maitseelamuse! See kihisev ja kergelt magus jook on valmistatud kvaliteetsetest koostisosadest, et pakkuda igale lonksule ehtsat ja t\u00e4idlase maitsega elamust. Kaamel Kalle Kali saab inspiratsiooni meie loomaaias elutsevast karismaatilisest kaamelist \u2013 purgil on tema l\u00f5bus portree, mis toob [&hellip;]<\/p>\n","protected":false},"featured_media":4470,"comment_status":"open","ping_status":"closed","template":"","meta":{"_monsterinsights_skip_tracking":false,"_monsterinsights_sitenote_active":false,"_monsterinsights_sitenote_note":"","_monsterinsights_sitenote_category":0,"site-sidebar-layout":"default","site-content-layout":"","ast-site-content-layout":"default","site-content-style":"default","site-sidebar-style":"default","ast-global-header-display":"","ast-banner-title-visibility":"","ast-main-header-display":"","ast-hfb-above-header-display":"","ast-hfb-below-header-display":"","ast-hfb-mobile-header-display":"","site-post-title":"","ast-breadcrumbs-content":"","ast-featured-img":"","footer-sml-layout":"","theme-transparent-header-meta":"default","adv-header-id-meta":"","stick-header-meta":"","header-above-stick-meta":"","header-main-stick-meta":"","header-below-stick-meta":"","astra-migrate-meta-layouts":"set","ast-page-background-enabled":"default","ast-page-background-meta":{"desktop":{"background-color":"var(--ast-global-color-4)","background-image":"","background-repeat":"repeat","background-position":"center center","background-size":"auto","background-attachment":"scroll","background-type":"","background-media":"","overlay-type":"","overlay-color":"","overlay-opacity":"","overlay-gradient":""},"tablet":{"background-color":"","background-image":"","background-repeat":"repeat","background-position":"center center","background-size":"auto","background-attachment":"scroll","background-type":"","background-media":"","overlay-type":"","overlay-color":"","overlay-opacity":"","overlay-gradient":""},"mobile":{"background-color":"","background-image":"","background-repeat":"repeat","background-position":"center center","background-size":"auto","background-attachment":"scroll","background-type":"","background-media":"","overlay-type":"","overlay-color":"","overlay-opacity":"","overlay-gradient":""}},"ast-content-background-meta":{"desktop":{"background-color":"var(--ast-global-color-5)","background-image":"","background-repeat":"repeat","background-position":"center center","background-size":"auto","background-attachment":"scroll","background-type":"","background-media":"","overlay-type":"","overlay-color":"","overlay-opacity":"","overlay-gradient":""},"tablet":{"background-color":"var(--ast-global-color-5)","background-image":"","background-repeat":"repeat","background-position":"center center","background-size":"auto","background-attachment":"scroll","background-type":"","background-media":"","overlay-type":"","overlay-color":"","overlay-opacity":"","overlay-gradient":""},"mobile":{"background-color":"var(--ast-global-color-5)","background-image":"","background-repeat":"repeat","background-position":"center center","background-size":"auto","background-attachment":"scroll","background-type":"","background-media":"","overlay-type":"","overlay-color":"","overlay-opacity":"","overlay-gradient":""}}},"product_cat":[88],"product_tag":[],"class_list":{"0":"post-4469","1":"product","2":"type-product","3":"status-publish","4":"has-post-thumbnail","6":"product_cat-saaremaa-zoo-toodang","7":"desktop-align-center","8":"tablet-align-left","9":"mobile-align-left","11":"first","12":"instock","13":"taxable","14":"shipping-taxable","15":"purchasable","16":"product-type-simple"},"yoast_head":"<!-- This site is optimized with the Yoast SEO plugin v23.8 - https:\/\/yoast.com\/wordpress\/plugins\/seo\/ -->\n<title>Saaremaa Zoo Kaamel Kalle Kali - Saaremaa Zoo<\/title>\n<meta name=\"description\" content=\"Naudi Saaremaa Loomaaia Kaamel Kalle Kalja! Traditsiooniline kaljajook, mis on inspireeritud loomaaiast ja toetab loodusharidust.\" \/>\n<meta name=\"robots\" content=\"noindex, follow, max-snippet:-1, max-image-preview:large, max-video-preview:-1\" \/>\n<meta property=\"og:locale\" content=\"en_US\" \/>\n<meta property=\"og:type\" content=\"article\" \/>\n<meta property=\"og:title\" content=\"Saaremaa Zoo Kaamel Kalle Kali - Saaremaa Zoo\" \/>\n<meta property=\"og:description\" content=\"Naudi Saaremaa Loomaaia Kaamel Kalle Kalja! Traditsiooniline kaljajook, mis on inspireeritud loomaaiast ja toetab loodusharidust.\" \/>\n<meta property=\"og:url\" content=\"https:\/\/old.saaremaazoo.ee\/en\/toode\/saaremaa-zoo-kaamel-kalle-kali\/\" \/>\n<meta property=\"og:site_name\" content=\"Saaremaa Zoo\" \/>\n<meta property=\"article:publisher\" content=\"https:\/\/www.facebook.com\/saaremaazoo\" \/>\n<meta property=\"article:modified_time\" content=\"2024-12-13T20:01:39+00:00\" \/>\n<meta property=\"og:image\" content=\"https:\/\/old.saaremaazoo.ee\/wp-content\/uploads\/2024\/12\/kaameli_kalle_kavand-2.jpg\" \/>\n\t<meta property=\"og:image:width\" content=\"1200\" \/>\n\t<meta property=\"og:image:height\" content=\"1166\" \/>\n\t<meta property=\"og:image:type\" content=\"image\/jpeg\" \/>\n<meta name=\"twitter:card\" content=\"summary_large_image\" \/>\n<meta name=\"twitter:label1\" content=\"Est. reading time\" \/>\n\t<meta name=\"twitter:data1\" content=\"2 minutes\" \/>\n<script type=\"application\/ld+json\" class=\"yoast-schema-graph\">{\"@context\":\"https:\/\/schema.org\",\"@graph\":[{\"@type\":\"WebPage\",\"@id\":\"https:\/\/old.saaremaazoo.ee\/en\/toode\/saaremaa-zoo-kaamel-kalle-kali\/\",\"url\":\"https:\/\/old.saaremaazoo.ee\/en\/toode\/saaremaa-zoo-kaamel-kalle-kali\/\",\"name\":\"Saaremaa Zoo Kaamel Kalle Kali - Saaremaa Zoo\",\"isPartOf\":{\"@id\":\"https:\/\/old.saaremaazoo.ee\/en\/#website\"},\"primaryImageOfPage\":{\"@id\":\"https:\/\/old.saaremaazoo.ee\/en\/toode\/saaremaa-zoo-kaamel-kalle-kali\/#primaryimage\"},\"image\":{\"@id\":\"https:\/\/old.saaremaazoo.ee\/en\/toode\/saaremaa-zoo-kaamel-kalle-kali\/#primaryimage\"},\"thumbnailUrl\":\"https:\/\/old.saaremaazoo.ee\/wp-content\/uploads\/2024\/12\/kaameli_kalle_kavand-2.jpg\",\"datePublished\":\"2024-12-13T19:53:45+00:00\",\"dateModified\":\"2024-12-13T20:01:39+00:00\",\"description\":\"Naudi Saaremaa Loomaaia Kaamel Kalle Kalja! Traditsiooniline kaljajook, mis on inspireeritud loomaaiast ja toetab loodusharidust.\",\"breadcrumb\":{\"@id\":\"https:\/\/old.saaremaazoo.ee\/en\/toode\/saaremaa-zoo-kaamel-kalle-kali\/#breadcrumb\"},\"inLanguage\":\"en-US\",\"potentialAction\":[{\"@type\":\"ReadAction\",\"target\":[\"https:\/\/old.saaremaazoo.ee\/en\/toode\/saaremaa-zoo-kaamel-kalle-kali\/\"]}]},{\"@type\":\"ImageObject\",\"inLanguage\":\"en-US\",\"@id\":\"https:\/\/old.saaremaazoo.ee\/en\/toode\/saaremaa-zoo-kaamel-kalle-kali\/#primaryimage\",\"url\":\"https:\/\/old.saaremaazoo.ee\/wp-content\/uploads\/2024\/12\/kaameli_kalle_kavand-2.jpg\",\"contentUrl\":\"https:\/\/old.saaremaazoo.ee\/wp-content\/uploads\/2024\/12\/kaameli_kalle_kavand-2.jpg\",\"width\":1200,\"height\":1166},{\"@type\":\"BreadcrumbList\",\"@id\":\"https:\/\/old.saaremaazoo.ee\/en\/toode\/saaremaa-zoo-kaamel-kalle-kali\/#breadcrumb\",\"itemListElement\":[{\"@type\":\"ListItem\",\"position\":1,\"name\":\"Saaremaa loomaaed\",\"item\":\"https:\/\/old.saaremaazoo.ee\/en\/\"},{\"@type\":\"ListItem\",\"position\":2,\"name\":\"Shop\",\"item\":\"https:\/\/old.saaremaazoo.ee\/en\/shop-2\/\"},{\"@type\":\"ListItem\",\"position\":3,\"name\":\"Saaremaa Zoo Kaamel Kalle Kali\"}]},{\"@type\":\"WebSite\",\"@id\":\"https:\/\/old.saaremaazoo.ee\/en\/#website\",\"url\":\"https:\/\/old.saaremaazoo.ee\/en\/\",\"name\":\"Saaremaa Zoo\",\"description\":\"Esimene Saaremaa Loomaaed\",\"publisher\":{\"@id\":\"https:\/\/old.saaremaazoo.ee\/en\/#organization\"},\"potentialAction\":[{\"@type\":\"SearchAction\",\"target\":{\"@type\":\"EntryPoint\",\"urlTemplate\":\"https:\/\/old.saaremaazoo.ee\/en\/?s={search_term_string}\"},\"query-input\":{\"@type\":\"PropertyValueSpecification\",\"valueRequired\":true,\"valueName\":\"search_term_string\"}}],\"inLanguage\":\"en-US\"},{\"@type\":\"Organization\",\"@id\":\"https:\/\/old.saaremaazoo.ee\/en\/#organization\",\"name\":\"Saaremaa Loomaaed\",\"alternateName\":\"Saaremaa Zoo\",\"url\":\"https:\/\/old.saaremaazoo.ee\/en\/\",\"logo\":{\"@type\":\"ImageObject\",\"inLanguage\":\"en-US\",\"@id\":\"https:\/\/old.saaremaazoo.ee\/en\/#\/schema\/logo\/image\/\",\"url\":\"https:\/\/old.saaremaazoo.ee\/wp-content\/uploads\/2024\/11\/cropped-saaremaazoo_magnet_leemur__1__page-0001-removebg-preview.png\",\"contentUrl\":\"https:\/\/old.saaremaazoo.ee\/wp-content\/uploads\/2024\/11\/cropped-saaremaazoo_magnet_leemur__1__page-0001-removebg-preview.png\",\"width\":467,\"height\":325,\"caption\":\"Saaremaa Loomaaed\"},\"image\":{\"@id\":\"https:\/\/old.saaremaazoo.ee\/en\/#\/schema\/logo\/image\/\"},\"sameAs\":[\"https:\/\/www.facebook.com\/saaremaazoo\",\"https:\/\/www.instagram.com\/saaremaazoo\/\"]}]}<\/script>\n<!-- \/ Yoast SEO plugin. -->","yoast_head_json":{"title":"Saaremaa Zoo Kaamel Kalle Kali - Saaremaa Zoo","description":"Naudi Saaremaa Loomaaia Kaamel Kalle Kalja! Traditsiooniline kaljajook, mis on inspireeritud loomaaiast ja toetab loodusharidust.","robots":{"index":"noindex","follow":"follow","max-snippet":"max-snippet:-1","max-image-preview":"max-image-preview:large","max-video-preview":"max-video-preview:-1"},"og_locale":"en_US","og_type":"article","og_title":"Saaremaa Zoo Kaamel Kalle Kali - Saaremaa Zoo","og_description":"Naudi Saaremaa Loomaaia Kaamel Kalle Kalja! Traditsiooniline kaljajook, mis on inspireeritud loomaaiast ja toetab loodusharidust.","og_url":"https:\/\/old.saaremaazoo.ee\/en\/toode\/saaremaa-zoo-kaamel-kalle-kali\/","og_site_name":"Saaremaa Zoo","article_publisher":"https:\/\/www.facebook.com\/saaremaazoo","article_modified_time":"2024-12-13T20:01:39+00:00","og_image":[{"width":1200,"height":1166,"url":"https:\/\/old.saaremaazoo.ee\/wp-content\/uploads\/2024\/12\/kaameli_kalle_kavand-2.jpg","type":"image\/jpeg"}],"twitter_card":"summary_large_image","twitter_misc":{"Est. reading time":"2 minutes"},"schema":{"@context":"https:\/\/schema.org","@graph":[{"@type":"WebPage","@id":"https:\/\/old.saaremaazoo.ee\/en\/toode\/saaremaa-zoo-kaamel-kalle-kali\/","url":"https:\/\/old.saaremaazoo.ee\/en\/toode\/saaremaa-zoo-kaamel-kalle-kali\/","name":"Saaremaa Zoo Kaamel Kalle Kali - Saaremaa Zoo","isPartOf":{"@id":"https:\/\/old.saaremaazoo.ee\/en\/#website"},"primaryImageOfPage":{"@id":"https:\/\/old.saaremaazoo.ee\/en\/toode\/saaremaa-zoo-kaamel-kalle-kali\/#primaryimage"},"image":{"@id":"https:\/\/old.saaremaazoo.ee\/en\/toode\/saaremaa-zoo-kaamel-kalle-kali\/#primaryimage"},"thumbnailUrl":"https:\/\/old.saaremaazoo.ee\/wp-content\/uploads\/2024\/12\/kaameli_kalle_kavand-2.jpg","datePublished":"2024-12-13T19:53:45+00:00","dateModified":"2024-12-13T20:01:39+00:00","description":"Naudi Saaremaa Loomaaia Kaamel Kalle Kalja! Traditsiooniline kaljajook, mis on inspireeritud loomaaiast ja toetab loodusharidust.","breadcrumb":{"@id":"https:\/\/old.saaremaazoo.ee\/en\/toode\/saaremaa-zoo-kaamel-kalle-kali\/#breadcrumb"},"inLanguage":"en-US","potentialAction":[{"@type":"ReadAction","target":["https:\/\/old.saaremaazoo.ee\/en\/toode\/saaremaa-zoo-kaamel-kalle-kali\/"]}]},{"@type":"ImageObject","inLanguage":"en-US","@id":"https:\/\/old.saaremaazoo.ee\/en\/toode\/saaremaa-zoo-kaamel-kalle-kali\/#primaryimage","url":"https:\/\/old.saaremaazoo.ee\/wp-content\/uploads\/2024\/12\/kaameli_kalle_kavand-2.jpg","contentUrl":"https:\/\/old.saaremaazoo.ee\/wp-content\/uploads\/2024\/12\/kaameli_kalle_kavand-2.jpg","width":1200,"height":1166},{"@type":"BreadcrumbList","@id":"https:\/\/old.saaremaazoo.ee\/en\/toode\/saaremaa-zoo-kaamel-kalle-kali\/#breadcrumb","itemListElement":[{"@type":"ListItem","position":1,"name":"Saaremaa loomaaed","item":"https:\/\/old.saaremaazoo.ee\/en\/"},{"@type":"ListItem","position":2,"name":"Shop","item":"https:\/\/old.saaremaazoo.ee\/en\/shop-2\/"},{"@type":"ListItem","position":3,"name":"Saaremaa Zoo Kaamel Kalle Kali"}]},{"@type":"WebSite","@id":"https:\/\/old.saaremaazoo.ee\/en\/#website","url":"https:\/\/old.saaremaazoo.ee\/en\/","name":"Saaremaa Zoo","description":"Esimene Saaremaa Loomaaed","publisher":{"@id":"https:\/\/old.saaremaazoo.ee\/en\/#organization"},"potentialAction":[{"@type":"SearchAction","target":{"@type":"EntryPoint","urlTemplate":"https:\/\/old.saaremaazoo.ee\/en\/?s={search_term_string}"},"query-input":{"@type":"PropertyValueSpecification","valueRequired":true,"valueName":"search_term_string"}}],"inLanguage":"en-US"},{"@type":"Organization","@id":"https:\/\/old.saaremaazoo.ee\/en\/#organization","name":"Saaremaa Loomaaed","alternateName":"Saaremaa Zoo","url":"https:\/\/old.saaremaazoo.ee\/en\/","logo":{"@type":"ImageObject","inLanguage":"en-US","@id":"https:\/\/old.saaremaazoo.ee\/en\/#\/schema\/logo\/image\/","url":"https:\/\/old.saaremaazoo.ee\/wp-content\/uploads\/2024\/11\/cropped-saaremaazoo_magnet_leemur__1__page-0001-removebg-preview.png","contentUrl":"https:\/\/old.saaremaazoo.ee\/wp-content\/uploads\/2024\/11\/cropped-saaremaazoo_magnet_leemur__1__page-0001-removebg-preview.png","width":467,"height":325,"caption":"Saaremaa Loomaaed"},"image":{"@id":"https:\/\/old.saaremaazoo.ee\/en\/#\/schema\/logo\/image\/"},"sameAs":["https:\/\/www.facebook.com\/saaremaazoo","https:\/\/www.instagram.com\/saaremaazoo\/"]}]}},"_links":{"self":[{"href":"https:\/\/old.saaremaazoo.ee\/en\/wp-json\/wp\/v2\/product\/4469","targetHints":{"allow":["GET"]}}],"collection":[{"href":"https:\/\/old.saaremaazoo.ee\/en\/wp-json\/wp\/v2\/product"}],"about":[{"href":"https:\/\/old.saaremaazoo.ee\/en\/wp-json\/wp\/v2\/types\/product"}],"replies":[{"embeddable":true,"href":"https:\/\/old.saaremaazoo.ee\/en\/wp-json\/wp\/v2\/comments?post=4469"}],"version-history":[{"count":2,"href":"https:\/\/old.saaremaazoo.ee\/en\/wp-json\/wp\/v2\/product\/4469\/revisions"}],"predecessor-version":[{"id":4498,"href":"https:\/\/old.saaremaazoo.ee\/en\/wp-json\/wp\/v2\/product\/4469\/revisions\/4498"}],"wp:featuredmedia":[{"embeddable":true,"href":"https:\/\/old.saaremaazoo.ee\/en\/wp-json\/wp\/v2\/media\/4470"}],"wp:attachment":[{"href":"https:\/\/old.saaremaazoo.ee\/en\/wp-json\/wp\/v2\/media?parent=4469"}],"wp:term":[{"taxonomy":"product_cat","embeddable":true,"href":"https:\/\/old.saaremaazoo.ee\/en\/wp-json\/wp\/v2\/product_cat?post=4469"},{"taxonomy":"product_tag","embeddable":true,"href":"https:\/\/old.saaremaazoo.ee\/en\/wp-json\/wp\/v2\/product_tag?post=4469"}],"curies":[{"name":"wp","href":"https:\/\/api.w.org\/{rel}","templated":true}]}}